{"id":17197,"date":"2021-08-21T00:02:09","date_gmt":"2021-08-20T22:02:09","guid":{"rendered":"https:\/\/madelinefashion.pl\/?post_type=product&#038;p=17197"},"modified":"2026-04-18T11:51:19","modified_gmt":"2026-04-18T09:51:19","slug":"plaszcz-alpaka-next-ecru","status":"publish","type":"product","link":"https:\/\/madelinefashion.pl\/en\/product\/plaszcz-alpaka-next-ecru\/","title":{"rendered":"Alpaka Next Ecru coat"},"content":{"rendered":"<h2 style=\"text-align: center;\">Alpaka Next Ecru coat<\/h2>\n<p style=\"text-align: center;\"><strong>Alpaka Next coat <\/strong>fastened with hidden press studs is real <strong>season hit<\/strong>. A blend of elegance, modernity, and functionality, this beige coat complements any silhouette and style. Made from a very fashionable and incredibly comfortable alpaca fabric, it&#039;s warm and perfect for spring and fall. Its oversized, loose fit complements elegant, casual, and sporty outfits. The hooded coat has side pockets. <strong>The coat is perfect for any occasion.<\/strong> The alpaca has a NEXT badge on the hood. In our online store you will find a large selection of coats for unbeatable prices <strong>low price<\/strong>. Suitable for any style, for everyday wear, but thanks to the right accessories, you can also create an original outfit for the evening<strong>an omantic walk and a business trip<\/strong>. The model is suitable for ladies wearing size <strong>SML XL<\/strong><strong> and XXL\u00a0<\/strong><\/p>\n<h2 style=\"text-align: center;\">Coat dimensions:<\/h2>\n<ul style=\"text-align: center;\">\n<li>Total length front: 82 cm<\/li>\n<li>Total length back: 84 cm<\/li>\n<li>Width from armpit to armpit: 64-69 cm<\/li>\n<li>Max bust circumference: 125 cm<\/li>\n<li>Sleeve length from the armpit 45 cm<\/li>\n<li>Sleeve length from the shoulder 60 cm<br \/>\nHip width: 65 cm<\/li>\n<\/ul>\n<p style=\"text-align: center;\">Dimensions may slightly differ from the given +\/- 2cm. All dimensions given are measured flat.<\/p>\n<p style=\"text-align: center;\"><strong>\u00a0<\/strong><\/p>\n<table width=\"499\">\n<tbody>\n<tr>\n<td width=\"302\">Model name<\/td>\n<td width=\"302\">Alpaka Next coat<\/td>\n<\/tr>\n<tr>\n<td width=\"302\">Color<\/td>\n<td width=\"302\">Ecru<\/td>\n<\/tr>\n<tr>\n<td width=\"302\">Collection<\/td>\n<td width=\"302\">Spring \/ Autumn \/ Winter<\/td>\n<\/tr>\n<tr>\n<td width=\"302\">Sizes<\/td>\n<td width=\"302\">Universal<\/td>\n<\/tr>\n<tr>\n<td width=\"302\">Fashion<\/td>\n<td width=\"302\">Oversize<\/td>\n<\/tr>\n<tr>\n<td width=\"302\">Hood<\/td>\n<td width=\"302\">Yes<\/td>\n<\/tr>\n<tr>\n<td width=\"302\">Fastening<\/td>\n<td width=\"302\">Snaps x3<\/td>\n<\/tr>\n<tr>\n<td width=\"302\">Material<\/td>\n<td width=\"302\">Alpaca<\/td>\n<\/tr>\n<\/tbody>\n<\/table>\n<p style=\"text-align: center;\">\u00a0The model has\u00a0<strong>169<\/strong>\u00a0cm tall, wears a size every day\u00a0<strong>S.<\/strong><\/p>\n<p style=\"text-align: center;\">The width at the bust is 92 cm<\/p>\n<p style=\"text-align: center;\">Waist width 62 cm<\/p>\n<p style=\"text-align: center;\">The width at the hips is 94 cm<\/p>","protected":false},"excerpt":{"rendered":"<p>P\u0142aszcz Alpaka Next Ecru P\u0142aszcz Alpaka Next zapinany na ukryte napy to prawdziwy hit sezonu. Jest to po\u0142\u0105czenie elegancji, nowoczesno\u015bci i funkcjonalno\u015bci \u2013 Be\u017cowy\u00a0 p\u0142aszczyk wpisuje si\u0119 w ka\u017cd\u0105 sylwetk\u0119 i stylizacj\u0119. Wykonany z bardzo modnego i niezwykle przyjemnego materia\u0142u &#8211; &#8222;alpaka&#8221; . Ciep\u0142y, idealny na wiosn\u0119 i jesie\u0144. Oversizeowy, lu\u017any kr\u00f3j pasuj\u0105cy do eleganckiej,<\/p>\n<div class=\"klb-readmore post-buttons\"><a class=\"button black outline size-sm\" href=\"https:\/\/madelinefashion.pl\/en\/product\/plaszcz-alpaka-next-ecru\/\">Read More <i class=\"klbth-icon-right-arrow\"><\/i><\/a><\/div>","protected":false},"featured_media":32772,"template":"","meta":[],"product_brand":[],"product_cat":[120,395,279],"product_tag":[284],"class_list":{"0":"post-17197","1":"product","2":"type-product","3":"status-publish","4":"has-post-thumbnail","6":"product_cat-plaszcze-dlugie","7":"product_cat-nowosci","8":"product_cat-plaszcze-wiosenne","9":"product_tag-alpaka","10":"pa_rozmiar-l","11":"pa_rozmiar-xl","12":"pa_rozmiar-s","13":"pa_rozmiar-m","15":"first","16":"instock","17":"sale","18":"purchasable","19":"product-type-simple"},"_links":{"self":[{"href":"https:\/\/madelinefashion.pl\/en\/wp-json\/wp\/v2\/product\/17197","targetHints":{"allow":["GET"]}}],"collection":[{"href":"https:\/\/madelinefashion.pl\/en\/wp-json\/wp\/v2\/product"}],"about":[{"href":"https:\/\/madelinefashion.pl\/en\/wp-json\/wp\/v2\/types\/product"}],"wp:featuredmedia":[{"embeddable":true,"href":"https:\/\/madelinefashion.pl\/en\/wp-json\/wp\/v2\/media\/32772"}],"wp:attachment":[{"href":"https:\/\/madelinefashion.pl\/en\/wp-json\/wp\/v2\/media?parent=17197"}],"wp:term":[{"taxonomy":"product_brand","embeddable":true,"href":"https:\/\/madelinefashion.pl\/en\/wp-json\/wp\/v2\/product_brand?post=17197"},{"taxonomy":"product_cat","embeddable":true,"href":"https:\/\/madelinefashion.pl\/en\/wp-json\/wp\/v2\/product_cat?post=17197"},{"taxonomy":"product_tag","embeddable":true,"href":"https:\/\/madelinefashion.pl\/en\/wp-json\/wp\/v2\/product_tag?post=17197"}],"curies":[{"name":"wp","href":"https:\/\/api.w.org\/{rel}","templated":true}]}}