{"id":18368,"date":"2021-09-07T22:08:43","date_gmt":"2021-09-07T20:08:43","guid":{"rendered":"https:\/\/madelinefashion.pl\/?post_type=product&#038;p=18368"},"modified":"2026-03-19T17:05:44","modified_gmt":"2026-03-19T16:05:44","slug":"kurtka-alpaka-krotka-next-karmelowa","status":"publish","type":"product","link":"https:\/\/madelinefashion.pl\/en\/product\/kurtka-alpaka-krotka-next-karmelowa\/","title":{"rendered":"Alpaca Jacket Short Next Caramel"},"content":{"rendered":"<h3 style=\"text-align: center;\">Alpaca Jacket Short Next Caramel<\/h3>\n<p style=\"text-align: center;\"><strong>Alpaca Jacket Short Next <\/strong>fastened with hidden press studs is real <strong>season hit<\/strong>. It is a combination of elegance, modernity and functionality - <strong>Our alpaca jacket<\/strong> It complements every silhouette and style. Made from a very fashionable and incredibly comfortable alpaca fabric. Warm, perfect for spring and fall. The oversized, loose cut suits elegant, casual, and sporty outfits. The hooded cardigan has pockets. . <strong>Cardigan perfect for any occasion.<\/strong> They add an amazing effect\u00a0<strong>side pockets with trim.<\/strong>\u00a0Perfect as\u00a0<strong>outerwear on cooler days.<\/strong>\u00a0Is\u00a0<strong>very flexible.\u00a0<\/strong>. In our online store you will find a large selection of coats to be unbeatable <strong>low price<\/strong>. Suitable for any style, for everyday wear, but thanks to the right accessories, you can also create an original outfit for the evening<strong>an omantic walk and a business trip<\/strong>. The model is suitable for ladies wearing size <strong>SML XL and XXL<\/strong><\/p>\n<h3 style=\"text-align: center;\">Coat dimensions:<\/h3>\n<ul style=\"text-align: center;\">\n<li>Overall length: 60 cm<\/li>\n<li>Width from armpit to armpit: 58-60 cm x2<\/li>\n<li>Max bust circumference: 120 cm<\/li>\n<li>Sleeve length from armpit 39 cm<\/li>\n<li>Sleeve length from shoulder 43 cm<br \/>\nBottom width: 37 - 44 cm x2<\/li>\n<\/ul>\n<p style=\"text-align: center;\">Dimensions may slightly differ from the given +\/- 2cm. All dimensions given are measured flat.<\/p>\n<p style=\"text-align: center;\"><strong>\u00a0<\/strong><\/p>\n<table width=\"499\">\n<tbody>\n<tr>\n<td width=\"302\">Model name<\/td>\n<td width=\"302\">Alpaka Next jacket<\/td>\n<\/tr>\n<tr>\n<td width=\"302\">Color<\/td>\n<td width=\"302\">caramel<\/td>\n<\/tr>\n<tr>\n<td width=\"302\">Collection<\/td>\n<td width=\"302\">Spring \/ Autumn \/ Winter<\/td>\n<\/tr>\n<tr>\n<td width=\"302\">Sizes<\/td>\n<td width=\"302\">Universal<\/td>\n<\/tr>\n<tr>\n<td width=\"302\">Fashion<\/td>\n<td width=\"302\">Oversize<\/td>\n<\/tr>\n<tr>\n<td width=\"302\">Hood<\/td>\n<td width=\"302\">Yes<\/td>\n<\/tr>\n<tr>\n<td width=\"302\">Fastening<\/td>\n<td width=\"302\">Snaps x3<\/td>\n<\/tr>\n<tr>\n<td width=\"302\">Material<\/td>\n<td width=\"302\">Alpaca<\/td>\n<\/tr>\n<\/tbody>\n<\/table>\n<p style=\"text-align: center;\">The model has\u00a0<strong>165<\/strong>\u00a0cm tall, he wears it every day\u00a0<strong>size S.<\/strong><\/p>","protected":false},"excerpt":{"rendered":"<p>Kurtka Alpaka Kr\u00f3tka Next Karmelowa Kurtka Alpaka Kr\u00f3tka Next zapinana na ukryte napy to prawdziwy hit sezonu. Jest to po\u0142\u0105czenie elegancji, nowoczesno\u015bci i funkcjonalno\u015bci \u2013 Nasza kurtka z Alpaki wpisuje si\u0119 w ka\u017cd\u0105 sylwetk\u0119 i stylizacj\u0119. Wykonany z bardzo modnego i niezwykle przyjemnego materia\u0142u &#8211; &#8222;alpaka&#8221; . Ciep\u0142y, idealny na wiosn\u0119 i jesie\u0144. Oversizeowy, lu\u017any<\/p>\n<div class=\"klb-readmore post-buttons\"><a class=\"button black outline size-sm\" href=\"https:\/\/madelinefashion.pl\/en\/product\/kurtka-alpaka-krotka-next-karmelowa\/\">Read More <i class=\"klbth-icon-right-arrow\"><\/i><\/a><\/div>","protected":false},"featured_media":36621,"template":"","meta":[],"product_brand":[],"product_cat":[119,117,395,279],"product_tag":[284],"class_list":{"0":"post-18368","1":"product","2":"type-product","3":"status-publish","4":"has-post-thumbnail","6":"product_cat-plaszcze-krotkie","7":"product_cat-kurtki","8":"product_cat-nowosci","9":"product_cat-plaszcze-wiosenne","10":"product_tag-alpaka","11":"pa_rozmiar-s","12":"pa_rozmiar-m","13":"pa_rozmiar-l","14":"pa_rozmiar-xl","16":"first","17":"instock","18":"sale","19":"purchasable","20":"product-type-simple"},"_links":{"self":[{"href":"https:\/\/madelinefashion.pl\/en\/wp-json\/wp\/v2\/product\/18368","targetHints":{"allow":["GET"]}}],"collection":[{"href":"https:\/\/madelinefashion.pl\/en\/wp-json\/wp\/v2\/product"}],"about":[{"href":"https:\/\/madelinefashion.pl\/en\/wp-json\/wp\/v2\/types\/product"}],"wp:featuredmedia":[{"embeddable":true,"href":"https:\/\/madelinefashion.pl\/en\/wp-json\/wp\/v2\/media\/36621"}],"wp:attachment":[{"href":"https:\/\/madelinefashion.pl\/en\/wp-json\/wp\/v2\/media?parent=18368"}],"wp:term":[{"taxonomy":"product_brand","embeddable":true,"href":"https:\/\/madelinefashion.pl\/en\/wp-json\/wp\/v2\/product_brand?post=18368"},{"taxonomy":"product_cat","embeddable":true,"href":"https:\/\/madelinefashion.pl\/en\/wp-json\/wp\/v2\/product_cat?post=18368"},{"taxonomy":"product_tag","embeddable":true,"href":"https:\/\/madelinefashion.pl\/en\/wp-json\/wp\/v2\/product_tag?post=18368"}],"curies":[{"name":"wp","href":"https:\/\/api.w.org\/{rel}","templated":true}]}}