{"id":18799,"date":"2021-09-12T22:07:30","date_gmt":"2021-09-12T20:07:30","guid":{"rendered":"https:\/\/madelinefashion.pl\/?post_type=product&#038;p=18799"},"modified":"2026-02-20T14:58:56","modified_gmt":"2026-02-20T13:58:56","slug":"kardigan-z-fredzlami-dorothy-czarny","status":"publish","type":"product","link":"https:\/\/madelinefashion.pl\/en\/product\/kardigan-z-fredzlami-dorothy-czarny\/","title":{"rendered":"Cardigan with Fringes Dorothy Black"},"content":{"rendered":"<h3 style=\"text-align: center;\">Cardigan with Fringes Dorothy Black<\/h3>\n<p style=\"text-align: center;\"><strong>Cardigan with fringes <\/strong>is a perfect model for fall and spring and cooler summer days. The cardigan has decorative fringes, made of very <strong>nice-to-touch material<\/strong>. Fashionable, looser cut will make you feel very comfortable in it. <strong>Very warm and pleasant to the touch. It will add originality to each of your stylizations! <\/strong>Each of us should have such a sweater in our wardrobe. Classic cut, unique in casual style. Superb quality at the best price! European product, very good quality of the material. Perfectly fits the figure.<strong>\u00a0<\/strong>Perfect for school, work, on a date or meeting with friends! Recommended for ladies in size SML XL when wearing a larger size, please see the table below.<\/p>\n<p>&nbsp;<\/p>\n<h3 style=\"text-align: center;\">\u00a0 \u00a0 \u00a0 \u00a0Dimensions<\/h3>\n<ul>\n<li style=\"text-align: center;\">overall length: 55 cm<\/li>\n<li style=\"text-align: center;\">\u00a0width from armpit to armpit: 56 cm -74 cm<\/li>\n<li style=\"text-align: center;\">sleeve length from the shoulder: 67 cm<\/li>\n<li style=\"text-align: center;\">sleeve length from armpit: 47 cm<\/li>\n<li style=\"text-align: center;\"><\/li>\n<li><\/li>\n<li style=\"text-align: center;\">Dimensions may slightly differ from the given +\/- 2cm. All dimensions given are measured flat. <strong>X2 dimension<\/strong><\/li>\n<\/ul>\n<table>\n<tbody>\n<tr>\n<td width=\"302\">Model name<\/td>\n<td width=\"302\">Dorothy Fringed Cardigan<\/td>\n<\/tr>\n<tr>\n<td width=\"302\">Color<\/td>\n<td width=\"302\">Black<\/td>\n<\/tr>\n<tr>\n<td width=\"302\">Sizes<\/td>\n<td width=\"302\">Universal<\/td>\n<\/tr>\n<tr>\n<td width=\"302\">Type<\/td>\n<td width=\"302\">Oversize<\/td>\n<\/tr>\n<tr>\n<td width=\"302\">Material<\/td>\n<td width=\"302\">100 % Acrylic<\/td>\n<\/tr>\n<\/tbody>\n<\/table>\n<div class=\"tabs tabs-bb clear mb-80\">\n<div class=\"tab-content\">\n<div id=\"tab-description\" class=\"tab-pane fade in woocommerce-Tabs-panel--description active\">\n<p style=\"text-align: center;\">The model has\u00a0<strong>169<\/strong>\u00a0cm tall, wears a size every day\u00a0<strong>S.<\/strong><\/p>\n<p style=\"text-align: center;\">Bust width 91 cm<\/p>\n<p style=\"text-align: center;\">Waist width 71 cm<\/p>\n<p style=\"text-align: center;\">Hip width 96 cm<\/p>\n<\/div>\n<\/div>\n<\/div>\n<section class=\"up-sells upsells products mb-80\"><\/section>\n<p style=\"text-align: center;\">","protected":false},"excerpt":{"rendered":"<p>Kardigan z Fr\u0119dzlami Dorothy Czarny Kardigan z fr\u0119dzlami to model idealny na jesie\u0144 i wiosn\u0119 oraz ch\u0142odniejsze letnie dni. Kardigan posiada ozdobne fr\u0119dzle, wykonany z bardzo mi\u0142ego w dotyku materia\u0142u. Modny, lu\u017aniejszy fason sprawia, \u017ce b\u0119dziesz si\u0119 w nim czu\u0142a bardzo komfortowo. Bardzo ciep\u0142y i mi\u0142y w dotyku. Doda oryginalno\u015bci ka\u017cdej Twojej stylizacji! Taki sweterek<\/p>\n<div class=\"klb-readmore post-buttons\"><a class=\"button black outline size-sm\" href=\"https:\/\/madelinefashion.pl\/en\/product\/kardigan-z-fredzlami-dorothy-czarny\/\">Read More <i class=\"klbth-icon-right-arrow\"><\/i><\/a><\/div>","protected":false},"featured_media":582381,"template":"","meta":[],"product_brand":[],"product_cat":[91],"product_tag":[],"class_list":{"0":"post-18799","1":"product","2":"type-product","3":"status-publish","4":"has-post-thumbnail","6":"product_cat-kardigany-damskie","8":"first","9":"instock","10":"purchasable","11":"product-type-simple"},"_links":{"self":[{"href":"https:\/\/madelinefashion.pl\/en\/wp-json\/wp\/v2\/product\/18799","targetHints":{"allow":["GET"]}}],"collection":[{"href":"https:\/\/madelinefashion.pl\/en\/wp-json\/wp\/v2\/product"}],"about":[{"href":"https:\/\/madelinefashion.pl\/en\/wp-json\/wp\/v2\/types\/product"}],"wp:featuredmedia":[{"embeddable":true,"href":"https:\/\/madelinefashion.pl\/en\/wp-json\/wp\/v2\/media\/582381"}],"wp:attachment":[{"href":"https:\/\/madelinefashion.pl\/en\/wp-json\/wp\/v2\/media?parent=18799"}],"wp:term":[{"taxonomy":"product_brand","embeddable":true,"href":"https:\/\/madelinefashion.pl\/en\/wp-json\/wp\/v2\/product_brand?post=18799"},{"taxonomy":"product_cat","embeddable":true,"href":"https:\/\/madelinefashion.pl\/en\/wp-json\/wp\/v2\/product_cat?post=18799"},{"taxonomy":"product_tag","embeddable":true,"href":"https:\/\/madelinefashion.pl\/en\/wp-json\/wp\/v2\/product_tag?post=18799"}],"curies":[{"name":"wp","href":"https:\/\/api.w.org\/{rel}","templated":true}]}}