{"id":1884,"date":"2020-05-04T19:53:37","date_gmt":"2020-05-04T19:53:37","guid":{"rendered":"http:\/\/serwer2078743.home.pl\/?post_type=product&#038;p=1884"},"modified":"2026-01-20T10:34:50","modified_gmt":"2026-01-20T09:34:50","slug":"tunika-perfect-czarna","status":"publish","type":"product","link":"https:\/\/madelinefashion.pl\/en\/product\/tunika-perfect-czarna\/","title":{"rendered":"Perfect Black Tunic"},"content":{"rendered":"<h2 style=\"text-align: center;\">Perfect Black Tunic<\/h2>\n<p style=\"text-align: center;\">Are you looking for a comfortable and <strong>stylish tunic<\/strong>which you can also wear as <a href=\"https:\/\/madelinefashion.pl\/en\/sukienki-i-kombinezony\/sukienki\/\" target=\"_blank\" rel=\"noopener\">dress<\/a>\u00a0or a tunic? Check ours\u00a0<strong>tunics <\/strong>! A light tunic will be perfect for every season. The tunic has a decorative inscription on the front:\u00a0<strong> I&#039;m not Perfect but, I&#039;m Limited Edition<\/strong>. Made of pleasant and light material. The classic cut will be perfect for school, work or everyday going out. The tunic at the front is covered with ala suede and has an opening on the sides. <strong>Black tunic<\/strong> is the perfect idea for a comfortable and fashionable styling. Recommended for women in size SML XL XXL. <strong>A flared tunic<\/strong><\/p>\n<h3 style=\"text-align: center;\">\u00a0 \u00a0 \u00a0 \u00a0Dimensions<\/h3>\n<ul style=\"text-align: center;\">\n<li style=\"list-style-type: none;\">\n<ul>\n<li>\u00a0\u00a0\u00a0\u00a0\u00a0\u00a0\u00a0 total length: 100 cm<\/li>\n<li>\u00a0\u00a0\u00a0\u00a0\u00a0\u00a0\u00a0 width from armpit to armpit: 57-62 cm<\/li>\n<li>\u00a0\u00a0\u00a0\u00a0\u00a0\u00a0\u00a0 sleeve length from shoulder: 61 cm<\/li>\n<li>\u00a0\u00a0\u00a0\u00a0\u00a0\u00a0\u00a0 sleeve length from armpit: 46 cm<\/li>\n<li>\u00a0\u00a0\u00a0\u00a0\u00a0\u00a0\u00a0 recommended maximum bust circumference: 122 cm<br \/>\nbottom width: 88 cm<\/li>\n<\/ul>\n<\/li>\n<\/ul>\n<p style=\"text-align: center;\">Dimensions may slightly differ from the given +\/- 2cm. All dimensions given are measured flat.<\/p>\n<table>\n<tbody>\n<tr>\n<td width=\"302\">Model name<\/td>\n<td width=\"302\">Perfect tunic<\/td>\n<\/tr>\n<tr>\n<td width=\"302\">Color<\/td>\n<td width=\"302\">Black<\/td>\n<\/tr>\n<tr>\n<td width=\"302\">Sizes<\/td>\n<td width=\"302\">Universal<\/td>\n<\/tr>\n<tr>\n<td width=\"302\">Fashion<\/td>\n<td width=\"302\">Oversize<\/td>\n<\/tr>\n<tr>\n<td width=\"302\">Material<\/td>\n<td width=\"302\">95 % Cotton 5% Elastane<\/td>\n<\/tr>\n<\/tbody>\n<\/table>\n<p>&nbsp;<\/p>\n<div class=\"tabs tabs-bb clear mb-80\">\n<div class=\"tab-content\">\n<div id=\"tab-description\" class=\"tab-pane fade in woocommerce-Tabs-panel--description active\">\n<p style=\"text-align: center;\">\u00a0The model has\u00a0<strong>175<\/strong>\u00a0cm tall, wears a size every day\u00a0<strong>S.<\/strong><\/p>\n<p>&nbsp;<\/p>\n<\/div>\n<\/div>\n<\/div>\n<section class=\"up-sells upsells products mb-80\"><\/section>\n<p style=\"text-align: center;\">","protected":false},"excerpt":{"rendered":"<p>Tunika Perfect Czarna Szukasz wygodnej i stylowej Tuniki, kt\u00f3r\u0105 mo\u017cesz nosi\u0107 r\u00f3wnie\u017c jako sukienk\u0119\u00a0lub tunik\u0119? Sprawd\u017a nasze\u00a0tuniki ! Lekka tunika sprawdzi si\u0119 idealnie na ka\u017cd\u0105 por\u0119 roku. Tunika z przodu posiada ozdobny napis:\u00a0 I&#8217;m not Perfect but, I&#8217;m Limited Edition. Wykonana z przyjemnego i lekkiego materia\u0142u. Klasyczny fason b\u0119dzie idealny do szko\u0142y, pracy czy te\u017c<\/p>\n<div class=\"klb-readmore post-buttons\"><a class=\"button black outline size-sm\" href=\"https:\/\/madelinefashion.pl\/en\/product\/tunika-perfect-czarna\/\">Read More <i class=\"klbth-icon-right-arrow\"><\/i><\/a><\/div>","protected":false},"featured_media":6386,"template":"","meta":[],"product_brand":[],"product_cat":[77,80],"product_tag":[296],"class_list":{"0":"post-1884","1":"product","2":"type-product","3":"status-publish","4":"has-post-thumbnail","6":"product_cat-bluzki","7":"product_cat-sukienki-i-kombinezony","8":"product_tag-tuniki","10":"first","11":"instock","12":"sale","13":"purchasable","14":"product-type-simple"},"_links":{"self":[{"href":"https:\/\/madelinefashion.pl\/en\/wp-json\/wp\/v2\/product\/1884","targetHints":{"allow":["GET"]}}],"collection":[{"href":"https:\/\/madelinefashion.pl\/en\/wp-json\/wp\/v2\/product"}],"about":[{"href":"https:\/\/madelinefashion.pl\/en\/wp-json\/wp\/v2\/types\/product"}],"wp:featuredmedia":[{"embeddable":true,"href":"https:\/\/madelinefashion.pl\/en\/wp-json\/wp\/v2\/media\/6386"}],"wp:attachment":[{"href":"https:\/\/madelinefashion.pl\/en\/wp-json\/wp\/v2\/media?parent=1884"}],"wp:term":[{"taxonomy":"product_brand","embeddable":true,"href":"https:\/\/madelinefashion.pl\/en\/wp-json\/wp\/v2\/product_brand?post=1884"},{"taxonomy":"product_cat","embeddable":true,"href":"https:\/\/madelinefashion.pl\/en\/wp-json\/wp\/v2\/product_cat?post=1884"},{"taxonomy":"product_tag","embeddable":true,"href":"https:\/\/madelinefashion.pl\/en\/wp-json\/wp\/v2\/product_tag?post=1884"}],"curies":[{"name":"wp","href":"https:\/\/api.w.org\/{rel}","templated":true}]}}