{"id":18970,"date":"2021-09-13T23:10:04","date_gmt":"2021-09-13T21:10:04","guid":{"rendered":"https:\/\/madelinefashion.pl\/?post_type=product&#038;p=18970"},"modified":"2026-01-20T10:34:17","modified_gmt":"2026-01-20T09:34:17","slug":"bluza-dluga-asweare-bezowa","status":"publish","type":"product","link":"https:\/\/madelinefashion.pl\/en\/product\/bluza-dluga-asweare-bezowa\/","title":{"rendered":"Asweare Long Sweatshirt Beige with Fur"},"content":{"rendered":"<h3 style=\"text-align: center;\">Asweare Long Sweatshirt Beige with Fur<\/h3>\n<p style=\"text-align: center;\"><strong>Asweare Long Sweatshirt Beige <\/strong>is the perfect model for walks, outings and long winter evenings at home. You can successfully dress it for everyday outings, work, family gatherings and meetings with friends. Our model z <strong>patches<\/strong> and <strong>decorative tape <\/strong>she is very feminine and cute. Certainly, it will add a timeless character to your styling. Convenient <strong>hood with fur<\/strong> will protect you on windy days. The sweatshirt is made of a very soft and pleasant to the touch fabric - <strong>a bow<\/strong>. Functional cut, zippered with pockets at the front. A warm sweatshirt - it will surely delight you. Sweatshirt it<strong> indispensable element<\/strong> women&#039;s wardrobe. Our model fits perfectly <a href=\"https:\/\/madelinefashion.pl\/en\/spodnie\/\">jeans <\/a>.\u00a0<strong>The best-selling model<\/strong> suitable for both sports and casual stylizations, and the latest trend is simply a combination of both styles - sporty and elegant. Get inspired by the costumes of bloggers or celebrities - Complete Your Wardrobe with Oversize Sweatshirt. The size is universal and will be suitable for <b>Ladies in sizes S, M, L, XL, XXL\u00a0<\/b><\/p>\n<h3 style=\"text-align: center;\">Characteristics:<\/h3>\n<p style=\"text-align: center;\">- Hoodie<br \/>\n- warm and soft, perfect for cold spring and winter days<br \/>\n- fastened with a zipper<\/p>\n<h3 style=\"text-align: center;\">Dimensions:<\/h3>\n<ul style=\"text-align: center;\">\n<li>Total length front: 90 cm (to the end of the zipper 65 cm)<\/li>\n<li>Underarm width: 73 cm x2<\/li>\n<li>Sleeve length from the shoulder: 60 cm<\/li>\n<li>Sleeve length from armpit: 40 cm<\/li>\n<li>\u00a0Waist width: 63 cm x2\n<ul>\n<li style=\"list-style-type: none;\"><\/li>\n<\/ul>\n<\/li>\n<\/ul>\n<p style=\"text-align: center;\">Dimensions may slightly differ from the given +\/- 2cm. All dimensions given are measured flat. X2 dimension<\/p>\n<p style=\"text-align: center;\"><span style=\"font-size: 10pt;\">\u00a0<\/span><\/p>\n<p style=\"text-align: center;\"><span style=\"font-size: 10pt;\">\u00a0<\/span><\/p>\n<table width=\"608\">\n<tbody>\n<tr>\n<td width=\"302\">Model name<\/td>\n<td width=\"302\">Asweare Long Sweatshirt with Fur<\/td>\n<\/tr>\n<tr>\n<td width=\"302\">Color<\/td>\n<td width=\"302\">Beige<\/td>\n<\/tr>\n<tr>\n<td width=\"302\">Sizes<\/td>\n<td width=\"302\">Universal<\/td>\n<\/tr>\n<tr>\n<td width=\"302\">Fashion<\/td>\n<td width=\"302\">Oversize<\/td>\n<\/tr>\n<tr>\n<td width=\"302\">Material<\/td>\n<td width=\"302\">Cotton 95%, Elastane 5%<\/td>\n<\/tr>\n<\/tbody>\n<\/table>\n<p style=\"text-align: center;\"><span style=\"font-size: 10pt;\">\u00a0<\/span><\/p>\n<div class=\"tabs tabs-bb clear mb-80\">\n<div class=\"tab-content\">\n<div id=\"tab-description\" class=\"tab-pane fade in woocommerce-Tabs-panel--description active\">\n<p style=\"text-align: center;\">The model has\u00a0<strong>169<\/strong>\u00a0cm tall, wears a size every day\u00a0<strong>S.<\/strong><\/p>\n<p style=\"text-align: center;\">The width at the bust is 92 cm<\/p>\n<p style=\"text-align: center;\">Waist width 62 cm<\/p>\n<p style=\"text-align: center;\">The width at the hips is 94 cm<\/p>\n<\/div>\n<\/div>\n<\/div>","protected":false},"excerpt":{"rendered":"<p>Bluza D\u0142uga Asweare Be\u017cowa z Futerkiem Bluza D\u0142uga Asweare Be\u017cowa to idealny model na spacery, wyj\u015bcia jak i d\u0142ugie zimowe wieczory w domu. Z powodzeniem mo\u017cesz j\u0105 ubra\u0107 na codzienne wyj\u015bcia, do pracy, spotkanie rodzinne i spotkania z przyjaci\u00f3\u0142mi.\u00a0 Nasz model z naszywkami oraz ozdobn\u0105 ta\u015bm\u0105 jest bardzo kobiecy i uroczy. Z pewno\u015bci doda Twojej<\/p>\n<div class=\"klb-readmore post-buttons\"><a class=\"button black outline size-sm\" href=\"https:\/\/madelinefashion.pl\/en\/product\/bluza-dluga-asweare-bezowa\/\">Read More <i class=\"klbth-icon-right-arrow\"><\/i><\/a><\/div>","protected":false},"featured_media":59515,"template":"","meta":[],"product_brand":[],"product_cat":[255],"product_tag":[385],"class_list":{"0":"post-18970","1":"product","2":"type-product","3":"status-publish","4":"has-post-thumbnail","6":"product_cat-bluzy","7":"product_tag-plus-size","9":"first","10":"instock","11":"sale","12":"purchasable","13":"product-type-simple"},"_links":{"self":[{"href":"https:\/\/madelinefashion.pl\/en\/wp-json\/wp\/v2\/product\/18970","targetHints":{"allow":["GET"]}}],"collection":[{"href":"https:\/\/madelinefashion.pl\/en\/wp-json\/wp\/v2\/product"}],"about":[{"href":"https:\/\/madelinefashion.pl\/en\/wp-json\/wp\/v2\/types\/product"}],"wp:featuredmedia":[{"embeddable":true,"href":"https:\/\/madelinefashion.pl\/en\/wp-json\/wp\/v2\/media\/59515"}],"wp:attachment":[{"href":"https:\/\/madelinefashion.pl\/en\/wp-json\/wp\/v2\/media?parent=18970"}],"wp:term":[{"taxonomy":"product_brand","embeddable":true,"href":"https:\/\/madelinefashion.pl\/en\/wp-json\/wp\/v2\/product_brand?post=18970"},{"taxonomy":"product_cat","embeddable":true,"href":"https:\/\/madelinefashion.pl\/en\/wp-json\/wp\/v2\/product_cat?post=18970"},{"taxonomy":"product_tag","embeddable":true,"href":"https:\/\/madelinefashion.pl\/en\/wp-json\/wp\/v2\/product_tag?post=18970"}],"curies":[{"name":"wp","href":"https:\/\/api.w.org\/{rel}","templated":true}]}}