{"id":18992,"date":"2021-09-14T00:14:36","date_gmt":"2021-09-13T22:14:36","guid":{"rendered":"https:\/\/madelinefashion.pl\/?post_type=product&#038;p=18992"},"modified":"2026-02-20T14:58:54","modified_gmt":"2026-02-20T13:58:54","slug":"sweter-alpaka-asymetryczny-erica-bezowy","status":"publish","type":"product","link":"https:\/\/madelinefashion.pl\/en\/product\/sweter-alpaka-asymetryczny-erica-bezowy\/","title":{"rendered":"Asymmetrical Alpaca Sweater Erica Beige"},"content":{"rendered":"<h3 style=\"text-align: center;\">Asymmetrical Alpaca Sweater Erica Beige<\/h3>\n<p style=\"text-align: center;\">You fell in love with alpaca coats so much that, in order to meet your expectations, the newest sweater model has appeared. Mega stylish alpaca sweater made of the highest quality yarn. <span style=\"font-size: 10pt;\"><strong>Alpaca sweater is an inseparable element of every wardrobe! <\/strong>Asymmetrical cut in combination<strong> V neckline<\/strong> creates an interesting, original whole<strong>. Our model is an ideal proposition for autumn and winter days, it will look great in everyday stylizations.\u00a0<\/strong> The product is available in several color variants. One size fits all recommended from <strong>S to XXL<\/strong><\/span><\/p>\n<p>&nbsp;<\/p>\n<h3 style=\"text-align: center;\">Characteristics.<\/h3>\n<ul>\n<li style=\"text-align: center;\">OVERSIZE cut<\/li>\n<li style=\"text-align: center;\">incredibly soft and pleasant to the body<\/li>\n<li style=\"text-align: center;\">meaty and wonderful - with us you will always find only the highest quality alpacas!<\/li>\n<li style=\"text-align: center;\">asymmetrical cut<\/li>\n<\/ul>\n<h2 style=\"text-align: center;\">Dimensions:<\/h2>\n<ul style=\"text-align: center;\">\n<li>Overall length: 73 cm<\/li>\n<li>Total length at the sides: 88 cm<\/li>\n<li>Width from armpit to: 46-62 cm<\/li>\n<li>Sleeve length from the shoulder: 62<\/li>\n<li>Sleeve length from armpit: 49 cm<\/li>\n<\/ul>\n<p style=\"text-align: center;\"><span style=\"font-size: 10pt;\">Dimensions may slightly differ from the given +\/- 2cm. All dimensions given are measured flat.<\/span><\/p>\n<p style=\"text-align: center;\"><span style=\"font-size: 10pt;\"><strong>\u00a0<\/strong>\u00a0<\/span><\/p>\n<table width=\"610\">\n<tbody>\n<tr>\n<td width=\"302\">Model name<\/td>\n<td width=\"302\">Erica asymmetrical alpaca sweater<\/td>\n<\/tr>\n<tr>\n<td width=\"302\">Color<\/td>\n<td width=\"302\">Beige<\/td>\n<\/tr>\n<tr>\n<td width=\"302\">Sizes<\/td>\n<td width=\"302\">Universal<\/td>\n<\/tr>\n<tr>\n<td width=\"302\">Fashion<\/td>\n<td width=\"302\">Oversize<\/td>\n<\/tr>\n<tr>\n<td width=\"302\">Collection<\/td>\n<td width=\"302\">Fall Winter Spring<\/td>\n<\/tr>\n<tr>\n<td width=\"302\">Warmed up<\/td>\n<td width=\"302\">Uninsulated<\/td>\n<\/tr>\n<tr>\n<td width=\"302\">Material<\/td>\n<td width=\"302\">100 % polyamide<\/td>\n<\/tr>\n<\/tbody>\n<\/table>\n<div class=\"additional-details\" style=\"text-align: center;\">\n<div class=\"tabs tabs-bb clear mb-80\">\n<div class=\"tab-content\">\n<div id=\"tab-description\" class=\"tab-pane fade in woocommerce-Tabs-panel--description active\">\n<p>The model has\u00a0<strong>169<\/strong>\u00a0cm tall, wears a size every day\u00a0<strong>S.<\/strong><\/p>\n<p>The width at the bust is 92 cm<\/p>\n<p>Waist width 62 cm<\/p>\n<p>The width at the hips is 94 cm<\/p>\n<p>&nbsp;<\/p>\n<\/div>\n<\/div>\n<\/div>\n<section class=\"up-sells upsells products mb-80\"><\/section>\n<\/div>","protected":false},"excerpt":{"rendered":"<p>Sweter Alpaka Asymetryczny Erica Be\u017cowy Tak pokocha\u0142y\u015bcie p\u0142aszcze alpaki, \u017ce wychodz\u0105c naprzeciw Waszym oczekiwaniom pojawi\u0142 si\u0119 najnowszy model swetra. Mega stylowy sweter alpaka wykonany z najwy\u017cszej jako\u015bci prz\u0119dzy. Sweter alpaka to nieod\u0142\u0105czny element ka\u017cdej garderoby! Asymetryczny kr\u00f3j w po\u0142\u0105czeniu dekoltem w literk\u0119 V tworzy ciekaw\u0105, niebanaln\u0105 ca\u0142o\u015b\u0107. Nasz model to idealna propozycja na jesienne i<\/p>\n<div class=\"klb-readmore post-buttons\"><a class=\"button black outline size-sm\" href=\"https:\/\/madelinefashion.pl\/en\/product\/sweter-alpaka-asymetryczny-erica-bezowy\/\">Read More <i class=\"klbth-icon-right-arrow\"><\/i><\/a><\/div>","protected":false},"featured_media":60278,"template":"","meta":[],"product_brand":[],"product_cat":[78,395],"product_tag":[],"class_list":{"0":"post-18992","1":"product","2":"type-product","3":"status-publish","4":"has-post-thumbnail","6":"product_cat-swetry-damskie","7":"product_cat-nowosci","9":"first","10":"instock","11":"purchasable","12":"product-type-simple"},"_links":{"self":[{"href":"https:\/\/madelinefashion.pl\/en\/wp-json\/wp\/v2\/product\/18992","targetHints":{"allow":["GET"]}}],"collection":[{"href":"https:\/\/madelinefashion.pl\/en\/wp-json\/wp\/v2\/product"}],"about":[{"href":"https:\/\/madelinefashion.pl\/en\/wp-json\/wp\/v2\/types\/product"}],"wp:featuredmedia":[{"embeddable":true,"href":"https:\/\/madelinefashion.pl\/en\/wp-json\/wp\/v2\/media\/60278"}],"wp:attachment":[{"href":"https:\/\/madelinefashion.pl\/en\/wp-json\/wp\/v2\/media?parent=18992"}],"wp:term":[{"taxonomy":"product_brand","embeddable":true,"href":"https:\/\/madelinefashion.pl\/en\/wp-json\/wp\/v2\/product_brand?post=18992"},{"taxonomy":"product_cat","embeddable":true,"href":"https:\/\/madelinefashion.pl\/en\/wp-json\/wp\/v2\/product_cat?post=18992"},{"taxonomy":"product_tag","embeddable":true,"href":"https:\/\/madelinefashion.pl\/en\/wp-json\/wp\/v2\/product_tag?post=18992"}],"curies":[{"name":"wp","href":"https:\/\/api.w.org\/{rel}","templated":true}]}}