{"id":19252,"date":"2021-09-18T13:25:24","date_gmt":"2021-09-18T11:25:24","guid":{"rendered":"https:\/\/madelinefashion.pl\/?post_type=product&#038;p=19252"},"modified":"2026-01-15T12:43:25","modified_gmt":"2026-01-15T11:43:25","slug":"kurtka-bomberka-jeansowa-z-bezowymi-wstawkami","status":"publish","type":"product","link":"https:\/\/madelinefashion.pl\/en\/product\/kurtka-bomberka-jeansowa-z-bezowymi-wstawkami\/","title":{"rendered":"Denim Bomber Jacket with Beige Inserts"},"content":{"rendered":"<h3 style=\"text-align: center;\">Denim Bomber Jacket with Beige Inserts<\/h3>\n<p style=\"text-align: center;\"><strong>Two-color denim jacket, made of denim and nylon <\/strong>fastened with a zipper and press studs at the front. It has an elastic band at the waist, which allows for additional emphasis. <b>At the height of the chest, there are decorative flaps imitating pockets. <\/b>It can be used in any styling, both for classic jeans, white t-shirt for everyday outings. Classic jeans - always fashionable has been combined with <strong>beige nylon<\/strong>. It is a definite must have in every wardrobe! Our jacket is the perfect model for women who love to play with fashion and want to<b> stand out from the crowd. <\/b>The jacket has two pockets on the front. Long sleeves finished with a welt, so the sleeves can be rolled up. K.<strong>Ultimate straight-cut denim jacket is the perfect complement to styling, where the eye-catching base plays the first fiddle.<\/strong>\u00a0Thanks to carefully selected accessories, you can easily create unique stylizations for social events or celebrations. Stand out from the crowd with our denim jacket. We recommend combining it <strong>with our <a href=\"https:\/\/madelinefashion.pl\/en\/bluzki-2\/\" target=\"_blank\" rel=\"noopener\">blouses<\/a> and <a href=\"https:\/\/madelinefashion.pl\/en\/casual-clothes\/t-shirty\/\">t-shirts<\/a>\u00a0 and timeless two-color trousers!<\/strong> Denim has many names, and the combination of denim garments in one outfit is no longer surprising.<strong> However, if you are afraid of monotony or boredom, choose denim combined with nylon in various colors. Add to that white sneakers and a plain top with thin straps. <\/strong>Jacket available in size <strong>\u00a0S, M, L,<br \/>\n<\/strong><\/p>\n<h2 style=\"text-align: center;\">Dimensions:<\/h2>\n<p style=\"text-align: center;\"><b>36 \/ s<\/b><\/p>\n<p style=\"text-align: center;\">Total length - 59 cm<\/p>\n<p style=\"text-align: center;\">Width from armpit to armpit - 53 cm<\/p>\n<p style=\"text-align: center;\">Waist width - 39-49 cm<\/p>\n<p style=\"text-align: center;\">Sleeve length from shoulder - 54 cm<\/p>\n<p style=\"text-align: center;\">Sleeve length from armpit - 48 cm<\/p>\n<p style=\"text-align: center;\"><b>38 \/ m<\/b><\/p>\n<p style=\"text-align: center;\">Total length - 60 cm<\/p>\n<p style=\"text-align: center;\">Width from armpit to armpit - 55 cm<\/p>\n<p style=\"text-align: center;\">Waist width - 41-51 cm<\/p>\n<p style=\"text-align: center;\">Sleeve length from shoulder - 54 cm<\/p>\n<p style=\"text-align: center;\">Sleeve length from armpit - 49 cm<\/p>\n<p style=\"text-align: center;\"><b>40 \/ l<\/b><\/p>\n<p style=\"text-align: center;\">Total length - 61 cm<\/p>\n<p style=\"text-align: center;\">The width from armpit to armpit - 57 cm<\/p>\n<p style=\"text-align: center;\">Waist width - 42-52cm<\/p>\n<p style=\"text-align: center;\">Sleeve length from shoulder - 54 cm<\/p>\n<p style=\"text-align: center;\">Sleeve length from armpit - 49 cm<\/p>\n<p style=\"text-align: center;\">Dimensions may slightly differ from the given +\/- 2cm. All dimensions given are measured flat.<\/p>\n<p style=\"text-align: center;\"><span style=\"font-size: 10pt;\">\u00a0<\/span><\/p>\n<p style=\"text-align: center;\">\u00a0The model has\u00a0<strong>165<\/strong>\u00a0cm tall, wears a size every day\u00a0<strong>S.<\/strong><\/p>\n<p style=\"text-align: center;\"><span style=\"font-size: 10pt;\">\u00a0<\/span><\/p>\n<p style=\"text-align: center;\">","protected":false},"excerpt":{"rendered":"<p>Kurtka Bomberka Jeansowa z Be\u017cowymi Wstawkami Kurtka Jeansowa dwukolorowa, wykonana z jeansu i ortalionu zapinana na zamek oraz napy z przodu. W talii posiada gumk\u0119, kt\u00f3ra pozwala na jej dodatkowe podkre\u015blenie. Na wysoko\u015bci klatki piersiowej znajduj\u0105 si\u0119 dekoracyjne klapy, kt\u00f3re imituj\u0105 kieszenie. Mo\u017cna j\u0105 wykorzysta\u0107 w ka\u017cdej stylizacji, zar\u00f3wno do klasycznych jeans\u00f3w, bia\u0142ego t-shirtu na<\/p>\n<div class=\"klb-readmore post-buttons\"><a class=\"button black outline size-sm\" href=\"https:\/\/madelinefashion.pl\/en\/product\/kurtka-bomberka-jeansowa-z-bezowymi-wstawkami\/\">Read More <i class=\"klbth-icon-right-arrow\"><\/i><\/a><\/div>","protected":false},"featured_media":109963,"template":"","meta":[],"product_brand":[],"product_cat":[117,395],"product_tag":[269,240,507],"class_list":{"0":"post-19252","1":"product","2":"type-product","3":"status-publish","4":"has-post-thumbnail","6":"product_cat-kurtki","7":"product_cat-nowosci","8":"product_tag-bomberka","9":"product_tag-jeans","10":"product_tag-kurtka-jeansowa","11":"pa_rozmiar-s","12":"pa_rozmiar-m","13":"pa_rozmiar-l","15":"first","16":"outofstock","17":"sale","18":"purchasable","19":"product-type-variable"},"_links":{"self":[{"href":"https:\/\/madelinefashion.pl\/en\/wp-json\/wp\/v2\/product\/19252","targetHints":{"allow":["GET"]}}],"collection":[{"href":"https:\/\/madelinefashion.pl\/en\/wp-json\/wp\/v2\/product"}],"about":[{"href":"https:\/\/madelinefashion.pl\/en\/wp-json\/wp\/v2\/types\/product"}],"wp:featuredmedia":[{"embeddable":true,"href":"https:\/\/madelinefashion.pl\/en\/wp-json\/wp\/v2\/media\/109963"}],"wp:attachment":[{"href":"https:\/\/madelinefashion.pl\/en\/wp-json\/wp\/v2\/media?parent=19252"}],"wp:term":[{"taxonomy":"product_brand","embeddable":true,"href":"https:\/\/madelinefashion.pl\/en\/wp-json\/wp\/v2\/product_brand?post=19252"},{"taxonomy":"product_cat","embeddable":true,"href":"https:\/\/madelinefashion.pl\/en\/wp-json\/wp\/v2\/product_cat?post=19252"},{"taxonomy":"product_tag","embeddable":true,"href":"https:\/\/madelinefashion.pl\/en\/wp-json\/wp\/v2\/product_tag?post=19252"}],"curies":[{"name":"wp","href":"https:\/\/api.w.org\/{rel}","templated":true}]}}