{"id":19301,"date":"2021-09-18T17:07:05","date_gmt":"2021-09-18T15:07:05","guid":{"rendered":"https:\/\/madelinefashion.pl\/?post_type=product&#038;p=19301"},"modified":"2026-01-15T12:43:25","modified_gmt":"2026-01-15T11:43:25","slug":"kurtka-parka-jeansowa-z-bialymi-wstawkami","status":"publish","type":"product","link":"https:\/\/madelinefashion.pl\/en\/product\/kurtka-parka-jeansowa-z-bialymi-wstawkami\/","title":{"rendered":"Denim Parka Jacket with White Rock &amp; Roll Inserts"},"content":{"rendered":"<h3 id=\"titlewrap\" style=\"text-align: center;\">Denim Parka Jacket with White Inserts<\/h3>\n<p style=\"text-align: center;\"><strong>Two-color denim jacket, made of denim and nylon <\/strong>fastened with a zipper and buttons at the front. It has a drawstring at the waist that allows it to be further adjusted. <b>At the height of the chest, there are decorative flaps imitating pockets. <\/b>It can be used in any styling, both for classic jeans, white t-shirt for everyday outings. Classic jeans - always fashionable has been combined with <strong>white nylon<\/strong>. It is a definite must have in every wardrobe! Our jacket is the perfect model for women who love to play with fashion and want to<b> stand out from the crowd. <\/b>The jacket has two pockets on the front. Long sleeves finished with a welt. Long jacket <strong>transitional holds<\/strong> decorative on the collar<strong> the inscription ROCK &amp; ROLL.\u00a0<\/strong> K.<strong>Ultimate straight-cut denim jacket is the perfect complement to styling, where the eye-catching base plays the first fiddle.<\/strong>\u00a0Thanks to carefully selected accessories, you can easily create unique stylizations for social events or celebrations. Stand out from the crowd with our denim jacket. We recommend combining it <strong>with our <a href=\"https:\/\/madelinefashion.pl\/en\/bluzki-2\/\" target=\"_blank\" rel=\"noopener\">blouses<\/a> and <a href=\"https:\/\/madelinefashion.pl\/en\/casual-clothes\/t-shirty\/\">t-shirts<\/a>\u00a0 and timeless two-color <a href=\"https:\/\/madelinefashion.pl\/en\/spodnie-dresowe-dwukolorowe-biale-jeans\/\">pants<\/a> !<\/strong> Denim has many names, and the combination of denim garments in one outfit is no longer surprising.<strong> However, if you are afraid of monotony or boredom, choose denim combined with nylon in various colors. Add to that sneakers and a plain top with thin straps.<\/strong><\/p>\n<p>\u00a0<\/p>\n<h3 style=\"text-align: center;\">Characteristics<\/h3>\n<ul>\n<li style=\"text-align: center;\">Fashionable denim jacket,<\/li>\n<li style=\"text-align: center;\">Loose cut.<\/li>\n<li style=\"text-align: center;\">Fastened with a zipper<\/li>\n<li style=\"text-align: center;\">Soft material.<\/li>\n<li style=\"text-align: center;\">Very convenient.<\/li>\n<li style=\"text-align: center;\">Irreplaceable for many styles.<br \/>\nTwo-color<\/li>\n<\/ul>\n<p style=\"text-align: center;\"><strong>\u00a0<\/strong><\/p>\n<h2 style=\"text-align: center;\">Dimensions:<\/h2>\n<p style=\"text-align: center;\"><b>S \/ M<\/b><\/p>\n<p style=\"text-align: center;\">Total length front - 75 cm<br \/>\nTotal length back - 82 cm<br \/>\nThe width from armpit to armpit - 51 cm<br \/>\nWidth at the waist - 36-50 cm<br \/>\nSleeve length from shoulder - 54 cm<br \/>\nSleeve length from armpit - 41 cm<\/p>\n<p>\u00a0<\/p>\n<p style=\"text-align: center;\">Dimensions may slightly differ from the given +\/- 2cm. All dimensions given are measured flat.<\/p>\n<p style=\"text-align: center;\"><span style=\"font-size: 10pt;\">\u00a0<\/span><\/p>\n<p style=\"text-align: center;\">\u00a0The model has\u00a0<strong>165<\/strong>\u00a0cm tall, wears a size every day\u00a0<strong>S.<\/strong><\/p>\n<p style=\"text-align: center;\"><span style=\"font-size: 10pt;\">\u00a0<\/span><\/p>\n<p style=\"text-align: center;\">","protected":false},"excerpt":{"rendered":"<p>Kurtka Parka Jeansowa z Bia\u0142ymi Wstawkami Kurtka Jeansowa dwukolorowa, wykonana z jeansu i ortalionu zapinana na zamek oraz guziki z przodu. W talii posiada sznurek, kt\u00f3ry pozwala na jej dodatkowe dopasowanie. Na wysoko\u015bci klatki piersiowej znajduj\u0105 si\u0119 dekoracyjne klapy, kt\u00f3re imituj\u0105 kieszenie. Mo\u017cna j\u0105 wykorzysta\u0107 w ka\u017cdej stylizacji, zar\u00f3wno do klasycznych jeans\u00f3w, bia\u0142ego t-shirtu na<\/p>\n<div class=\"klb-readmore post-buttons\"><a class=\"button black outline size-sm\" href=\"https:\/\/madelinefashion.pl\/en\/product\/kurtka-parka-jeansowa-z-bialymi-wstawkami\/\">Read More <i class=\"klbth-icon-right-arrow\"><\/i><\/a><\/div>","protected":false},"featured_media":19299,"template":"","meta":[],"product_brand":[],"product_cat":[117,395],"product_tag":[240,507],"class_list":{"0":"post-19301","1":"product","2":"type-product","3":"status-publish","4":"has-post-thumbnail","6":"product_cat-kurtki","7":"product_cat-nowosci","8":"product_tag-jeans","9":"product_tag-kurtka-jeansowa","10":"pa_rozmiar-l","11":"pa_rozmiar-m","12":"pa_rozmiar-s","14":"first","15":"outofstock","16":"sale","17":"purchasable","18":"product-type-simple"},"_links":{"self":[{"href":"https:\/\/madelinefashion.pl\/en\/wp-json\/wp\/v2\/product\/19301","targetHints":{"allow":["GET"]}}],"collection":[{"href":"https:\/\/madelinefashion.pl\/en\/wp-json\/wp\/v2\/product"}],"about":[{"href":"https:\/\/madelinefashion.pl\/en\/wp-json\/wp\/v2\/types\/product"}],"wp:featuredmedia":[{"embeddable":true,"href":"https:\/\/madelinefashion.pl\/en\/wp-json\/wp\/v2\/media\/19299"}],"wp:attachment":[{"href":"https:\/\/madelinefashion.pl\/en\/wp-json\/wp\/v2\/media?parent=19301"}],"wp:term":[{"taxonomy":"product_brand","embeddable":true,"href":"https:\/\/madelinefashion.pl\/en\/wp-json\/wp\/v2\/product_brand?post=19301"},{"taxonomy":"product_cat","embeddable":true,"href":"https:\/\/madelinefashion.pl\/en\/wp-json\/wp\/v2\/product_cat?post=19301"},{"taxonomy":"product_tag","embeddable":true,"href":"https:\/\/madelinefashion.pl\/en\/wp-json\/wp\/v2\/product_tag?post=19301"}],"curies":[{"name":"wp","href":"https:\/\/api.w.org\/{rel}","templated":true}]}}