{"id":19316,"date":"2021-09-18T17:51:26","date_gmt":"2021-09-18T15:51:26","guid":{"rendered":"https:\/\/madelinefashion.pl\/?post_type=product&#038;p=19316"},"modified":"2025-10-01T07:34:59","modified_gmt":"2025-10-01T05:34:59","slug":"spodnie-dresowe-joggery-skora-weza","status":"publish","type":"product","link":"https:\/\/madelinefashion.pl\/en\/product\/spodnie-dresowe-joggery-skora-weza\/","title":{"rendered":"Snake Skin Joggers Sweatpants"},"content":{"rendered":"<h3 style=\"text-align: center;\">Snake Skin Joggers Sweatpants<\/h3>\n<p style=\"text-align: center;\">Patterned joggers are a model that will be perfect for everyday stylizations with a modern look. The entire surface of the pants has a pattern of snakeskin ala. <strong>Casul women&#039;s pants<\/strong> long is a hit this season. <strong>Simple fashion<\/strong>fitted with two practical pockets. <strong>Rubber sewn into the waistband<\/strong>, additionally a binding that allows you to adjust the pants to the figure. The model is ideal for combining with both sports shoes and high heels. Patterned trousers<strong> with a print are made of a very flexible material<\/strong>. <strong>Women&#039;s sweatpants<\/strong> in size<strong> universal <\/strong>\u00a0for ladies in size <strong>SML XL<\/strong> in case of wearing a larger size please take a look at the dimensions. Available in our store in <strong>several themes<\/strong>.<\/p>\n<p>&nbsp;<\/p>\n<h3 style=\"text-align: center;\">Dimensions:<\/h3>\n<ul>\n<li style=\"text-align: center;\">Overall length: 92 cm<\/li>\n<li style=\"text-align: center;\">Inside leg length: 75 cm<\/li>\n<li style=\"text-align: center;\">Waist width: 34-49 cm<\/li>\n<li style=\"text-align: center;\">Waist: 28 cm<\/li>\n<li style=\"text-align: center;\"><\/li>\n<\/ul>\n<div class=\"additional-details\" style=\"text-align: center;\">\n<p>Dimensions may slightly differ from the given +\/- 2cm. All dimensions given are measured flat. X2 dimension<\/p>\n<p>&nbsp;<\/p>\n<\/div>\n<div class=\"overview-buttons\" style=\"text-align: center;\"><\/div>\n<p style=\"text-align: center;\">Composition: 95% Cotton 5% Elastian<\/p>\n<p style=\"text-align: center;\"><strong>They fit perfectly to every figure<\/strong><\/p>\n<p>&nbsp;<\/p>\n<p>&nbsp;<\/p>\n<p style=\"text-align: center;\">\u00a0The model has\u00a0<strong>165<\/strong>\u00a0cm tall, wears a size every day\u00a0<strong>S.<\/strong><\/p>\n<p style=\"text-align: center;\">","protected":false},"excerpt":{"rendered":"<p>Spodnie Dresowe Joggery Sk\u00f3ra W\u0119\u017ca Wzorzyste spodnie dresowe joggery to model, kt\u00f3ry idealnie sprawdzi si\u0119 w codziennych stylizacjach o nowoczesnym looku. Na ca\u0142ej powierzchni spodni wz\u00f3r ala sk\u00f3ra w\u0119\u017c\u0105. Casulowe spodnie damskie d\u0142ugie to hit tego sezonu. Fason prosty, dopasowany z dwoma praktycznymi kieszonkami. W pas wszyta guma, dodatkowo wi\u0105zanie pozwalaj\u0105ce dopasowa\u0107 spodnie do sylwetki.<\/p>\n<div class=\"klb-readmore post-buttons\"><a class=\"button black outline size-sm\" href=\"https:\/\/madelinefashion.pl\/en\/product\/spodnie-dresowe-joggery-skora-weza\/\">Read More <i class=\"klbth-icon-right-arrow\"><\/i><\/a><\/div>","protected":false},"featured_media":19311,"template":"","meta":[],"product_brand":[],"product_cat":[83],"product_tag":[475],"class_list":{"0":"post-19316","1":"product","2":"type-product","3":"status-publish","4":"has-post-thumbnail","6":"product_cat-spodnie","7":"product_tag-spodnie-dlugie","8":"pa_rozmiar-s","9":"pa_rozmiar-m","10":"pa_rozmiar-l","11":"pa_rozmiar-xl","12":"pa_rozmiar-uniwersalny","14":"first","15":"instock","16":"purchasable","17":"product-type-simple"},"_links":{"self":[{"href":"https:\/\/madelinefashion.pl\/en\/wp-json\/wp\/v2\/product\/19316","targetHints":{"allow":["GET"]}}],"collection":[{"href":"https:\/\/madelinefashion.pl\/en\/wp-json\/wp\/v2\/product"}],"about":[{"href":"https:\/\/madelinefashion.pl\/en\/wp-json\/wp\/v2\/types\/product"}],"wp:featuredmedia":[{"embeddable":true,"href":"https:\/\/madelinefashion.pl\/en\/wp-json\/wp\/v2\/media\/19311"}],"wp:attachment":[{"href":"https:\/\/madelinefashion.pl\/en\/wp-json\/wp\/v2\/media?parent=19316"}],"wp:term":[{"taxonomy":"product_brand","embeddable":true,"href":"https:\/\/madelinefashion.pl\/en\/wp-json\/wp\/v2\/product_brand?post=19316"},{"taxonomy":"product_cat","embeddable":true,"href":"https:\/\/madelinefashion.pl\/en\/wp-json\/wp\/v2\/product_cat?post=19316"},{"taxonomy":"product_tag","embeddable":true,"href":"https:\/\/madelinefashion.pl\/en\/wp-json\/wp\/v2\/product_tag?post=19316"}],"curies":[{"name":"wp","href":"https:\/\/api.w.org\/{rel}","templated":true}]}}