{"id":19334,"date":"2021-09-18T18:01:00","date_gmt":"2021-09-18T16:01:00","guid":{"rendered":"https:\/\/madelinefashion.pl\/?post_type=product&#038;p=19334"},"modified":"2026-01-20T10:34:16","modified_gmt":"2026-01-20T09:34:16","slug":"koszula-w-krate-life-is-beautiful-czerwona","status":"publish","type":"product","link":"https:\/\/madelinefashion.pl\/en\/product\/koszula-w-krate-life-is-beautiful-czerwona\/","title":{"rendered":"Life is Beautiful Red Maxi Checked Shirt"},"content":{"rendered":"<h3 style=\"text-align: center;\">Life is Beautiful Red Checked Shirt<\/h3>\n<p style=\"text-align: center;\">Life is Beautiful Maxi checked shirt<strong> oversize<\/strong> is the perfect base and basis for many styles. It is total <strong>MUST HAVE<\/strong> this season. Long shirt with the most fashionable Print <strong>checked<\/strong>. It has a pocket at the front and is fastened with buttons. Do you want to feel on time? Remember about a shirt in your wardrobe. Its color and pattern will make it <strong>you will stand out from the crowd<\/strong>. The shirt also has a longer back. It will be the best fit for <strong>everyday looks<\/strong>. A model chosen for many styles. You can also wear our long plaid shirt as<strong> dress<\/strong>. The model has an inscription on the front <strong>Life is Beautiful.<\/strong> Perfectly fits the figure. Perfect for school, work, on a date or meeting with friends! <strong>Perfect for any time and occasion! <\/strong>The shirt has the ability to roll up the sleeve<strong>. <\/strong>Size\u00a0<strong>universal recommended<\/strong>\u00a0for ladies in sizes from<strong> S to XL.<\/strong> Available in several colors.<\/p>\n<h3 style=\"text-align: center;\">Shirt dimensions:<\/h3>\n<ul style=\"text-align: center;\">\n<li>Total length front: 97 cm<br \/>\nTotal length back: 115 cm<\/li>\n<li>Width from armpit to: 50 cm x2<\/li>\n<li>The width at the waist: 51 cm x2<\/li>\n<li>Hip width: 57cm x2<\/li>\n<li>Sleeve length from Armpit: 45 cm<\/li>\n<li>Sleeve length from the shoulder: 60 cm<br \/>\nBicep width: 19 cm x2<\/li>\n<\/ul>\n<p>\u00a0<\/p>\n<p style=\"text-align: center;\">Dimensions may slightly differ from the given +\/- 2cm. All dimensions given are measured flat.<\/p>\n<p style=\"text-align: center;\"><span style=\"font-size: 10pt;\">\u00a0<\/span><\/p>\n<p style=\"text-align: center;\"><span style=\"font-size: 10pt;\">\u00a0<\/span><\/p>\n<table width=\"608\">\n<tbody>\n<tr>\n<td width=\"302\">Model name<\/td>\n<td width=\"302\">Life is Beautiful Maxi checked shirt<\/td>\n<\/tr>\n<tr>\n<td width=\"302\">Color<\/td>\n<td width=\"302\">Red Black<\/td>\n<\/tr>\n<tr>\n<td width=\"302\">Sizes<\/td>\n<td width=\"302\">Universal<\/td>\n<\/tr>\n<tr>\n<td width=\"302\">Fashion<\/td>\n<td width=\"302\">Oversize<\/td>\n<\/tr>\n<tr>\n<td width=\"302\">Material<\/td>\n<td width=\"302\">Composition: 95 % cotton 5%elastian<\/td>\n<\/tr>\n<\/tbody>\n<\/table>\n<p style=\"text-align: center;\"><span style=\"font-size: 10pt;\">\u00a0<\/span><\/p>\n<div class=\"tabs tabs-bb clear mb-80\">\n<div class=\"tab-content\">\n<div id=\"tab-description\" class=\"tab-pane fade in woocommerce-Tabs-panel--description active\">\n<div class=\"tabs tabs-bb clear mb-80\">\n<div class=\"tab-content\">\n<div id=\"tab-description\" class=\"tab-pane fade in woocommerce-Tabs-panel--description active\">\n<p style=\"text-align: center;\">The model has\u00a0<strong>169<\/strong>\u00a0cm tall, wears a size every day\u00a0<strong>S.<\/strong><\/p>\n<p style=\"text-align: center;\">The width at the bust is 92 cm<\/p>\n<p style=\"text-align: center;\">Waist width 62 cm<\/p>\n<p style=\"text-align: center;\">The width at the hips is 94 cm<\/p>\n<\/div>\n<\/div>\n<\/div>\n<\/div>\n<\/div>\n<\/div>","protected":false},"excerpt":{"rendered":"<p>Koszula w Krat\u0119 Life is Beautiful Czerwona Koszula w Krat\u0119 Life is Beautiful Maxi o kroju oversizowym to idealna baza i podstawa do wielu stylizacji. Jest to totalny MUST HAVE tego sezonu. D\u0142uga koszula z najmodniejszym Printem w krate. Posiada kieszonk\u0119 z przodu i zapinana jest na\u00a0 guziki. Chcesz si\u0119 poczu\u0107 na czasie? Pami\u0119taj o<\/p>\n<div class=\"klb-readmore post-buttons\"><a class=\"button black outline size-sm\" href=\"https:\/\/madelinefashion.pl\/en\/product\/koszula-w-krate-life-is-beautiful-czerwona\/\">Read More <i class=\"klbth-icon-right-arrow\"><\/i><\/a><\/div>","protected":false},"featured_media":58881,"template":"","meta":[],"product_brand":[],"product_cat":[92,395],"product_tag":[296],"class_list":{"0":"post-19334","1":"product","2":"type-product","3":"status-publish","4":"has-post-thumbnail","6":"product_cat-koszule","7":"product_cat-nowosci","8":"product_tag-tuniki","10":"first","11":"outofstock","12":"sale","13":"purchasable","14":"product-type-simple"},"_links":{"self":[{"href":"https:\/\/madelinefashion.pl\/en\/wp-json\/wp\/v2\/product\/19334","targetHints":{"allow":["GET"]}}],"collection":[{"href":"https:\/\/madelinefashion.pl\/en\/wp-json\/wp\/v2\/product"}],"about":[{"href":"https:\/\/madelinefashion.pl\/en\/wp-json\/wp\/v2\/types\/product"}],"wp:featuredmedia":[{"embeddable":true,"href":"https:\/\/madelinefashion.pl\/en\/wp-json\/wp\/v2\/media\/58881"}],"wp:attachment":[{"href":"https:\/\/madelinefashion.pl\/en\/wp-json\/wp\/v2\/media?parent=19334"}],"wp:term":[{"taxonomy":"product_brand","embeddable":true,"href":"https:\/\/madelinefashion.pl\/en\/wp-json\/wp\/v2\/product_brand?post=19334"},{"taxonomy":"product_cat","embeddable":true,"href":"https:\/\/madelinefashion.pl\/en\/wp-json\/wp\/v2\/product_cat?post=19334"},{"taxonomy":"product_tag","embeddable":true,"href":"https:\/\/madelinefashion.pl\/en\/wp-json\/wp\/v2\/product_tag?post=19334"}],"curies":[{"name":"wp","href":"https:\/\/api.w.org\/{rel}","templated":true}]}}