{"id":1965,"date":"2020-05-14T16:52:42","date_gmt":"2020-05-14T14:52:42","guid":{"rendered":"http:\/\/serwer2078743.home.pl\/?post_type=product&#038;p=1965"},"modified":"2026-01-20T10:34:49","modified_gmt":"2026-01-20T09:34:49","slug":"bluzka-alizon-limonka","status":"publish","type":"product","link":"https:\/\/madelinefashion.pl\/en\/product\/bluzka-alizon-limonka\/","title":{"rendered":"Alizon Limonka T-shirt"},"content":{"rendered":"<h3 style=\"text-align: center;\">Alizon Limonka T-shirt<\/h3>\n<p style=\"text-align: center;\"><span style=\"font-size: 10pt;\"><strong>Elegant blouse with a tie <\/strong>\u00a0Smooth,<strong>\u00a0<\/strong>elegant blouse with decorative puffs on the sleeves. Universal model - perfect for various ceremonies with a skirt and jacket, as well as for everyday trousers.<\/span><\/p>\n<p>&nbsp;<\/p>\n<h3 style=\"text-align: center;\">Dimensions:<\/h3>\n<ul style=\"text-align: center;\">\n<li><span style=\"font-size: 10pt;\">\u00a0\u00a0\u00a0\u00a0\u00a0\u00a0\u00a0 overall length: 67-71 cm\u00a0<\/span><\/li>\n<li><span style=\"font-size: 10pt;\">\u00a0\u00a0\u00a0\u00a0\u00a0\u00a0\u00a0 width from armpit to armpit: 49 cm<\/span><\/li>\n<li><span style=\"font-size: 10pt;\">\u00a0\u00a0\u00a0\u00a0\u00a0\u00a0\u00a0 waist width: 50 cm<\/span><\/li>\n<li><span style=\"font-size: 10pt;\">\u00a0\u00a0\u00a0\u00a0\u00a0\u00a0\u00a0 sleeve length from shoulder: 32 cm<\/span><\/li>\n<li><span style=\"font-size: 10pt;\">\u00a0\u00a0\u00a0\u00a0\u00a0\u00a0\u00a0 sleeve length from armpit: 7 cm<\/span><\/li>\n<li><span style=\"font-size: 10pt;\">\u00a0\u00a0\u00a0\u00a0\u00a0\u00a0\u00a0 recommended maximum bust circumference: 98 cm<\/span><\/li>\n<\/ul>\n<p style=\"text-align: center;\"><span style=\"font-size: 10pt;\">Dimensions may slightly differ from the given +\/- 2cm. All dimensions given are measured flat.<\/span><\/p>\n<p style=\"text-align: center;\"><span style=\"font-size: 10pt;\">\u00a0<\/span><\/p>\n<p style=\"text-align: center;\"><span style=\"font-size: 10pt;\">\u00a0<\/span><\/p>\n<table>\n<tbody>\n<tr>\n<td width=\"302\">Model name<\/td>\n<td width=\"302\">Alizon blouse<\/td>\n<\/tr>\n<tr>\n<td width=\"302\">Color<\/td>\n<td width=\"302\">Lime<\/td>\n<\/tr>\n<tr>\n<td width=\"302\">Sizes<\/td>\n<td width=\"302\">Universal<\/td>\n<\/tr>\n<tr>\n<td width=\"302\">Fashion<\/td>\n<td width=\"302\">Oversize<\/td>\n<\/tr>\n<tr>\n<td width=\"302\">Material<\/td>\n<td width=\"302\">95 % Polyester 5% Elastane<\/td>\n<\/tr>\n<\/tbody>\n<\/table>\n<p style=\"text-align: center;\"><span style=\"font-size: 10pt;\">\u00a0<\/span><\/p>\n<div class=\"tabs tabs-bb clear mb-80\">\n<div class=\"tab-content\">\n<div id=\"tab-description\" class=\"tab-pane fade in woocommerce-Tabs-panel--description active\">\n<div class=\"tabs tabs-bb clear mb-80\">\n<div class=\"tab-content\">\n<div id=\"tab-description\" class=\"tab-pane fade in woocommerce-Tabs-panel--description active\">\n<p style=\"text-align: center;\">The model has\u00a0<strong>169<\/strong>\u00a0cm tall, wears a size every day\u00a0<strong>S.<\/strong><\/p>\n<p style=\"text-align: center;\">Bust width 91 cm<\/p>\n<p style=\"text-align: center;\">Waist width 71 cm<\/p>\n<p style=\"text-align: center;\">Hip width 96 cm<\/p>\n<\/div>\n<\/div>\n<\/div>\n<section class=\"up-sells upsells products mb-80\"><\/section>\n<\/div>\n<\/div>\n<\/div>\n<section class=\"related products mb-80\"><\/section>\n<p style=\"text-align: center;\"><span style=\"font-size: 10pt;\">\u00a0<\/span><\/p>\n<p style=\"text-align: center;\"><span style=\"font-size: 10pt;\">\u00a0<\/span><\/p>\n<p style=\"text-align: center;\"><span style=\"font-size: 10pt;\">\u00a0<\/span><\/p>","protected":false},"excerpt":{"rendered":"<p>Bluzka Alizon Limonka Elegancka bluzka wi\u0105zana \u00a0G\u0142adka,\u00a0elegancka bluzka z ozdobnymi bufkami na r\u0119kawkach. Uniwersalny model- idealny na r\u00f3\u017cne uroczysto\u015bci do sp\u00f3dnicy i pod \u017cakiet, a tak\u017ce do spodni na co dzie\u0144. &nbsp; Wymiary: \u00a0\u00a0\u00a0\u00a0\u00a0\u00a0\u00a0 d\u0142ugo\u015b\u0107 ca\u0142kowita : 67-71 cm\u00a0 \u00a0\u00a0\u00a0\u00a0\u00a0\u00a0\u00a0 szeroko\u015b\u0107 od pachy do pachy:49 cm \u00a0\u00a0\u00a0\u00a0\u00a0\u00a0\u00a0 szeroko\u015b\u0107 talia :50 cm \u00a0\u00a0\u00a0\u00a0\u00a0\u00a0\u00a0 d\u0142ugo\u015b\u0107 r\u0119kawa od<\/p>\n<div class=\"klb-readmore post-buttons\"><a class=\"button black outline size-sm\" href=\"https:\/\/madelinefashion.pl\/en\/product\/bluzka-alizon-limonka\/\">Read More <i class=\"klbth-icon-right-arrow\"><\/i><\/a><\/div>","protected":false},"featured_media":113175,"template":"","meta":[],"product_brand":[],"product_cat":[77],"product_tag":[],"class_list":{"0":"post-1965","1":"product","2":"type-product","3":"status-publish","4":"has-post-thumbnail","6":"product_cat-bluzki","8":"first","9":"outofstock","10":"sale","11":"purchasable","12":"product-type-simple"},"_links":{"self":[{"href":"https:\/\/madelinefashion.pl\/en\/wp-json\/wp\/v2\/product\/1965","targetHints":{"allow":["GET"]}}],"collection":[{"href":"https:\/\/madelinefashion.pl\/en\/wp-json\/wp\/v2\/product"}],"about":[{"href":"https:\/\/madelinefashion.pl\/en\/wp-json\/wp\/v2\/types\/product"}],"wp:featuredmedia":[{"embeddable":true,"href":"https:\/\/madelinefashion.pl\/en\/wp-json\/wp\/v2\/media\/113175"}],"wp:attachment":[{"href":"https:\/\/madelinefashion.pl\/en\/wp-json\/wp\/v2\/media?parent=1965"}],"wp:term":[{"taxonomy":"product_brand","embeddable":true,"href":"https:\/\/madelinefashion.pl\/en\/wp-json\/wp\/v2\/product_brand?post=1965"},{"taxonomy":"product_cat","embeddable":true,"href":"https:\/\/madelinefashion.pl\/en\/wp-json\/wp\/v2\/product_cat?post=1965"},{"taxonomy":"product_tag","embeddable":true,"href":"https:\/\/madelinefashion.pl\/en\/wp-json\/wp\/v2\/product_tag?post=1965"}],"curies":[{"name":"wp","href":"https:\/\/api.w.org\/{rel}","templated":true}]}}