{"id":1978,"date":"2020-05-14T17:38:41","date_gmt":"2020-05-14T15:38:41","guid":{"rendered":"http:\/\/serwer2078743.home.pl\/?post_type=product&#038;p=1978"},"modified":"2026-01-20T10:34:48","modified_gmt":"2026-01-20T09:34:48","slug":"top-harmony-musztardowy","status":"publish","type":"product","link":"https:\/\/madelinefashion.pl\/en\/product\/top-harmony-musztardowy\/","title":{"rendered":"Top Harmony Mustard"},"content":{"rendered":"<p style=\"text-align: center;\"><span style=\"font-size: 10pt;\">Elegant top - adjustable straps. A great model for a jacket!<\/span><\/p>\n<p><span style=\"font-size: 10pt;\">* inelastic material<\/span><br \/>\n<span style=\"font-size: 10pt;\">* adjustable straps<\/span><br \/>\n<span style=\"font-size: 10pt;\">* without lining<\/span><br \/>\n<span style=\"font-size: 10pt;\">* V-neckline<\/span><\/p>\n<h3 style=\"text-align: center;\">\u00a0 \u00a0 \u00a0Dimensions<\/h3>\n<p style=\"text-align: center;\"><span style=\"font-size: 10pt;\">\u00a0<\/span><\/p>\n<ul style=\"text-align: center;\">\n<li><span style=\"font-size: 10pt;\">\u00a0\u00a0\u00a0\u00a0\u00a0\u00a0\u00a0 overall length: 64-76 cm\u00a0<\/span><\/li>\n<li><span style=\"font-size: 10pt;\">\u00a0\u00a0\u00a0\u00a0\u00a0\u00a0\u00a0 width from armpit to armpit: 49 cm<\/span><\/li>\n<li><span style=\"font-size: 10pt;\">\u00a0\u00a0\u00a0\u00a0\u00a0\u00a0\u00a0 waist width 50 cm<\/span><\/li>\n<li><span style=\"font-size: 10pt;\">\u00a0\u00a0\u00a0\u00a0\u00a0\u00a0\u00a0 recommended maximum bust circumference: 104 cm<\/span><\/li>\n<\/ul>\n<p style=\"text-align: center;\"><span style=\"font-size: 10pt;\">\u00a0<\/span><\/p>\n<p style=\"text-align: center;\"><span style=\"font-size: 10pt;\">Dimensions may slightly differ from the given +\/- 2cm. All dimensions given are measured flat.<\/span><\/p>\n<table>\n<tbody>\n<tr>\n<td width=\"302\">Model name<\/td>\n<td width=\"302\">Top Harmony<\/td>\n<\/tr>\n<tr>\n<td width=\"302\">Color<\/td>\n<td width=\"302\">Mustard<\/td>\n<\/tr>\n<tr>\n<td width=\"302\">Sizes<\/td>\n<td width=\"302\">Universal<\/td>\n<\/tr>\n<tr>\n<td width=\"302\">Fashion<\/td>\n<td width=\"302\">Oversize<\/td>\n<\/tr>\n<tr>\n<td width=\"302\">Material<\/td>\n<td width=\"302\">100 % Polyester<\/td>\n<\/tr>\n<\/tbody>\n<\/table>\n<p style=\"text-align: center;\"><span style=\"font-size: 10pt;\">\u00a0<\/span><\/p>\n<p style=\"text-align: center;\">\u00a0The model has\u00a0<strong>165<\/strong>\u00a0cm tall, wears a size every day\u00a0<strong>S.<\/strong><\/p>","protected":false},"excerpt":{"rendered":"<p>Elegancki top &#8211;\u00a0regulowane rami\u0105czka. \u015awietny model pod marynark\u0119! * materia\u0142 nieelastyczny * rami\u0105czka regulowane * bez podszewki * dekolt w liter\u0119 V \u00a0 \u00a0 \u00a0Wymiary \u00a0 \u00a0\u00a0\u00a0\u00a0\u00a0\u00a0\u00a0 d\u0142ugo\u015b\u0107 ca\u0142kowita : 64-76 cm\u00a0 \u00a0\u00a0\u00a0\u00a0\u00a0\u00a0\u00a0 szeroko\u015b\u0107 od pachy do pachy:49 cm \u00a0\u00a0\u00a0\u00a0\u00a0\u00a0\u00a0 szeroko\u015b\u0107 talia 50 cm \u00a0\u00a0\u00a0\u00a0\u00a0\u00a0\u00a0 zalecany max obw\u00f3d w biu\u015bcie: 104 cm \u00a0 Wymiary mog\u0105<\/p>\n<div class=\"klb-readmore post-buttons\"><a class=\"button black outline size-sm\" href=\"https:\/\/madelinefashion.pl\/en\/product\/top-harmony-musztardowy\/\">Read More <i class=\"klbth-icon-right-arrow\"><\/i><\/a><\/div>","protected":false},"featured_media":27551,"template":"","meta":[],"product_brand":[],"product_cat":[85],"product_tag":[],"class_list":{"0":"post-1978","1":"product","2":"type-product","3":"status-publish","4":"has-post-thumbnail","6":"product_cat-t-shirty","8":"first","9":"instock","10":"sale","11":"purchasable","12":"product-type-simple"},"_links":{"self":[{"href":"https:\/\/madelinefashion.pl\/en\/wp-json\/wp\/v2\/product\/1978","targetHints":{"allow":["GET"]}}],"collection":[{"href":"https:\/\/madelinefashion.pl\/en\/wp-json\/wp\/v2\/product"}],"about":[{"href":"https:\/\/madelinefashion.pl\/en\/wp-json\/wp\/v2\/types\/product"}],"wp:featuredmedia":[{"embeddable":true,"href":"https:\/\/madelinefashion.pl\/en\/wp-json\/wp\/v2\/media\/27551"}],"wp:attachment":[{"href":"https:\/\/madelinefashion.pl\/en\/wp-json\/wp\/v2\/media?parent=1978"}],"wp:term":[{"taxonomy":"product_brand","embeddable":true,"href":"https:\/\/madelinefashion.pl\/en\/wp-json\/wp\/v2\/product_brand?post=1978"},{"taxonomy":"product_cat","embeddable":true,"href":"https:\/\/madelinefashion.pl\/en\/wp-json\/wp\/v2\/product_cat?post=1978"},{"taxonomy":"product_tag","embeddable":true,"href":"https:\/\/madelinefashion.pl\/en\/wp-json\/wp\/v2\/product_tag?post=1978"}],"curies":[{"name":"wp","href":"https:\/\/api.w.org\/{rel}","templated":true}]}}