{"id":19849,"date":"2021-09-24T23:24:59","date_gmt":"2021-09-24T21:24:59","guid":{"rendered":"https:\/\/madelinefashion.pl\/?post_type=product&#038;p=19849"},"modified":"2026-02-20T14:58:30","modified_gmt":"2026-02-20T13:58:30","slug":"sweter-azurowy-zapinany-na-guziki-karmel","status":"publish","type":"product","link":"https:\/\/madelinefashion.pl\/en\/product\/sweter-azurowy-zapinany-na-guziki-karmel\/","title":{"rendered":"Openwork Sweater Fastened With Caramel Buttons"},"content":{"rendered":"<h3 style=\"text-align: center;\">Openwork Sweater Fastened With Caramel Buttons<\/h3>\n<p style=\"text-align: center;\"><span style=\"font-size: 10pt;\"><strong>A beautiful, light, braided cardigan, fastened with buttons<\/strong> . This is a proposal for women who are looking for an addition to their styling. You can match the beautiful, delicate colors to your wardrobe as an accessory for a shirt or blouse. You will feel comfortable and beautiful in it. A comfortable, comfortable sweater with a simple cut. Model with long sleeves finished with cuffs, just like the bottom of the sweater. It is made of a nice, elastic fabric. Sweater fastened with 3 decorative buttons. It is available in our store in several color variants. Recommended for women in size SML XL<\/span><\/p>\n<h3 style=\"text-align: center;\">\u00a0 \u00a0 \u00a0Dimensions<\/h3>\n<p style=\"text-align: center;\" align=\"center\">Total length - 60 cm<br \/>\nWidth from armpit to armpit - 56 cm x2<br \/>\nSleeve length from armpit - 52 cm<br \/>\nSleeve length from shoulder - 56 cm<br \/>\nThe width at the bottom - 48-52 cm x2<\/p>\n<p style=\"text-align: center;\"><span style=\"font-size: 10pt;\">\u00a0Dimensions may slightly differ from the given +\/- 2cm. All dimensions given are measured flat. X2 dimension<\/span><\/p>\n<table>\n<tbody>\n<tr>\n<td width=\"302\">Model name<\/td>\n<td width=\"302\">Openwork sweater fastened with buttons<\/td>\n<\/tr>\n<tr>\n<td width=\"302\">Color<\/td>\n<td width=\"302\">caramel<\/td>\n<\/tr>\n<tr>\n<td width=\"302\">Sizes<\/td>\n<td width=\"302\">Universal<\/td>\n<\/tr>\n<tr>\n<td width=\"302\">Fashion<\/td>\n<td width=\"302\">Oversize<\/td>\n<\/tr>\n<tr>\n<td width=\"302\">Warmed up<\/td>\n<td width=\"302\">Uninsulated<\/td>\n<\/tr>\n<tr>\n<td width=\"302\">Material<\/td>\n<td width=\"302\">65 % Acrylic 15 % Nylon<\/td>\n<\/tr>\n<\/tbody>\n<\/table>\n<p style=\"text-align: center;\">\u00a0The model has\u00a0<strong>165<\/strong>\u00a0cm tall, wears a size every day\u00a0<strong>S.<\/strong><\/p>","protected":false},"excerpt":{"rendered":"<p>Sweter A\u017curowy Zapinany Na Guziki Karmel Przepi\u0119kny, lekki , pleciony sweterek, zapinany na guziki . To propozycja dla Pa\u0144 kt\u00f3re szukaj\u0105 dodatku do swojej stylizacji. Przepi\u0119kne delikatne kolory dopasujesz do swojej szafy jako dodatek na koszule lub bluzk\u0119. B\u0119dziesz czu\u0107 si\u0119 w nim wygodnie I pi\u0119knie . Wygodny, komfortowy sweterek o prostym fasonie. Model z<\/p>\n<div class=\"klb-readmore post-buttons\"><a class=\"button black outline size-sm\" href=\"https:\/\/madelinefashion.pl\/en\/product\/sweter-azurowy-zapinany-na-guziki-karmel\/\">Read More <i class=\"klbth-icon-right-arrow\"><\/i><\/a><\/div>","protected":false},"featured_media":19808,"template":"","meta":[],"product_brand":[],"product_cat":[78,395],"product_tag":[],"class_list":{"0":"post-19849","1":"product","2":"type-product","3":"status-publish","4":"has-post-thumbnail","6":"product_cat-swetry-damskie","7":"product_cat-nowosci","9":"first","10":"outofstock","11":"purchasable","12":"product-type-simple"},"_links":{"self":[{"href":"https:\/\/madelinefashion.pl\/en\/wp-json\/wp\/v2\/product\/19849","targetHints":{"allow":["GET"]}}],"collection":[{"href":"https:\/\/madelinefashion.pl\/en\/wp-json\/wp\/v2\/product"}],"about":[{"href":"https:\/\/madelinefashion.pl\/en\/wp-json\/wp\/v2\/types\/product"}],"wp:featuredmedia":[{"embeddable":true,"href":"https:\/\/madelinefashion.pl\/en\/wp-json\/wp\/v2\/media\/19808"}],"wp:attachment":[{"href":"https:\/\/madelinefashion.pl\/en\/wp-json\/wp\/v2\/media?parent=19849"}],"wp:term":[{"taxonomy":"product_brand","embeddable":true,"href":"https:\/\/madelinefashion.pl\/en\/wp-json\/wp\/v2\/product_brand?post=19849"},{"taxonomy":"product_cat","embeddable":true,"href":"https:\/\/madelinefashion.pl\/en\/wp-json\/wp\/v2\/product_cat?post=19849"},{"taxonomy":"product_tag","embeddable":true,"href":"https:\/\/madelinefashion.pl\/en\/wp-json\/wp\/v2\/product_tag?post=19849"}],"curies":[{"name":"wp","href":"https:\/\/api.w.org\/{rel}","templated":true}]}}