{"id":19901,"date":"2021-09-25T15:49:34","date_gmt":"2021-09-25T13:49:34","guid":{"rendered":"https:\/\/madelinefashion.pl\/?post_type=product&#038;p=19901"},"modified":"2026-01-15T12:43:23","modified_gmt":"2026-01-15T11:43:23","slug":"plaszcz-alpaka-lirosse-zlote-guziki-szary","status":"publish","type":"product","link":"https:\/\/madelinefashion.pl\/en\/product\/plaszcz-alpaka-lirosse-zlote-guziki-szary\/","title":{"rendered":"Alpaca coat Lirosse Gold Buttons Gray"},"content":{"rendered":"<h3 style=\"text-align: center;\">Alpaca coat Lirosse Gold Buttons Gray<\/h3>\n<p style=\"text-align: center;\"><strong>Alpaca Lirosse coat<\/strong>\u00a0 fastened with golden buttons it is real <strong>season hit<\/strong>. Jest to po\u0142\u0105czenie elegancji, nowoczesno\u015bci i funkcjonalno\u015bci \u2013 D\u0142ugi p\u0142aszczyk wpisuje si\u0119 w ka\u017cd\u0105 sylwetk\u0119 i stylizacj\u0119. Wykonany z bardzo modnego i niezwykle przyjemnego materia\u0142u \u2013 \u201ealpaka\u201d . Ciep\u0142y, idealny na wiosn\u0119 i jesie\u0144. Oversizeowy, lu\u017any kr\u00f3j pasuj\u0105cy do eleganckiej, casualowej jak i sportowej stylizacji. Narzutka posiada kieszenie po bokach zapinane na suwak. Zapinana na pi\u0119\u0107 guzik\u00f3w, kt\u00f3re s\u0105 koloru z\u0142otego. P\u0142aszczyk idealny na ka\u017cd\u0105 okazj\u0119. Fenomenalny fason, kt\u00f3ry sprawi \u017ce b\u0119dziesz czu\u0107 si\u0119 modnie i komfortowo. <strong>The coat has decorative golden buttons that will add style and elegance.<\/strong>In our online store you will find a large selection of coats for unbeatable prices <strong>low price<\/strong>. Suitable for any style, for everyday wear, but thanks to the right accessories, you can also create an original outfit for the evening<strong>an omantic walk and a business trip<\/strong>. The model is suitable for ladies wearing size <strong>SML XL<\/strong><strong> i XXL. P\u0142aszcz Alpaka Lirosse Z\u0142ote Guziki\u00a0 \u2013 dost\u0119pna w kilku wersjach kolorystycznych.<br \/>\n<\/strong><\/p>\n<h3 style=\"text-align: center;\">Coat dimensions:<\/h3>\n<ul>\n<li style=\"text-align: center;\">D\u0142ugo\u015b\u0107 ca\u0142kowita \u2013 91 cm<\/li>\n<li style=\"text-align: center;\">Szeroko\u015b\u0107 w ramionach \u2013 46 cm<\/li>\n<li style=\"text-align: center;\">Width from armpit to armpit \u2013 60 cm x2<\/li>\n<li style=\"text-align: center;\">Szeroko\u015b\u0107 w talii \u2013 56 cm x2<\/li>\n<li style=\"text-align: center;\">Szeroko\u015b\u0107 w biodrach \u2013 56 cm x2<\/li>\n<li style=\"text-align: center;\">D\u0142ugo\u015b\u0107\u00a0 r\u0119kawa od ramienia \u2013 60 cm<\/li>\n<li style=\"text-align: center;\">D\u0142ugo\u015b\u0107\u00a0 r\u0119kawa od pachy \u2013 42 cm<\/li>\n<li style=\"text-align: center;\">Bicep width \u2013 20 cm x2<\/li>\n<\/ul>\n<p style=\"text-align: center;\">Dimensions may slightly differ from the given +\/- 2cm. All dimensions given are measured flat.<\/p>\n<p style=\"text-align: center;\"><strong>\u00a0<\/strong><\/p>\n<table width=\"499\">\n<tbody>\n<tr>\n<td width=\"302\">Model name<\/td>\n<td width=\"302\">Alpaca coat Lirosse Golden Buttons<\/td>\n<\/tr>\n<tr>\n<td width=\"302\">Color<\/td>\n<td width=\"302\">Gray<\/td>\n<\/tr>\n<tr>\n<td width=\"302\">Collection<\/td>\n<td width=\"302\">Spring \/ Autumn \/ Winter<\/td>\n<\/tr>\n<tr>\n<td width=\"302\">Sizes<\/td>\n<td width=\"302\">Universal<\/td>\n<\/tr>\n<tr>\n<td width=\"302\">Fashion<\/td>\n<td width=\"302\">Oversize<\/td>\n<\/tr>\n<tr>\n<td width=\"302\">Hood<\/td>\n<td width=\"302\">Without the hood<\/td>\n<\/tr>\n<tr>\n<td width=\"302\">Fastening<\/td>\n<td width=\"302\">Buttons<\/td>\n<\/tr>\n<tr>\n<td width=\"302\">Material<\/td>\n<td width=\"302\">38.4 % Wool 23.5 % Polyester 15.3 % Angora 22.8 % Viscose<\/td>\n<\/tr>\n<\/tbody>\n<\/table>\n<p>\u00a0<\/p>\n<p style=\"text-align: center;\">The model has <strong>165<\/strong>\u00a0cm tall, he wears it every day\u00a0<strong>size S.<\/strong><\/p>","protected":false},"excerpt":{"rendered":"<p>P\u0142aszcz Alpaka Lirosse Z\u0142ote Guziki Szary P\u0142aszcz Alpaka Lirosse\u00a0 zapinany na z\u0142ote guziki to prawdziwy hit sezonu. Jest to po\u0142\u0105czenie elegancji, nowoczesno\u015bci i funkcjonalno\u015bci \u2013 D\u0142ugi p\u0142aszczyk wpisuje si\u0119 w ka\u017cd\u0105 sylwetk\u0119 i stylizacj\u0119. Wykonany z bardzo modnego i niezwykle przyjemnego materia\u0142u \u2013 \u201ealpaka\u201d . Ciep\u0142y, idealny na wiosn\u0119 i jesie\u0144. Oversizeowy, lu\u017any kr\u00f3j pasuj\u0105cy<\/p>\n<div class=\"klb-readmore post-buttons\"><a class=\"button black outline size-sm\" href=\"https:\/\/madelinefashion.pl\/en\/product\/plaszcz-alpaka-lirosse-zlote-guziki-szary\/\">Read More <i class=\"klbth-icon-right-arrow\"><\/i><\/a><\/div>","protected":false},"featured_media":19891,"template":"","meta":[],"product_brand":[],"product_cat":[120,102,279],"product_tag":[284],"class_list":{"0":"post-19901","1":"product","2":"type-product","3":"status-publish","4":"has-post-thumbnail","6":"product_cat-plaszcze-dlugie","7":"product_cat-plaszcze-plus-size","8":"product_cat-plaszcze-wiosenne","9":"product_tag-alpaka","10":"pa_rozmiar-xl","11":"pa_rozmiar-s","12":"pa_rozmiar-m","13":"pa_rozmiar-l","15":"first","16":"outofstock","17":"sale","18":"purchasable","19":"product-type-simple"},"_links":{"self":[{"href":"https:\/\/madelinefashion.pl\/en\/wp-json\/wp\/v2\/product\/19901","targetHints":{"allow":["GET"]}}],"collection":[{"href":"https:\/\/madelinefashion.pl\/en\/wp-json\/wp\/v2\/product"}],"about":[{"href":"https:\/\/madelinefashion.pl\/en\/wp-json\/wp\/v2\/types\/product"}],"wp:featuredmedia":[{"embeddable":true,"href":"https:\/\/madelinefashion.pl\/en\/wp-json\/wp\/v2\/media\/19891"}],"wp:attachment":[{"href":"https:\/\/madelinefashion.pl\/en\/wp-json\/wp\/v2\/media?parent=19901"}],"wp:term":[{"taxonomy":"product_brand","embeddable":true,"href":"https:\/\/madelinefashion.pl\/en\/wp-json\/wp\/v2\/product_brand?post=19901"},{"taxonomy":"product_cat","embeddable":true,"href":"https:\/\/madelinefashion.pl\/en\/wp-json\/wp\/v2\/product_cat?post=19901"},{"taxonomy":"product_tag","embeddable":true,"href":"https:\/\/madelinefashion.pl\/en\/wp-json\/wp\/v2\/product_tag?post=19901"}],"curies":[{"name":"wp","href":"https:\/\/api.w.org\/{rel}","templated":true}]}}