{"id":19937,"date":"2021-09-25T16:35:56","date_gmt":"2021-09-25T14:35:56","guid":{"rendered":"https:\/\/madelinefashion.pl\/?post_type=product&#038;p=19937"},"modified":"2026-02-20T14:58:29","modified_gmt":"2026-02-20T13:58:29","slug":"kardigan-alpaka-maxi-czarny-solerno","status":"publish","type":"product","link":"https:\/\/madelinefashion.pl\/en\/product\/kardigan-alpaka-maxi-czarny-solerno\/","title":{"rendered":"Alpaca Maxi Cardigan Black Solerno"},"content":{"rendered":"<h3 style=\"text-align: center;\">Alpaca Maxi Cardigan Black Solerno<\/h3>\n<p style=\"text-align: center;\"><strong>Alpaca cardigan Maxi Solerno <\/strong>is a combination of elegance, modernity and functionality <strong>- Extremely soft, long cardigan is a MUST HAVE in every wardrobe! <\/strong>This timeless design will prove phenomenal in every edition! Our long sweater<strong> it will complement both everyday and elegant styles. It is a universal model that will charm everyone. <\/strong>Cardigans can add charm to any outfit. A slightly loose cut in combination with jeans and boots will give you an original character. It looks beautiful both for elegant and sporty styling, loosely wrapping the figure.<strong> Each of us should have such a sweater in our wardrobe.<\/strong> Classic cut, unique in casual style. Superb quality at the best price! European product, very good quality of the material. Perfectly fits the figure.<strong>\u00a0<\/strong>Perfect for school, work, a date or meeting with friends! Recommended for ladies in size SML XL when wearing a larger size, please see the table below.<\/p>\n<h3 style=\"text-align: center;\">Cardigan perfect for any occasion<\/h3>\n<ul style=\"text-align: center;\">\n<li>Flexible material<\/li>\n<li>Nice to touch<\/li>\n<li>Pockets<\/li>\n<li>Cuffs on the sleeves<\/li>\n<li>Pockets<\/li>\n<li>Very warm and pleasant to the touch<\/li>\n<\/ul>\n<h3 style=\"text-align: center;\">Dimensions<\/h3>\n<ul style=\"text-align: center;\">\n<li>Length: 102 cm<\/li>\n<li>Underarm width: 52-60 cm x2<\/li>\n<li>Waist width: 50-62 cm x2<\/li>\n<li>Sleeve length from armpit: 46 cm<br \/>\nSleeve length from the shoulder: 60 cm<\/li>\n<\/ul>\n<p style=\"text-align: center;\">Dimensions may slightly differ from the given +\/- 2cm. All dimensions given are measured flat. <strong>X2 dimension<\/strong><\/p>\n<p style=\"text-align: center;\"><strong>\u00a0<\/strong><\/p>\n<p>&nbsp;<\/p>\n<table>\n<tbody>\n<tr>\n<td width=\"302\">Model name<\/td>\n<td width=\"302\">Alpaca cardigan Maxi Solerno<\/td>\n<\/tr>\n<tr>\n<td width=\"302\">Color<\/td>\n<td width=\"302\">Black<\/td>\n<\/tr>\n<tr>\n<td width=\"302\">Sizes<\/td>\n<td width=\"302\">Universal<\/td>\n<\/tr>\n<tr>\n<td width=\"302\">Fashion<\/td>\n<td width=\"302\">Oversize<\/td>\n<\/tr>\n<tr>\n<td width=\"302\">Hood<\/td>\n<td width=\"302\">Not<\/td>\n<\/tr>\n<tr>\n<td width=\"302\">Warmed up<\/td>\n<td width=\"302\">Uninsulated<\/td>\n<\/tr>\n<tr>\n<td width=\"302\">Material<\/td>\n<td width=\"302\">100 % Polyester<\/td>\n<\/tr>\n<\/tbody>\n<\/table>\n<p>&nbsp;<\/p>\n<div class=\"tabs tabs-bb clear mb-80\">\n<div class=\"tab-content\">\n<div id=\"tab-description\" class=\"tab-pane fade in woocommerce-Tabs-panel--description active\">\n<p style=\"text-align: center;\">The model has\u00a0<strong>165<\/strong>\u00a0cm tall, he wears it every day\u00a0<strong>size S.<\/strong><\/p>\n<p>&nbsp;<\/p>\n<\/div>\n<\/div>\n<\/div>\n<section class=\"related products mb-80\"><\/section>","protected":false},"excerpt":{"rendered":"<p>Kardigan Alpaka Maxi Czarny Solerno Kardigan Alpaka Maxi\u00a0 Solerno to po\u0142\u0105czenie elegancji, nowoczesno\u015bci i funkcjonalno\u015bci \u2013 Niezwykle mi\u0119kki, d\u0142ugi kardigan to MUST HAVE w ka\u017cdej garderobie! Ten ponadczasowy fason sprawdzi si\u0119 fenomenalnie w ka\u017cdym wydaniu! Nasz d\u0142ugi sweter uzupe\u0142ni zar\u00f3wno stylizacje codzienne, jak i te eleganckie. Jest to uniwersalny model, kt\u00f3ry oczaruje ka\u017cdego. Kardigany mog\u0105<\/p>\n<div class=\"klb-readmore post-buttons\"><a class=\"button black outline size-sm\" href=\"https:\/\/madelinefashion.pl\/en\/product\/kardigan-alpaka-maxi-czarny-solerno\/\">Read More <i class=\"klbth-icon-right-arrow\"><\/i><\/a><\/div>","protected":false},"featured_media":0,"template":"","meta":[],"product_brand":[],"product_cat":[91,395],"product_tag":[],"class_list":{"0":"post-19937","1":"product","2":"type-product","3":"status-publish","5":"product_cat-kardigany-damskie","6":"product_cat-nowosci","8":"first","9":"outofstock","10":"purchasable","11":"product-type-simple"},"_links":{"self":[{"href":"https:\/\/madelinefashion.pl\/en\/wp-json\/wp\/v2\/product\/19937","targetHints":{"allow":["GET"]}}],"collection":[{"href":"https:\/\/madelinefashion.pl\/en\/wp-json\/wp\/v2\/product"}],"about":[{"href":"https:\/\/madelinefashion.pl\/en\/wp-json\/wp\/v2\/types\/product"}],"wp:attachment":[{"href":"https:\/\/madelinefashion.pl\/en\/wp-json\/wp\/v2\/media?parent=19937"}],"wp:term":[{"taxonomy":"product_brand","embeddable":true,"href":"https:\/\/madelinefashion.pl\/en\/wp-json\/wp\/v2\/product_brand?post=19937"},{"taxonomy":"product_cat","embeddable":true,"href":"https:\/\/madelinefashion.pl\/en\/wp-json\/wp\/v2\/product_cat?post=19937"},{"taxonomy":"product_tag","embeddable":true,"href":"https:\/\/madelinefashion.pl\/en\/wp-json\/wp\/v2\/product_tag?post=19937"}],"curies":[{"name":"wp","href":"https:\/\/api.w.org\/{rel}","templated":true}]}}