{"id":20065,"date":"2021-09-25T20:48:16","date_gmt":"2021-09-25T18:48:16","guid":{"rendered":"https:\/\/madelinefashion.pl\/?post_type=product&#038;p=20065"},"modified":"2025-09-09T10:33:14","modified_gmt":"2025-09-09T08:33:14","slug":"sukienka-szyfonowa-z-dlugim-rekawem-turkusowa-lisbona","status":"publish","type":"product","link":"https:\/\/madelinefashion.pl\/en\/product\/sukienka-szyfonowa-z-dlugim-rekawem-turkusowa-lisbona\/","title":{"rendered":"Turquoise Lisbona Chiffon Dress with Long Sleeves"},"content":{"rendered":"<h3 style=\"text-align: center;\">Turquoise Lisbona Chiffon Dress with Long Sleeves<\/h3>\n<p style=\"text-align: center;\">Dress <strong>Lisbon dress<\/strong> in color <strong>Marine <\/strong>It is made of airy material that is pleasant to the touch. The top of the dress is fitted with an elastic band at the waist. <strong>Dress<\/strong> <strong>Lisbon<\/strong> with frills. Perfect for everyday use as well as for parties. Perfectly fits the figure. Perfect for school, work, a date or meeting with friends! <strong>Perfect for any time and occasion! Incredibly feminine, elegant dress<\/strong> has a lining and an elegant belt included. The chiffon dress has a lining and long sleeves finished with a decorative welt. Dress in a universal size recommended from<strong> S to XL.<\/strong> Available in several colors. Airy cut ensures comfort of movements. The perfect proposition for weddings, weddings, family celebrations, banquets.<\/p>\n<h3 style=\"text-align: center;\">Dimensions:<\/h3>\n<ul style=\"text-align: center;\">\n<li style=\"text-align: center;\"><span style=\"font-size: 10pt;\">\u00a0\u00a0\u00a0\u00a0\u00a0\u00a0\u00a0 total length at the front: 96 cm<\/span><\/li>\n<li style=\"text-align: center;\"><span style=\"font-size: 10pt;\">\u00a0\u00a0\u00a0\u00a0\u00a0\u00a0\u00a0 width from armpit to armpit: 40-54 cm x2<\/span><\/li>\n<li style=\"text-align: center;\"><span style=\"font-size: 10pt;\">\u00a0\u00a0\u00a0\u00a0\u00a0\u00a0\u00a0 sleeve length from armpit: 49 cm<\/span><\/li>\n<li style=\"text-align: center;\"><span style=\"font-size: 10pt;\">\u00a0\u00a0\u00a0\u00a0\u00a0\u00a0\u00a0 sleeve length from shoulder: 64 cm<\/span><\/li>\n<li style=\"text-align: center;\"><span style=\"font-size: 10pt;\">\u00a0\u00a0\u00a0\u00a0\u00a0\u00a0\u00a0 waist width: 28-46cm x2<\/span><\/li>\n<\/ul>\n<p>&nbsp;<\/p>\n<p style=\"text-align: center;\"><span style=\"font-size: 10pt;\">Dimensions may slightly differ from the given +\/- 2cm. All dimensions given are measured flat.<\/span><\/p>\n<p style=\"text-align: center;\"><span style=\"font-size: 10pt;\">\u00a0<\/span><\/p>\n<table width=\"621\">\n<tbody>\n<tr>\n<td width=\"302\">Model name<\/td>\n<td width=\"302\">Chiffon Dress with Long Sleeves Lisbona<\/td>\n<\/tr>\n<tr>\n<td width=\"302\">Color<\/td>\n<td width=\"302\">Sea - turquoise<\/td>\n<\/tr>\n<tr>\n<td width=\"302\">Fashion<\/td>\n<td width=\"302\">Oversize<\/td>\n<\/tr>\n<tr>\n<td width=\"302\">Material<\/td>\n<td width=\"302\">95 % Polyester 5% Elastane<\/td>\n<\/tr>\n<tr>\n<td width=\"302\">Length<\/td>\n<td width=\"302\">At knee<\/td>\n<\/tr>\n<\/tbody>\n<\/table>\n<p>&nbsp;<\/p>\n<p style=\"text-align: center;\">\u00a0The model has <strong>165<\/strong> cm tall, wears a size every day\u00a0<strong>S.<\/strong><\/p>\n<div class=\"additional-details\" style=\"text-align: center;\">\n<p>&nbsp;<\/p>\n<\/div>","protected":false},"excerpt":{"rendered":"<p>Sukienka Szyfonowa z D\u0142ugim R\u0119kawem Turkusowa Lisbona Sukienka Sukienka Lisbona w kolorze Morskim wykonana jest\u00a0 z przyjemnego w dotyku\u00a0 zwiewnego materia\u0142u. G\u00f3ra sukienki dopasowana w tali gumka. Sukienka Lisbona z falbankami.\u00a0 Idealna zar\u00f3wno na co dzie\u0144 jak i na imprezy. Idealnie dopasowuje si\u0119 do sylwetki. Idealne do szko\u0142y, do pracy, na randk\u0119 czy spotkanie z<\/p>\n<div class=\"klb-readmore post-buttons\"><a class=\"button black outline size-sm\" href=\"https:\/\/madelinefashion.pl\/en\/product\/sukienka-szyfonowa-z-dlugim-rekawem-turkusowa-lisbona\/\">Read More <i class=\"klbth-icon-right-arrow\"><\/i><\/a><\/div>","protected":false},"featured_media":20038,"template":"","meta":[],"product_brand":[],"product_cat":[125,395],"product_tag":[],"class_list":{"0":"post-20065","1":"product","2":"type-product","3":"status-publish","4":"has-post-thumbnail","6":"product_cat-sukienki","7":"product_cat-nowosci","9":"first","10":"instock","11":"purchasable","12":"product-type-simple"},"_links":{"self":[{"href":"https:\/\/madelinefashion.pl\/en\/wp-json\/wp\/v2\/product\/20065","targetHints":{"allow":["GET"]}}],"collection":[{"href":"https:\/\/madelinefashion.pl\/en\/wp-json\/wp\/v2\/product"}],"about":[{"href":"https:\/\/madelinefashion.pl\/en\/wp-json\/wp\/v2\/types\/product"}],"wp:featuredmedia":[{"embeddable":true,"href":"https:\/\/madelinefashion.pl\/en\/wp-json\/wp\/v2\/media\/20038"}],"wp:attachment":[{"href":"https:\/\/madelinefashion.pl\/en\/wp-json\/wp\/v2\/media?parent=20065"}],"wp:term":[{"taxonomy":"product_brand","embeddable":true,"href":"https:\/\/madelinefashion.pl\/en\/wp-json\/wp\/v2\/product_brand?post=20065"},{"taxonomy":"product_cat","embeddable":true,"href":"https:\/\/madelinefashion.pl\/en\/wp-json\/wp\/v2\/product_cat?post=20065"},{"taxonomy":"product_tag","embeddable":true,"href":"https:\/\/madelinefashion.pl\/en\/wp-json\/wp\/v2\/product_tag?post=20065"}],"curies":[{"name":"wp","href":"https:\/\/api.w.org\/{rel}","templated":true}]}}