{"id":20154,"date":"2021-09-26T12:16:10","date_gmt":"2021-09-26T10:16:10","guid":{"rendered":"https:\/\/madelinefashion.pl\/?post_type=product&#038;p=20154"},"modified":"2026-01-20T10:34:14","modified_gmt":"2026-01-20T09:34:14","slug":"bluza-dluga-z-kapturem-jasno-szara-sophia","status":"publish","type":"product","link":"https:\/\/madelinefashion.pl\/en\/product\/bluza-dluga-z-kapturem-jasno-szara-sophia\/","title":{"rendered":"Long Hooded Sweatshirt Light Gray Sophia"},"content":{"rendered":"<h3 style=\"text-align: center;\">Long Hooded Sweatshirt Light Gray Sophia<\/h3>\n<p style=\"text-align: center;\"><strong>Long Hooded Sweatshirt Light Gray Sophia<\/strong> is the perfect model for walks, outings and long winter evenings at home. You can successfully dress it for everyday outings, work, family gatherings and meetings with friends. Our model z <b>hoodie <\/b>and large pockets <strong>\u00a0<\/strong>she is very feminine and cute. Certainly, it will add a timeless character to your styling. The comfortable hood will protect you on windy days. The sweatshirt is made of a very soft and pleasant to the touch fabric. Functional cut, zippered with pockets on the front.<strong>Warm sweatshirt<\/strong> \u2013 z pewno\u015bci\u0105 Ci\u0119 zachwyci. Bluza to<strong> indispensable element<\/strong> women&#039;s wardrobe. You can also wear our sweatshirt as a transitional coat. A looser hoodie is a must-have product in your wardrobe. Oversize sweatshirt perfect for women who value comfort. A long sweatshirt will blend in beautifully with sneakers. <strong>In this sweatshirt<\/strong> you will certainly be <strong>stand out with<\/strong> <strong>crowd.\u00a0<\/strong> The perfect proposition for autumn and winter days !! Our model fits perfectly <a href=\"https:\/\/madelinefashion.pl\/en\/spodnie\/\">jeans <\/a>.\u00a0<strong>The best-selling model<\/strong> pasuj\u0105cy zar\u00f3wno do sportowych, jak i casualowych stylizacji, a najnowszy trend to po prostu po\u0142\u0105czenie obu styl\u00f3w \u2013 sportowego i eleganckiego. Zainspiruj si\u0119 strojami blogerek lub celebryt\u00f3w \u2013 Uzupe\u0142nij Swoj\u0105 szaf\u0119 o Bluz\u0119 \u2013 Oversize. Rozmiar jest uniwersalny i b\u0119dzie odpowiedni dla <b>Ladies in sizes S, M, L, XL, XXL\u00a0\u00a0<\/b><\/p>\n<h3 style=\"text-align: center;\">Characteristics:<\/h3>\n<p style=\"text-align: center;\">\u2013 bluza z kapturem<br \/>\n\u2013 ciep\u0142a i mi\u0119kka, idealna na ch\u0142odne wiosenne i zimowe dni<br \/>\n- fastened with a zipper<br \/>\n- front pockets<br \/>\n-long sweatshirt<\/p>\n<h3 style=\"text-align: center;\">Dimensions:<\/h3>\n<ul style=\"text-align: center;\">\n<li>Total length front: 93 cm<\/li>\n<li>Underarm width: 68 cm x2<\/li>\n<li>Sleeve length from armpit: 46 cm<br \/>\nBottom width: 58 cm x2<\/li>\n<li>Max at the bust 125 cm<\/li>\n<\/ul>\n<p style=\"text-align: center;\">Dimensions may slightly differ from the given +\/- 2cm. All dimensions given are measured flat. X2 dimension<\/p>\n<p style=\"text-align: center;\"><span style=\"font-size: 10pt;\">\u00a0<\/span><\/p>\n<p style=\"text-align: center;\"><span style=\"font-size: 10pt;\">\u00a0<\/span><\/p>\n<table width=\"608\">\n<tbody>\n<tr>\n<td width=\"302\">Model name<\/td>\n<td width=\"302\">Long Hoodie Sophia<\/td>\n<\/tr>\n<tr>\n<td width=\"302\">Color<\/td>\n<td width=\"302\">Light Gray<\/td>\n<\/tr>\n<tr>\n<td width=\"302\">Sizes<\/td>\n<td width=\"302\">Universal<\/td>\n<\/tr>\n<tr>\n<td width=\"302\">Fashion<\/td>\n<td width=\"302\">Oversize<\/td>\n<\/tr>\n<tr>\n<td width=\"302\">Material<\/td>\n<td width=\"302\">Cotton 95%, Elastane 5%<\/td>\n<\/tr>\n<\/tbody>\n<\/table>\n<p style=\"text-align: center;\"><span style=\"font-size: 10pt;\">\u00a0<\/span><\/p>\n<div class=\"tabs tabs-bb clear mb-80\">\n<div class=\"tab-content\">\n<div id=\"tab-description\" class=\"tab-pane fade in woocommerce-Tabs-panel--description active\">\n<p style=\"text-align: center;\">\u00a0The model has\u00a0<strong>165<\/strong>\u00a0cm tall, wears a size every day\u00a0<strong>S.<\/strong><span style=\"font-size: 10pt;\">\u00a0<\/span><\/p>\n<\/div>\n<\/div>\n<\/div>","protected":false},"excerpt":{"rendered":"<p>Bluza D\u0142uga Z Kapturem Jasno Szara Sophia Bluza D\u0142uga Z Kapturem Jasno Szara Sophia to idealny model na spacery, wyj\u015bcia jak i d\u0142ugie zimowe wieczory w domu. Z powodzeniem mo\u017cesz j\u0105 ubra\u0107 na codzienne wyj\u015bcia, do pracy, spotkanie rodzinne i spotkania z przyjaci\u00f3\u0142mi.\u00a0 Nasz model z kapturem oraz du\u017cymi kieszeniami \u00a0jest bardzo kobiecy i uroczy.<\/p>\n<div class=\"klb-readmore post-buttons\"><a class=\"button black outline size-sm\" href=\"https:\/\/madelinefashion.pl\/en\/product\/bluza-dluga-z-kapturem-jasno-szara-sophia\/\">Read More <i class=\"klbth-icon-right-arrow\"><\/i><\/a><\/div>","protected":false},"featured_media":20146,"template":"","meta":[],"product_brand":[],"product_cat":[255,395],"product_tag":[385],"class_list":{"0":"post-20154","1":"product","2":"type-product","3":"status-publish","4":"has-post-thumbnail","6":"product_cat-bluzy","7":"product_cat-nowosci","8":"product_tag-plus-size","10":"first","11":"outofstock","12":"sale","13":"purchasable","14":"product-type-simple"},"_links":{"self":[{"href":"https:\/\/madelinefashion.pl\/en\/wp-json\/wp\/v2\/product\/20154","targetHints":{"allow":["GET"]}}],"collection":[{"href":"https:\/\/madelinefashion.pl\/en\/wp-json\/wp\/v2\/product"}],"about":[{"href":"https:\/\/madelinefashion.pl\/en\/wp-json\/wp\/v2\/types\/product"}],"wp:featuredmedia":[{"embeddable":true,"href":"https:\/\/madelinefashion.pl\/en\/wp-json\/wp\/v2\/media\/20146"}],"wp:attachment":[{"href":"https:\/\/madelinefashion.pl\/en\/wp-json\/wp\/v2\/media?parent=20154"}],"wp:term":[{"taxonomy":"product_brand","embeddable":true,"href":"https:\/\/madelinefashion.pl\/en\/wp-json\/wp\/v2\/product_brand?post=20154"},{"taxonomy":"product_cat","embeddable":true,"href":"https:\/\/madelinefashion.pl\/en\/wp-json\/wp\/v2\/product_cat?post=20154"},{"taxonomy":"product_tag","embeddable":true,"href":"https:\/\/madelinefashion.pl\/en\/wp-json\/wp\/v2\/product_tag?post=20154"}],"curies":[{"name":"wp","href":"https:\/\/api.w.org\/{rel}","templated":true}]}}