{"id":20155,"date":"2021-09-26T12:20:18","date_gmt":"2021-09-26T10:20:18","guid":{"rendered":"https:\/\/madelinefashion.pl\/?post_type=product&#038;p=20155"},"modified":"2026-01-20T10:34:14","modified_gmt":"2026-01-20T09:34:14","slug":"bluza-dluga-z-kapturem-karmelowa-sophia","status":"publish","type":"product","link":"https:\/\/madelinefashion.pl\/en\/product\/bluza-dluga-z-kapturem-karmelowa-sophia\/","title":{"rendered":"Long Hoodie Caramel Sophia"},"content":{"rendered":"<h3 style=\"text-align: center;\">Long Hoodie Caramel Sophia<\/h3>\n<p style=\"text-align: center;\"><strong>Long Hoodie Caramel Sophia<\/strong> is the perfect model for walks, outings and long winter evenings at home. You can successfully dress it for everyday outings, work, family gatherings and meetings with friends. Our model z <b>hoodie <\/b>and large pockets <strong>\u00a0<\/strong>she is very feminine and cute. Certainly, it will add a timeless character to your styling. The comfortable hood will protect you on windy days. The sweatshirt is made of a very soft and pleasant to the touch fabric. Functional cut, zippered with pockets on the front.<strong>Warm sweatshirt<\/strong> - it will surely delight you. Sweatshirt it<strong> indispensable element<\/strong> women&#039;s wardrobe. You can also wear our sweatshirt as a transitional coat. A looser hoodie is a must-have product in your wardrobe. Oversize sweatshirt perfect for women who value comfort. A long sweatshirt will blend in beautifully with sneakers. <strong>Caramel sweatshirt<\/strong>which is super warm and comfortable. Such sweatshirts will prove themselves and will serve you all year round. Always put it on when it gets chilly. Oversize hoodie made of high-quality cotton material. <strong>In this sweatshirt<\/strong> you will certainly be <strong>stand out with<\/strong> <strong>crowd.\u00a0<\/strong> The perfect proposition for autumn and winter days !! Our model fits perfectly <a href=\"https:\/\/madelinefashion.pl\/en\/spodnie\/\">jeans <\/a>.\u00a0<strong>The best-selling model<\/strong> suitable for both sports and casual stylizations, and the latest trend is simply a combination of both styles - sporty and elegant. Get inspired by the costumes of bloggers or celebrities - Complete Your Wardrobe with Oversize Sweatshirt. The size is universal and will be suitable for <b>Ladies in sizes S, M, L, XL, XXL\u00a0\u00a0<\/b><\/p>\n<h3 style=\"text-align: center;\">Characteristics:<\/h3>\n<p style=\"text-align: center;\">- Hoodie<br \/>\n- warm and soft, perfect for cold spring and winter days<br \/>\n- fastened with a zipper<br \/>\n- front pockets<br \/>\n-long sweatshirt<\/p>\n<h3 style=\"text-align: center;\">Dimensions:<\/h3>\n<ul style=\"text-align: center;\">\n<li>Total length front: 93 cm<\/li>\n<li>Underarm width: 68 cm x2<\/li>\n<li>Sleeve length from armpit: 46 cm<br \/>\nBottom width: 58 cm x2<\/li>\n<li>Max at the bust 125 cm<\/li>\n<\/ul>\n<p style=\"text-align: center;\">Dimensions may slightly differ from the given +\/- 2cm. All dimensions given are measured flat. X2 dimension<\/p>\n<p style=\"text-align: center;\"><span style=\"font-size: 10pt;\">\u00a0<\/span><\/p>\n<p style=\"text-align: center;\"><span style=\"font-size: 10pt;\">\u00a0<\/span><\/p>\n<table width=\"608\">\n<tbody>\n<tr>\n<td width=\"302\">Model name<\/td>\n<td width=\"302\">Long Hoodie Sophia<\/td>\n<\/tr>\n<tr>\n<td width=\"302\">Color<\/td>\n<td width=\"302\">caramel<\/td>\n<\/tr>\n<tr>\n<td width=\"302\">Sizes<\/td>\n<td width=\"302\">Universal<\/td>\n<\/tr>\n<tr>\n<td width=\"302\">Fashion<\/td>\n<td width=\"302\">Oversize<\/td>\n<\/tr>\n<tr>\n<td width=\"302\">Material<\/td>\n<td width=\"302\">Cotton 95%, Elastane 5%<\/td>\n<\/tr>\n<\/tbody>\n<\/table>\n<p style=\"text-align: center;\"><span style=\"font-size: 10pt;\">\u00a0<\/span><\/p>\n<div class=\"tabs tabs-bb clear mb-80\">\n<div class=\"tab-content\">\n<div id=\"tab-description\" class=\"tab-pane fade in woocommerce-Tabs-panel--description active\">\n<p style=\"text-align: center;\">\u00a0The model has\u00a0<strong>165<\/strong>\u00a0cm tall, wears a size every day\u00a0<strong>S.<\/strong><span style=\"font-size: 10pt;\">\u00a0<\/span><\/p>\n<\/div>\n<\/div>\n<\/div>","protected":false},"excerpt":{"rendered":"<p>Bluza D\u0142uga Z Kapturem Karmelowa Sophia Bluza D\u0142uga Z Kapturem Karmelowa Sophia to idealny model na spacery, wyj\u015bcia jak i d\u0142ugie zimowe wieczory w domu. Z powodzeniem mo\u017cesz j\u0105 ubra\u0107 na codzienne wyj\u015bcia, do pracy, spotkanie rodzinne i spotkania z przyjaci\u00f3\u0142mi.\u00a0 Nasz model z kapturem oraz du\u017cymi kieszeniami \u00a0jest bardzo kobiecy i uroczy. Z pewno\u015bci<\/p>\n<div class=\"klb-readmore post-buttons\"><a class=\"button black outline size-sm\" href=\"https:\/\/madelinefashion.pl\/en\/product\/bluza-dluga-z-kapturem-karmelowa-sophia\/\">Read More <i class=\"klbth-icon-right-arrow\"><\/i><\/a><\/div>","protected":false},"featured_media":20148,"template":"","meta":[],"product_brand":[],"product_cat":[255,395],"product_tag":[385],"class_list":{"0":"post-20155","1":"product","2":"type-product","3":"status-publish","4":"has-post-thumbnail","6":"product_cat-bluzy","7":"product_cat-nowosci","8":"product_tag-plus-size","10":"first","11":"instock","12":"sale","13":"purchasable","14":"product-type-simple"},"_links":{"self":[{"href":"https:\/\/madelinefashion.pl\/en\/wp-json\/wp\/v2\/product\/20155","targetHints":{"allow":["GET"]}}],"collection":[{"href":"https:\/\/madelinefashion.pl\/en\/wp-json\/wp\/v2\/product"}],"about":[{"href":"https:\/\/madelinefashion.pl\/en\/wp-json\/wp\/v2\/types\/product"}],"wp:featuredmedia":[{"embeddable":true,"href":"https:\/\/madelinefashion.pl\/en\/wp-json\/wp\/v2\/media\/20148"}],"wp:attachment":[{"href":"https:\/\/madelinefashion.pl\/en\/wp-json\/wp\/v2\/media?parent=20155"}],"wp:term":[{"taxonomy":"product_brand","embeddable":true,"href":"https:\/\/madelinefashion.pl\/en\/wp-json\/wp\/v2\/product_brand?post=20155"},{"taxonomy":"product_cat","embeddable":true,"href":"https:\/\/madelinefashion.pl\/en\/wp-json\/wp\/v2\/product_cat?post=20155"},{"taxonomy":"product_tag","embeddable":true,"href":"https:\/\/madelinefashion.pl\/en\/wp-json\/wp\/v2\/product_tag?post=20155"}],"curies":[{"name":"wp","href":"https:\/\/api.w.org\/{rel}","templated":true}]}}