{"id":20180,"date":"2021-09-26T12:37:31","date_gmt":"2021-09-26T10:37:31","guid":{"rendered":"https:\/\/madelinefashion.pl\/?post_type=product&#038;p=20180"},"modified":"2026-01-20T10:34:13","modified_gmt":"2026-01-20T09:34:13","slug":"bluza-z-zamkiem-na-skos-kornelia-jasno-szara","status":"publish","type":"product","link":"https:\/\/madelinefashion.pl\/en\/product\/bluza-z-zamkiem-na-skos-kornelia-jasno-szara\/","title":{"rendered":"Cornelia Light Gray Sweatshirt With Slant Zipper"},"content":{"rendered":"<h3 style=\"text-align: center;\">Cornelia Light Gray Sweatshirt With Slant Zipper<\/h3>\n<p style=\"text-align: center;\"><strong>Sweatshirt with a diagonal zipper Kornelia Light Gray<\/strong>is the perfect model for walks, outings and long winter evenings at home. You can successfully wear it for everyday outings, to <strong>work, family gatherings and meetings with friends.<\/strong>\u00a0 Our model with a turn-up collar and <strong>diagonal zipper<\/strong>\u00a0she is very feminine and cute. It will surely add to your styling <strong>timeless character.<\/strong> Great sweatshirt for women by Fr.<strong> free cut,<\/strong> fastens at the front with a zipper. It is made of high-quality cotton fabric, which is very <strong>pleasant to the body and fits perfectly. <\/strong>Oversized cut allows freedom of movement. You can combine the sweatshirt with your favorite jeans or leggings. If you are looking for simple and original solutions, this sweatshirt will be there<strong> perfect<\/strong> p<strong>ropposition for you<\/strong>. Functional cut, zippered with pockets on the front.<strong>Warm sweatshirt with a drawstring at the hem<\/strong> - it will surely delight you. Sweatshirt it<strong> indispensable element<\/strong> women&#039;s wardrobe. A looser sweatshirt with a turn-up collar is a must-have product <strong>Your closet<\/strong>. Oversize sweatshirt perfect for women who value comfort. A long sweatshirt will blend in beautifully with sneakers. <strong>In this sweatshirt<\/strong> you will certainly be <strong>stand out with<\/strong> <strong>crowd.\u00a0<\/strong> The perfect proposition for autumn and winter days !! Our model fits perfectly <a href=\"https:\/\/madelinefashion.pl\/en\/spodnie\/\">jeans <\/a>.\u00a0<strong>The best-selling model<\/strong> suitable for both sports and casual stylizations, and the latest trend is simply a combination of both styles - sporty and elegant. Get inspired by the costumes of bloggers or celebrities - Complete Your Wardrobe with Oversize Sweatshirt. The size is universal and will be suitable for <b>Ladies in sizes S, M, L, XL<\/b><\/p>\n<h3 style=\"text-align: center;\">Characteristics:<\/h3>\n<p style=\"text-align: center;\">- sweatshirt with a turn-up collar<br \/>\n- warm and soft, perfect for cold spring and winter days<br \/>\n- fastened with a zipper<br \/>\n- front pockets<br \/>\n-long sweatshirt<\/p>\n<h3 style=\"text-align: center;\">Dimensions:<\/h3>\n<ul style=\"text-align: center;\">\n<li>Total length front: 86 cm<\/li>\n<li>Underarm width: 49 cm x2<\/li>\n<li>Sleeve length from armpit: 47 cm<\/li>\n<li>Waist width: 50cm<\/li>\n<li>Bottom width: 54 cm x2 (string)<\/li>\n<li>Max at the bust 110 cm<\/li>\n<\/ul>\n<p style=\"text-align: center;\">Dimensions may slightly differ from the given +\/- 2cm. All dimensions given are measured flat. X2 dimension<\/p>\n<p style=\"text-align: center;\"><span style=\"font-size: 10pt;\">\u00a0<\/span><\/p>\n<p style=\"text-align: center;\"><span style=\"font-size: 10pt;\">\u00a0<\/span><\/p>\n<table width=\"608\">\n<tbody>\n<tr>\n<td width=\"302\">Model name<\/td>\n<td width=\"302\">Sweatshirt With Slant Zipper Cornelia<\/td>\n<\/tr>\n<tr>\n<td width=\"302\">Color<\/td>\n<td width=\"302\">Light Gray<\/td>\n<\/tr>\n<tr>\n<td width=\"302\">Sizes<\/td>\n<td width=\"302\">Universal<\/td>\n<\/tr>\n<tr>\n<td width=\"302\">Fashion<\/td>\n<td width=\"302\">Oversize<\/td>\n<\/tr>\n<tr>\n<td width=\"302\">Material<\/td>\n<td width=\"302\">Cotton 95%, Elastane 5%<\/td>\n<\/tr>\n<\/tbody>\n<\/table>\n<p style=\"text-align: center;\"><span style=\"font-size: 10pt;\">\u00a0<\/span><\/p>\n<div class=\"tabs tabs-bb clear mb-80\">\n<div class=\"tab-content\">\n<div id=\"tab-description\" class=\"tab-pane fade in woocommerce-Tabs-panel--description active\">\n<p style=\"text-align: center;\">\u00a0The model has\u00a0<strong>165<\/strong>\u00a0cm tall, wears a size every day\u00a0<strong>S.<\/strong><span style=\"font-size: 10pt;\">\u00a0<\/span><\/p>\n<\/div>\n<\/div>\n<\/div>","protected":false},"excerpt":{"rendered":"<p>Bluza Z Zamkiem Na Skos Kornelia Jasno Szara Bluza z zamkiem na skos Kornelia Jasno Szarato idealny model na spacery, wyj\u015bcia jak i d\u0142ugie zimowe wieczory w domu. Z powodzeniem mo\u017cesz j\u0105 ubra\u0107 na codzienne wyj\u015bcia, do pracy, spotkanie rodzinne i spotkania z przyjaci\u00f3\u0142mi.\u00a0 Nasz model z wywijanym ko\u0142nierzem\u00a0oraz zamkiem na skos\u00a0jest bardzo kobiecy i<\/p>\n<div class=\"klb-readmore post-buttons\"><a class=\"button black outline size-sm\" href=\"https:\/\/madelinefashion.pl\/en\/product\/bluza-z-zamkiem-na-skos-kornelia-jasno-szara\/\">Read More <i class=\"klbth-icon-right-arrow\"><\/i><\/a><\/div>","protected":false},"featured_media":20165,"template":"","meta":[],"product_brand":[],"product_cat":[255,395],"product_tag":[],"class_list":{"0":"post-20180","1":"product","2":"type-product","3":"status-publish","4":"has-post-thumbnail","6":"product_cat-bluzy","7":"product_cat-nowosci","9":"first","10":"instock","11":"sale","12":"purchasable","13":"product-type-simple"},"_links":{"self":[{"href":"https:\/\/madelinefashion.pl\/en\/wp-json\/wp\/v2\/product\/20180","targetHints":{"allow":["GET"]}}],"collection":[{"href":"https:\/\/madelinefashion.pl\/en\/wp-json\/wp\/v2\/product"}],"about":[{"href":"https:\/\/madelinefashion.pl\/en\/wp-json\/wp\/v2\/types\/product"}],"wp:featuredmedia":[{"embeddable":true,"href":"https:\/\/madelinefashion.pl\/en\/wp-json\/wp\/v2\/media\/20165"}],"wp:attachment":[{"href":"https:\/\/madelinefashion.pl\/en\/wp-json\/wp\/v2\/media?parent=20180"}],"wp:term":[{"taxonomy":"product_brand","embeddable":true,"href":"https:\/\/madelinefashion.pl\/en\/wp-json\/wp\/v2\/product_brand?post=20180"},{"taxonomy":"product_cat","embeddable":true,"href":"https:\/\/madelinefashion.pl\/en\/wp-json\/wp\/v2\/product_cat?post=20180"},{"taxonomy":"product_tag","embeddable":true,"href":"https:\/\/madelinefashion.pl\/en\/wp-json\/wp\/v2\/product_tag?post=20180"}],"curies":[{"name":"wp","href":"https:\/\/api.w.org\/{rel}","templated":true}]}}