{"id":20209,"date":"2021-09-26T12:59:18","date_gmt":"2021-09-26T10:59:18","guid":{"rendered":"https:\/\/madelinefashion.pl\/?post_type=product&#038;p=20209"},"modified":"2026-04-04T01:37:31","modified_gmt":"2026-04-03T23:37:31","slug":"bluza-plus-size-supelkowa-z-bukli-oversize-butelkowa-zielen","status":"publish","type":"product","link":"https:\/\/madelinefashion.pl\/en\/product\/bluza-plus-size-supelkowa-z-bukli-oversize-butelkowa-zielen\/","title":{"rendered":"Plus Size Bottle Green Oversized Knots Blouse"},"content":{"rendered":"<h3 style=\"text-align: center;\">Plus Size Bottle Green Oversized Knots Blouse<\/h3>\n<p style=\"text-align: center;\"><strong>Plus Size Knit Sweatshirt with Bukla Oversize Burgundy <\/strong>It will also be perfect as a sweatshirt for spring and autumn days. Very nice to the touch, made of a delicate material. Universal loose cut, great for any figure and styling. Zippered sweatshirt has two pockets and a hood. <strong>Polish product<\/strong>, very good quality of the material. A zippered shirt is also recommended for women w <strong>Plus Size. The model is available in several colors! Recommended for women in size ML XL XXL XXXL XXXXL\u00a0<\/strong><\/p>\n<h3 style=\"text-align: center;\">\u00a0 \u00a0 \u00a0 \u00a0Dimensions<\/h3>\n<ul>\n<li style=\"list-style-type: none;\">\n<ul>\n<li style=\"text-align: center;\">overall length: 99 cm<\/li>\n<li style=\"text-align: center;\">width from armpit to armpit: 80 cm x2<\/li>\n<li style=\"text-align: center;\">width at the waist: 71 cm x2<\/li>\n<li style=\"text-align: center;\">bottom width 71 cm x2<\/li>\n<li style=\"text-align: center;\">sleeve length from the shoulder: 60 cm<\/li>\n<li style=\"text-align: center;\">sleeve length from armpit: 40 cm<\/li>\n<li style=\"text-align: center;\">recommended max <strong>circuit<\/strong> in the bust: 150 cm<\/li>\n<\/ul>\n<\/li>\n<\/ul>\n<p style=\"text-align: center;\">Dimensions may slightly differ from the given +\/- 2cm. All dimensions given are measured flat. <strong>X2 dimension<\/strong><\/p>\n<h3 style=\"text-align: center;\">Characteristics:<\/h3>\n<ul>\n<li style=\"text-align: center;\">loose<\/li>\n<li style=\"text-align: center;\">fastened with a plastic zipper<\/li>\n<li style=\"text-align: center;\">oversize cut<\/li>\n<li style=\"text-align: center;\">uninsulated<\/li>\n<li style=\"text-align: center;\">without lining<\/li>\n<li style=\"text-align: center;\">asymmetric<\/li>\n<li style=\"text-align: center;\">pockets<\/li>\n<li style=\"text-align: center;\">hood<\/li>\n<li style=\"text-align: center;\">made in Poland<br \/>\nPlus Size<\/li>\n<\/ul>\n<table>\n<tbody>\n<tr>\n<td width=\"302\">Model name<\/td>\n<td width=\"302\">Plus Size Sweatshirt with knots made of Bukla<\/td>\n<\/tr>\n<tr>\n<td width=\"302\">Color<\/td>\n<td width=\"302\">Bottle green<\/td>\n<\/tr>\n<tr>\n<td width=\"302\">Sizes<\/td>\n<td width=\"302\">Universal<\/td>\n<\/tr>\n<tr>\n<td width=\"302\">Fashion<\/td>\n<td width=\"302\">Oversize<\/td>\n<\/tr>\n<tr>\n<td width=\"302\">Material<\/td>\n<td width=\"302\">95% Cotton 5% Polyester<\/td>\n<\/tr>\n<\/tbody>\n<\/table>\n<p>&nbsp;<\/p>\n<div class=\"tabs tabs-bb clear mb-80\">\n<div class=\"tab-content\">\n<div id=\"tab-description\" class=\"tab-pane fade in woocommerce-Tabs-panel--description active\">\n<p style=\"text-align: center;\">\u00a0The model has\u00a0<strong>165<\/strong>\u00a0cm tall, wears a size every day\u00a0<strong>S.<\/strong><\/p>\n<p>&nbsp;<\/p>\n<\/div>\n<\/div>\n<\/div>\n<section class=\"up-sells upsells products mb-80\"><\/section>\n<p style=\"text-align: center;\">","protected":false},"excerpt":{"rendered":"<p>Bluza Plus Size Supe\u0142kowa z Bukli Oversize Butelkowa Ziele\u0144 Bluza Plus Size Supe\u0142kowa z Bukli Oversize Bordowa , \u015bwietnie sprawdzi si\u0119 r\u00f3wnie\u017c jako bluza na wiosenne i jesienne dni. Bardzo mi\u0142a w dotyku, wykonana z delikatnego materia\u0142u. Uniwersalny\u00a0 lu\u017any fason, \u015bwietny dla ka\u017cdej sylwetki i stylizacji. Bluza zapinana na zamek, posiada dwie kieszonki i kaptur.<\/p>\n<div class=\"klb-readmore post-buttons\"><a class=\"button black outline size-sm\" href=\"https:\/\/madelinefashion.pl\/en\/product\/bluza-plus-size-supelkowa-z-bukli-oversize-butelkowa-zielen\/\">Read More <i class=\"klbth-icon-right-arrow\"><\/i><\/a><\/div>","protected":false},"featured_media":585528,"template":"","meta":[],"product_brand":[],"product_cat":[255,118,102,395],"product_tag":[385],"class_list":{"0":"post-20209","1":"product","2":"type-product","3":"status-publish","4":"has-post-thumbnail","6":"product_cat-bluzy","7":"product_cat-plaszcze","8":"product_cat-plaszcze-plus-size","9":"product_cat-nowosci","10":"product_tag-plus-size","12":"first","13":"instock","14":"sale","15":"purchasable","16":"product-type-simple"},"_links":{"self":[{"href":"https:\/\/madelinefashion.pl\/en\/wp-json\/wp\/v2\/product\/20209","targetHints":{"allow":["GET"]}}],"collection":[{"href":"https:\/\/madelinefashion.pl\/en\/wp-json\/wp\/v2\/product"}],"about":[{"href":"https:\/\/madelinefashion.pl\/en\/wp-json\/wp\/v2\/types\/product"}],"wp:featuredmedia":[{"embeddable":true,"href":"https:\/\/madelinefashion.pl\/en\/wp-json\/wp\/v2\/media\/585528"}],"wp:attachment":[{"href":"https:\/\/madelinefashion.pl\/en\/wp-json\/wp\/v2\/media?parent=20209"}],"wp:term":[{"taxonomy":"product_brand","embeddable":true,"href":"https:\/\/madelinefashion.pl\/en\/wp-json\/wp\/v2\/product_brand?post=20209"},{"taxonomy":"product_cat","embeddable":true,"href":"https:\/\/madelinefashion.pl\/en\/wp-json\/wp\/v2\/product_cat?post=20209"},{"taxonomy":"product_tag","embeddable":true,"href":"https:\/\/madelinefashion.pl\/en\/wp-json\/wp\/v2\/product_tag?post=20209"}],"curies":[{"name":"wp","href":"https:\/\/api.w.org\/{rel}","templated":true}]}}