{"id":20314,"date":"2021-09-26T15:48:27","date_gmt":"2021-09-26T13:48:27","guid":{"rendered":"https:\/\/madelinefashion.pl\/?post_type=product&#038;p=20314"},"modified":"2026-04-10T14:43:40","modified_gmt":"2026-04-10T12:43:40","slug":"sukienka-z-lancuszkiem-na-ramiaczkach-czarna-koki","status":"publish","type":"product","link":"https:\/\/madelinefashion.pl\/en\/product\/sukienka-z-lancuszkiem-na-ramiaczkach-czarna-koki\/","title":{"rendered":"Black Koki Dress with a Chain On Straps"},"content":{"rendered":"<h3 style=\"text-align: center;\">Black Koki Dress with a Chain On Straps<\/h3>\n<p style=\"text-align: center;\">The phenomenal mini-length dress is a MUST HAVE. in this season. <strong>Thanks to the highly cut neckline, the cut makes it very feminine. Dress<\/strong> on the straps made of a gold chain - mega sexy. Feel it<strong> exceptionally. <\/strong>Very soft and stretchy material. <strong>The perfect dress for everyday outings, on a trip or to work. A warm and tight dress will suit any weather.<\/strong> The stylish model will be perfect for any occasion where you want to feel special. The dress emphasizes the figure in a very subtle way. Dress in a universal size, recommended from XS to max L.<\/p>\n<p>&nbsp;<\/p>\n<h3 style=\"text-align: center;\">\u00a0 \u00a0 \u00a0 \u00a0 \u00a0 \u00a0 \u00a0 \u00a0 \u00a0 Dimensions:<\/h3>\n<ul>\n<li style=\"text-align: center;\">\u00a0 \u00a0 Total front length - 97 cm<\/li>\n<li style=\"text-align: center;\">The width from armpit to armpit - 27-48 cm<\/li>\n<li style=\"text-align: center;\">Waist width - 21-48 cm<\/li>\n<li style=\"text-align: center;\">The width at the bottom - 26-56 cm<\/li>\n<\/ul>\n<p style=\"text-align: center;\">Dimensions may slightly differ from the given +\/- 2cm. All dimensions given are measured flat. <strong>X2 dimension<\/strong><\/p>\n<h3 style=\"text-align: center;\">Characteristics:<\/h3>\n<p style=\"text-align: center;\">- midi dress<br \/>\n- chain straps<br \/>\n- universal<br \/>\n- V neckline<br \/>\n-fashionable<br \/>\n-woman<br \/>\n- fitted<br \/>\n-comfortable<\/p>\n<p>&nbsp;<\/p>\n<table>\n<tbody>\n<tr>\n<td width=\"302\"><span style=\"font-size: 10pt;\">Model name<\/span><\/td>\n<td width=\"302\">Dress with a chain on the straps Koki<\/td>\n<\/tr>\n<tr>\n<td width=\"302\"><span style=\"font-size: 10pt;\">Color<\/span><\/td>\n<td width=\"302\">Black<\/td>\n<\/tr>\n<tr>\n<td width=\"302\"><span style=\"font-size: 10pt;\">Fashion<\/span><\/td>\n<td width=\"302\"><span style=\"font-size: 10pt;\">Matched<\/span><\/td>\n<\/tr>\n<tr>\n<td width=\"302\"><span style=\"font-size: 10pt;\">Material<\/span><\/td>\n<td width=\"302\"><span style=\"font-size: 10pt;\">80 % Acrylic 20 % Fiber<\/span><\/td>\n<\/tr>\n<tr>\n<td width=\"302\"><span style=\"font-size: 10pt;\">Length<\/span><\/td>\n<td width=\"302\"><span style=\"font-size: 10pt;\">Above the knee<\/span><\/td>\n<\/tr>\n<\/tbody>\n<\/table>\n<p>&nbsp;<\/p>\n<p style=\"text-align: center;\"><span style=\"font-size: 10pt;\">\u00a0<\/span><\/p>\n<div class=\"tabs tabs-bb clear mb-80\">\n<div class=\"tab-content\">\n<div id=\"tab-description\" class=\"tab-pane fade in woocommerce-Tabs-panel--description active\">\n<p style=\"text-align: center;\">\u00a0The model has\u00a0<strong>169<\/strong>\u00a0cm tall, wears a size every day\u00a0<strong>S.<\/strong><\/p>\n<p style=\"text-align: center;\">The width at the bust is 92 cm<\/p>\n<p style=\"text-align: center;\">Waist width 62 cm<\/p>\n<p style=\"text-align: center;\">The width at the hips is 94 cm<\/p>\n<\/div>\n<\/div>\n<\/div>","protected":false},"excerpt":{"rendered":"<p>Sukienka z \u0141a\u0144cuszkiem Na Rami\u0105czkach Czarna Koki Zjawiskowa sukienka o d\u0142ugo\u015bci mini to MUST HAVE. w tym sezonie. Dzi\u0119ki mocno wyci\u0119temu dekoltowi fason sprawia, \u017ce jest bardzo kobieca. Sukienka na rami\u0105czkach ze z\u0142otego \u0142a\u0144cuszka &#8211; mega sexowna. Poczuj si\u0119 wyj\u0105tkowo. Bardzo mi\u0119kki i rozci\u0105gliwy materia\u0142. Idealna sukienka na codzienne wyj\u015bcia, w podr\u00f3\u017c czy do pracy.<\/p>\n<div class=\"klb-readmore post-buttons\"><a class=\"button black outline size-sm\" href=\"https:\/\/madelinefashion.pl\/en\/product\/sukienka-z-lancuszkiem-na-ramiaczkach-czarna-koki\/\">Read More <i class=\"klbth-icon-right-arrow\"><\/i><\/a><\/div>","protected":false},"featured_media":36065,"template":"","meta":[],"product_brand":[],"product_cat":[125,395],"product_tag":[213],"class_list":{"0":"post-20314","1":"product","2":"type-product","3":"status-publish","4":"has-post-thumbnail","6":"product_cat-sukienki","7":"product_cat-nowosci","8":"product_tag-sukienka-czarna","10":"first","11":"instock","12":"purchasable","13":"product-type-simple"},"_links":{"self":[{"href":"https:\/\/madelinefashion.pl\/en\/wp-json\/wp\/v2\/product\/20314","targetHints":{"allow":["GET"]}}],"collection":[{"href":"https:\/\/madelinefashion.pl\/en\/wp-json\/wp\/v2\/product"}],"about":[{"href":"https:\/\/madelinefashion.pl\/en\/wp-json\/wp\/v2\/types\/product"}],"wp:featuredmedia":[{"embeddable":true,"href":"https:\/\/madelinefashion.pl\/en\/wp-json\/wp\/v2\/media\/36065"}],"wp:attachment":[{"href":"https:\/\/madelinefashion.pl\/en\/wp-json\/wp\/v2\/media?parent=20314"}],"wp:term":[{"taxonomy":"product_brand","embeddable":true,"href":"https:\/\/madelinefashion.pl\/en\/wp-json\/wp\/v2\/product_brand?post=20314"},{"taxonomy":"product_cat","embeddable":true,"href":"https:\/\/madelinefashion.pl\/en\/wp-json\/wp\/v2\/product_cat?post=20314"},{"taxonomy":"product_tag","embeddable":true,"href":"https:\/\/madelinefashion.pl\/en\/wp-json\/wp\/v2\/product_tag?post=20314"}],"curies":[{"name":"wp","href":"https:\/\/api.w.org\/{rel}","templated":true}]}}