{"id":20351,"date":"2021-09-26T16:52:49","date_gmt":"2021-09-26T14:52:49","guid":{"rendered":"https:\/\/madelinefashion.pl\/?post_type=product&#038;p=20351"},"modified":"2026-02-20T14:58:27","modified_gmt":"2026-02-20T13:58:27","slug":"sweter-alpaka-dekolt-v-milagros-bialy","status":"publish","type":"product","link":"https:\/\/madelinefashion.pl\/en\/product\/sweter-alpaka-dekolt-v-milagros-bialy\/","title":{"rendered":"Alpaca Sweater V-neck Milagros White"},"content":{"rendered":"<h3 style=\"text-align: center;\">Alpaca Sweater V-neck Milagros White<\/h3>\n<p style=\"text-align: center;\">You fell in love with alpaca coats so much that, in order to meet your expectations, the newest sweater model has appeared. <strong>Mega stylish alpaca sweater<\/strong> with long sleeves <strong>finished welt<\/strong> - made of the highest quality yarn. <span style=\"font-size: 10pt;\"><strong>Alpaca sweater is an inseparable element of every wardrobe!\u00a0 <\/strong><\/span><strong>Soft sweater with <span style=\"font-size: 10pt;\">\u00a0V neckline<\/span> s<\/strong>a great sweater made of a nice, soft, fluffy, slightly elastic fabric. Loose and comfortable cut with long sleeves and a V-shaped neckline, thanks to which you will beautifully display your bust. Perfect for everyday use and as an original version. It goes well with many things: jeans, a pencil skirt, a girly skirt, elegant pants. <span style=\"font-size: 10pt;\"><strong>Our model is an ideal proposition for autumn and winter days, it will look great in everyday stylizations.\u00a0<\/strong> The product is available in several color variants. One size fits all recommended from <strong>S to XL<\/strong><\/span><\/p>\n<p>&nbsp;<\/p>\n<h3 style=\"text-align: center;\">Characteristics.<\/h3>\n<ul>\n<li style=\"text-align: center;\">oversize<\/li>\n<li style=\"text-align: center;\">incredibly soft and pleasant to the body<\/li>\n<li style=\"text-align: center;\">meaty and wonderful<\/li>\n<li style=\"text-align: center;\">asymmetrical cut<\/li>\n<li style=\"text-align: center;\">neckline v<\/li>\n<li style=\"text-align: center;\">Long Sleeve<\/li>\n<\/ul>\n<h2 style=\"text-align: center;\">Dimensions:<\/h2>\n<ul style=\"text-align: center;\">\n<li>Total length front: 55 cm<\/li>\n<li>Total length back: 60 cm<\/li>\n<li>Width from armpit to: 41-54 cm<\/li>\n<li>Sleeve length from the shoulder: 63 cm<\/li>\n<li>Sleeve length from armpit: 43 cm<\/li>\n<\/ul>\n<p style=\"text-align: center;\"><span style=\"font-size: 10pt;\">Dimensions may slightly differ from the given +\/- 2cm. All dimensions given are measured flat.<\/span><\/p>\n<p style=\"text-align: center;\"><span style=\"font-size: 10pt;\"><strong>\u00a0<\/strong>\u00a0<\/span><\/p>\n<table width=\"610\">\n<tbody>\n<tr>\n<td width=\"302\">Model name<\/td>\n<td width=\"302\">Alpaca sweater V-neck Milagros<\/td>\n<\/tr>\n<tr>\n<td width=\"302\">Color<\/td>\n<td width=\"302\">White<\/td>\n<\/tr>\n<tr>\n<td width=\"302\">Sizes<\/td>\n<td width=\"302\">Universal<\/td>\n<\/tr>\n<tr>\n<td width=\"302\">Fashion<\/td>\n<td width=\"302\">Oversize<\/td>\n<\/tr>\n<tr>\n<td width=\"302\">Collection<\/td>\n<td width=\"302\">Fall Winter Spring<\/td>\n<\/tr>\n<tr>\n<td width=\"302\">Warmed up<\/td>\n<td width=\"302\">Uninsulated<\/td>\n<\/tr>\n<tr>\n<td width=\"302\">Material<\/td>\n<td width=\"302\">100 % polyamide<\/td>\n<\/tr>\n<\/tbody>\n<\/table>\n<div class=\"additional-details\" style=\"text-align: center;\">\n<div class=\"tabs tabs-bb clear mb-80\">\n<div class=\"tab-content\">\n<div id=\"tab-description\" class=\"tab-pane fade in woocommerce-Tabs-panel--description active\">\n<p>The model has\u00a0<strong>169<\/strong>\u00a0cm tall, wears a size every day\u00a0<strong>S.<\/strong><\/p>\n<p>The width at the bust is 92 cm<\/p>\n<p>Waist width 62 cm<\/p>\n<p>The width at the hips is 94 cm<\/p>\n<\/div>\n<\/div>\n<\/div>\n<section class=\"up-sells upsells products mb-80\"><\/section>\n<\/div>","protected":false},"excerpt":{"rendered":"<p>Sweter Alpaka Dekolt V Milagros Bia\u0142y Tak pokocha\u0142y\u015bcie p\u0142aszcze alpaki, \u017ce wychodz\u0105c naprzeciw Waszym oczekiwaniom pojawi\u0142 si\u0119 najnowszy model swetra. Mega stylowy sweter alpaka z d\u0142ugim r\u0119kawem zako\u0144czonym \u015bci\u0105gaczem &#8211; wykonany z najwy\u017cszej jako\u015bci prz\u0119dzy. Sweter alpaka to nieod\u0142\u0105czny element ka\u017cdej garderoby!\u00a0 Mi\u0119kki sweter z \u00a0dekoltem w literk\u0119 V \u015bwietny sweterek wykonany z przyjemnej, mi\u0119kkiej,<\/p>\n<div class=\"klb-readmore post-buttons\"><a class=\"button black outline size-sm\" href=\"https:\/\/madelinefashion.pl\/en\/product\/sweter-alpaka-dekolt-v-milagros-bialy\/\">Read More <i class=\"klbth-icon-right-arrow\"><\/i><\/a><\/div>","protected":false},"featured_media":59490,"template":"","meta":[],"product_brand":[],"product_cat":[78,395],"product_tag":[222],"class_list":{"0":"post-20351","1":"product","2":"type-product","3":"status-publish","4":"has-post-thumbnail","6":"product_cat-swetry-damskie","7":"product_cat-nowosci","8":"product_tag-swetry-biale","10":"first","11":"instock","12":"purchasable","13":"product-type-simple"},"_links":{"self":[{"href":"https:\/\/madelinefashion.pl\/en\/wp-json\/wp\/v2\/product\/20351","targetHints":{"allow":["GET"]}}],"collection":[{"href":"https:\/\/madelinefashion.pl\/en\/wp-json\/wp\/v2\/product"}],"about":[{"href":"https:\/\/madelinefashion.pl\/en\/wp-json\/wp\/v2\/types\/product"}],"wp:featuredmedia":[{"embeddable":true,"href":"https:\/\/madelinefashion.pl\/en\/wp-json\/wp\/v2\/media\/59490"}],"wp:attachment":[{"href":"https:\/\/madelinefashion.pl\/en\/wp-json\/wp\/v2\/media?parent=20351"}],"wp:term":[{"taxonomy":"product_brand","embeddable":true,"href":"https:\/\/madelinefashion.pl\/en\/wp-json\/wp\/v2\/product_brand?post=20351"},{"taxonomy":"product_cat","embeddable":true,"href":"https:\/\/madelinefashion.pl\/en\/wp-json\/wp\/v2\/product_cat?post=20351"},{"taxonomy":"product_tag","embeddable":true,"href":"https:\/\/madelinefashion.pl\/en\/wp-json\/wp\/v2\/product_tag?post=20351"}],"curies":[{"name":"wp","href":"https:\/\/api.w.org\/{rel}","templated":true}]}}