{"id":2085,"date":"2020-05-15T12:47:43","date_gmt":"2020-05-15T10:47:43","guid":{"rendered":"http:\/\/serwer2078743.home.pl\/?post_type=product&#038;p=2085"},"modified":"2026-03-26T12:40:49","modified_gmt":"2026-03-26T11:40:49","slug":"sukienka-zaga-slim-czarna","status":"publish","type":"product","link":"https:\/\/madelinefashion.pl\/en\/product\/sukienka-zaga-slim-czarna\/","title":{"rendered":"ZAGA SLIM BLACK dress"},"content":{"rendered":"<p style=\"text-align: center;\"><span style=\"font-size: 10pt;\"><strong>ZAGA SLIM BLACK dress\u00a0<\/strong><\/span><\/p>\n<p style=\"text-align: center;\"><span style=\"font-size: 10pt;\">A dress with a basic cut will perfectly emphasize feminine shapes. The material of the dress does not restrict movement and is very flexible. You can wear it in a sporty as well as an elegant edition.\u00a0<\/span><\/p>\n<p style=\"text-align: center;\"><span style=\"font-size: 10pt;\">* elastic material<br \/>\n* ribbed fabric<\/span><\/p>\n<p style=\"text-align: center;\"><strong><span style=\"font-size: 10pt;\">\u00a0Dimensions:<\/span><\/strong><\/p>\n<p style=\"text-align: center;\">\n<ul style=\"text-align: center;\">\n<li><span style=\"font-size: 10pt;\">\u00a0\u00a0\u00a0\u00a0\u00a0\u00a0\u00a0 overall length: 89 cm\u00a0<\/span><\/li>\n<li><span style=\"font-size: 10pt;\">\u00a0\u00a0\u00a0\u00a0\u00a0\u00a0\u00a0 width from armpit to armpit: 40-50 cm<\/span><\/li>\n<li><span style=\"font-size: 10pt;\">\u00a0\u00a0\u00a0\u00a0\u00a0\u00a0\u00a0 sleeve length from armpit: 54 cm<\/span><\/li>\n<li><span style=\"font-size: 10pt;\">\u00a0\u00a0\u00a0\u00a0\u00a0\u00a0\u00a0 sleeve length from shoulder: 64 cm<\/span><\/li>\n<li><span style=\"font-size: 10pt;\">\u00a0\u00a0\u00a0\u00a0\u00a0\u00a0\u00a0 waist width: 33-42 cm<\/span><\/li>\n<li><span style=\"font-size: 10pt;\">\u00a0\u00a0\u00a0\u00a0\u00a0\u00a0\u00a0 recommended maximum bust circumference: 100 cm<\/span><\/li>\n<\/ul>\n<p style=\"text-align: center;\">\n<p style=\"text-align: center;\"><span style=\"font-size: 10pt;\">Dimensions may slightly differ from the given +\/- 2cm. All dimensions given are measured flat.<\/span><\/p>\n<p style=\"text-align: center;\">\n<p style=\"text-align: center;\"><span style=\"font-size: 10pt;\">\u00a0<\/span><\/p>\n<p style=\"text-align: center;\"><span style=\"font-size: 10pt;\"><strong>\u00a0<\/strong>\u00a0<\/span><\/p>\n<p>&nbsp;<\/p>\n<table>\n<tbody>\n<tr>\n<td width=\"302\"><span style=\"font-size: 10pt;\">Model name<\/span><\/td>\n<td width=\"302\"><span style=\"font-size: 10pt;\">Zaga Slim<\/span><\/td>\n<\/tr>\n<tr>\n<td width=\"302\"><span style=\"font-size: 10pt;\">Color<\/span><\/td>\n<td width=\"302\"><span style=\"font-size: 10pt;\">Black<\/span><\/td>\n<\/tr>\n<tr>\n<td width=\"302\"><span style=\"font-size: 10pt;\">Fashion<\/span><\/td>\n<td width=\"302\"><span style=\"font-size: 10pt;\">Matched<\/span><\/td>\n<\/tr>\n<tr>\n<td width=\"302\"><span style=\"font-size: 10pt;\">Material<\/span><\/td>\n<td width=\"302\"><span style=\"font-size: 10pt;\">100 % Cotton\u00a0<\/span><\/td>\n<\/tr>\n<tr>\n<td width=\"302\"><span style=\"font-size: 10pt;\">Length<\/span><\/td>\n<td width=\"302\"><span style=\"font-size: 10pt;\">At knee<\/span><\/td>\n<\/tr>\n<\/tbody>\n<\/table>\n<p>&nbsp;<\/p>\n<p style=\"text-align: center;\"><span style=\"font-size: 10pt;\">\u00a0<\/span><\/p>\n<p style=\"text-align: center;\"><span style=\"font-size: 10pt;\">\u00a0<\/span><\/p>\n<p style=\"text-align: center;\"><span style=\"font-size: 10pt;\">\u00a0Recommended for people wearing size from\u00a0<strong>S.<\/strong>\u00a0down\u00a0<strong>XL<\/strong><\/span><\/p>\n<p style=\"text-align: center;\"><span style=\"font-size: 10pt;\">\u00a0<\/span><\/p>\n<p style=\"text-align: center;\"><span style=\"font-size: 10pt;\">\u00a0<\/span><\/p>\n<p style=\"text-align: center;\"><span style=\"font-size: 10pt;\">\u00a0<\/span><\/p>\n<div class=\"additional-details\" style=\"text-align: center;\">\n<p><span style=\"font-size: 10pt;\">\u00a0<\/span><\/p>\n<p><span style=\"font-size: 10pt;\">\u00a0<\/span><\/p>\n<\/div>\n<div class=\"overview-buttons\" style=\"text-align: center;\"><span style=\"font-size: 10pt;\">\u00a0<\/span><\/div>\n<div class=\"additional-details\" style=\"text-align: center;\">\n<p style=\"text-align: center;\"><span style=\"font-size: 10pt;\">\u00a0<\/span><\/p>\n<\/div>","protected":false},"excerpt":{"rendered":"<p>Sukienka ZAGA SLIM CZARNA\u00a0 Sukienka o basicowym kroju idealnie podkre\u015bli kobiece kszta\u0142ty. Materia\u0142 sukienki nie kr\u0119puj\u0119 ruch\u00f3w i jest bardzo elastyczny. Mo\u017cna j\u0105 nosi\u0107 w sportowym, jak i w eleganckim wydaniu.\u00a0 * materia\u0142 elastyczny * materia\u0142 pr\u0105\u017ckowany \u00a0Wymiary: \u00a0\u00a0\u00a0\u00a0\u00a0\u00a0\u00a0 d\u0142ugo\u015b\u0107 ca\u0142kowita: 89 cm\u00a0 \u00a0\u00a0\u00a0\u00a0\u00a0\u00a0\u00a0 szeroko\u015b\u0107 od pachy do pachy: 40-50 cm \u00a0\u00a0\u00a0\u00a0\u00a0\u00a0\u00a0 d\u0142ugo\u015b\u0107 r\u0119kawa od<\/p>\n<div class=\"klb-readmore post-buttons\"><a class=\"button black outline size-sm\" href=\"https:\/\/madelinefashion.pl\/en\/product\/sukienka-zaga-slim-czarna\/\">Read More <i class=\"klbth-icon-right-arrow\"><\/i><\/a><\/div>","protected":false},"featured_media":2086,"template":"","meta":[],"product_brand":[],"product_cat":[125,380],"product_tag":[213],"class_list":{"0":"post-2085","1":"product","2":"type-product","3":"status-publish","4":"has-post-thumbnail","6":"product_cat-sukienki","7":"product_cat-wyprzedaz","8":"product_tag-sukienka-czarna","10":"first","11":"instock","12":"sale","13":"purchasable","14":"product-type-simple"},"_links":{"self":[{"href":"https:\/\/madelinefashion.pl\/en\/wp-json\/wp\/v2\/product\/2085","targetHints":{"allow":["GET"]}}],"collection":[{"href":"https:\/\/madelinefashion.pl\/en\/wp-json\/wp\/v2\/product"}],"about":[{"href":"https:\/\/madelinefashion.pl\/en\/wp-json\/wp\/v2\/types\/product"}],"wp:featuredmedia":[{"embeddable":true,"href":"https:\/\/madelinefashion.pl\/en\/wp-json\/wp\/v2\/media\/2086"}],"wp:attachment":[{"href":"https:\/\/madelinefashion.pl\/en\/wp-json\/wp\/v2\/media?parent=2085"}],"wp:term":[{"taxonomy":"product_brand","embeddable":true,"href":"https:\/\/madelinefashion.pl\/en\/wp-json\/wp\/v2\/product_brand?post=2085"},{"taxonomy":"product_cat","embeddable":true,"href":"https:\/\/madelinefashion.pl\/en\/wp-json\/wp\/v2\/product_cat?post=2085"},{"taxonomy":"product_tag","embeddable":true,"href":"https:\/\/madelinefashion.pl\/en\/wp-json\/wp\/v2\/product_tag?post=2085"}],"curies":[{"name":"wp","href":"https:\/\/api.w.org\/{rel}","templated":true}]}}