{"id":21071,"date":"2021-10-10T16:36:09","date_gmt":"2021-10-10T14:36:09","guid":{"rendered":"https:\/\/madelinefashion.pl\/?post_type=product&#038;p=21071"},"modified":"2026-04-20T18:53:51","modified_gmt":"2026-04-20T16:53:51","slug":"sukienka-dluga-cekinowa-waleria-z-siateczka-biala","status":"publish","type":"product","link":"https:\/\/madelinefashion.pl\/en\/product\/sukienka-dluga-cekinowa-waleria-z-siateczka-biala\/","title":{"rendered":"Long Sequin Dress Waleria with a mesh white"},"content":{"rendered":"<h3 style=\"text-align: center;\">Long Sequin Dress Waleria with a mesh white<\/h3>\n<p style=\"text-align: center;\"><span style=\"font-size: 10pt;\">Beautiful long <strong>evening dress decorated with sequins<\/strong> and beads in the form of sparkling crystals. A long evening dress in gold color <strong>fitted cut like a &quot;fish&quot;<\/strong> It beautifully displays feminine shapes. Long sparkling dress w <strong>glamor style<\/strong> . It is made of flexible material. Long V-neck dress <strong>beautifully exposes the bust<\/strong>. Moreover<strong> the model has n<\/strong>on the back a small V-shaped neckline and a zipper for easy donning. See our offer <strong><a href=\"https:\/\/madelinefashion.pl\/en\/sukienki-i-kombinezony\/sukienki-okolicznosciowe\/\">evening dresses<\/a>\u00a0and select a model, <\/strong>in which you will be <strong>look like a star and you will stand out from the crowd. The maxi dress shimmers fabulously in the light of the lamps. <\/strong>One cannot be indifferent to her.<strong> Dress in maxi version to the ground.<\/strong><\/span><span style=\"font-size: 10pt;\"><strong> Long white<\/strong> the dress has cups sewn in at the front, so you don&#039;t have to wear a bra. Made and sewn in Poland. Model <strong>Valeria maxi<\/strong> sleeveless, has beautiful sequin patterns in <strong>golden color<\/strong>, sexy cut neckline on the front, under the bust has a mesh decorated with crystals, a subtly cut neckline on the back with a tear, beige lining and wonderful<strong> mermaid cut. <\/strong><strong>Long dress Waleria <\/strong>available <\/span><span style=\"font-size: 10pt;\">\u00a0in sizes <strong>34, 36, 38, 40<\/strong>\u00a0 \u00a0. Dresses <strong>Pretty Women<\/strong> an excellent choice for <strong>wedding, prom, New Year&#039;s Eve and other elegant special events<\/strong>. Available in our e-shop in several color variants, so do not hesitate and choose the one that is perfect for you. If you can&#039;t decide which color, <strong>size<\/strong> is the best for you, <strong>contact us<\/strong> through <a href=\"https:\/\/www.facebook.com\/madelinefashionbutik\" target=\"_blank\" rel=\"noopener\">Facebook<\/a> or <a href=\"https:\/\/madelinefashion.pl\/en\/kontakt\/\">phone<\/a>. If the size is not available on the website, please contact us.\u00a0 <strong>In the information after purchase, you can enter your dimensions<\/strong> Waist and Bust we will choose the right size for you !!\u00a0<\/span><\/p>\n<h3 style=\"text-align: center;\">DRESS DIMENSIONS:<\/h3>\n<table width=\"556\">\n<tbody>\n<tr>\n<td><strong>SIZE<\/strong><\/td>\n<td><strong>Bust<\/strong><\/td>\n<td><strong>Waist<\/strong><\/td>\n<td><strong>Hips<\/strong><\/td>\n<\/tr>\n<tr>\n<td><strong>34<\/strong><\/td>\n<td>84-86<\/td>\n<td>64-68<\/td>\n<td>\u00a082-90<\/td>\n<\/tr>\n<tr>\n<td><strong>36<\/strong><\/td>\n<td>88-90<\/td>\n<td>68-72<\/td>\n<td>\u00a086-92<\/td>\n<\/tr>\n<tr>\n<td><strong>38<\/strong><\/td>\n<td>92-94<\/td>\n<td>72-76<\/td>\n<td>\u00a090-96<\/td>\n<\/tr>\n<tr>\n<td><strong>40<\/strong><\/td>\n<td>96-98<\/td>\n<td>76-80<\/td>\n<td>\u00a094-106<\/td>\n<\/tr>\n<\/tbody>\n<\/table>\n<p style=\"text-align: center;\">total length approx. 157 cm<\/p>\n<p style=\"text-align: center;\">The dress is also available in other colors - see our other products.<\/p>\n<p style=\"text-align: center;\">Dimensions may slightly differ from the given +\/- 2cm.<\/p>\n<p style=\"text-align: center;\"><strong>\u00a0<\/strong><\/p>\n<p>&nbsp;<\/p>\n<table>\n<tbody>\n<tr>\n<td width=\"302\">Model name<\/td>\n<td width=\"302\">Waleria long sequin dress with mesh<\/td>\n<\/tr>\n<tr>\n<td width=\"302\">Color<\/td>\n<td width=\"302\"><span style=\"font-size: 13.3333px;\">White<\/span><\/td>\n<\/tr>\n<tr>\n<td width=\"302\">Mark<\/td>\n<td width=\"302\">Pretty Women<\/td>\n<\/tr>\n<tr>\n<td width=\"302\">Sizes<\/td>\n<td width=\"302\">34 36 38 40<\/td>\n<\/tr>\n<tr>\n<td width=\"302\">Fashion<\/td>\n<td width=\"302\">Matched<\/td>\n<\/tr>\n<tr>\n<td width=\"302\">Material<\/td>\n<td width=\"302\">Viscose, Polyester, Cotton<\/td>\n<\/tr>\n<tr>\n<td width=\"302\">Length<\/td>\n<td width=\"302\">To the ground<\/td>\n<\/tr>\n<\/tbody>\n<\/table>\n<p>&nbsp;<\/p>\n<p style=\"text-align: center;\">In order to match\u00a0<strong>perfect dresses<\/strong>\u00a0we invite you to contact us by phone or via our facebook.<br \/>\nOur team will help\u00a0<strong>Choose the right one<\/strong>\u00a0.\u00a0<strong>We can make each dress at the request of the buyer\u00a0<\/strong><strong>measure carefully.\u00a0<\/strong><\/p>\n<div class=\"additional-details\">\n<p style=\"text-align: center;\">\n<\/div>","protected":false},"excerpt":{"rendered":"<p>Sukienka D\u0142uga Cekinowa Waleria z Siateczk\u0105 Bia\u0142a Pi\u0119kna d\u0142uga suknia wieczorowa zdobiona cekinami oraz koralikami w postaci mieni\u0105cych si\u0119 kryszta\u0142k\u00f3w. D\u0142uga wieczorowa suknia w kolorze z\u0142otym o dopasowanym kroju a&#8217;la &#8222;rybka&#8221; Pi\u0119knie eksponuje kobiece kszta\u0142ty. D\u0142uga mieni\u0105ca suknia w stylu glamour . Uszyta jest z z elastycznego materia\u0142u. D\u0142uga suknia z dekoltem\u00a0 w liter\u0119 V<\/p>\n<div class=\"klb-readmore post-buttons\"><a class=\"button black outline size-sm\" href=\"https:\/\/madelinefashion.pl\/en\/product\/sukienka-dluga-cekinowa-waleria-z-siateczka-biala\/\">Read More <i class=\"klbth-icon-right-arrow\"><\/i><\/a><\/div>","protected":false},"featured_media":21038,"template":"","meta":[],"product_brand":[],"product_cat":[124,395,558,566],"product_tag":[257,219,163],"class_list":{"0":"post-21071","1":"product","2":"type-product","3":"status-publish","4":"has-post-thumbnail","6":"product_cat-sukienki-okolicznosciowe","7":"product_cat-nowosci","8":"product_cat-sukienki-cekinowe","9":"product_cat-suknie-slubne","10":"product_tag-madelinefashion","11":"product_tag-sukienka-biala","12":"product_tag-sukienki-dlugie","14":"first","15":"instock","16":"sale","17":"purchasable","18":"product-type-variable"},"_links":{"self":[{"href":"https:\/\/madelinefashion.pl\/en\/wp-json\/wp\/v2\/product\/21071","targetHints":{"allow":["GET"]}}],"collection":[{"href":"https:\/\/madelinefashion.pl\/en\/wp-json\/wp\/v2\/product"}],"about":[{"href":"https:\/\/madelinefashion.pl\/en\/wp-json\/wp\/v2\/types\/product"}],"wp:featuredmedia":[{"embeddable":true,"href":"https:\/\/madelinefashion.pl\/en\/wp-json\/wp\/v2\/media\/21038"}],"wp:attachment":[{"href":"https:\/\/madelinefashion.pl\/en\/wp-json\/wp\/v2\/media?parent=21071"}],"wp:term":[{"taxonomy":"product_brand","embeddable":true,"href":"https:\/\/madelinefashion.pl\/en\/wp-json\/wp\/v2\/product_brand?post=21071"},{"taxonomy":"product_cat","embeddable":true,"href":"https:\/\/madelinefashion.pl\/en\/wp-json\/wp\/v2\/product_cat?post=21071"},{"taxonomy":"product_tag","embeddable":true,"href":"https:\/\/madelinefashion.pl\/en\/wp-json\/wp\/v2\/product_tag?post=21071"}],"curies":[{"name":"wp","href":"https:\/\/api.w.org\/{rel}","templated":true}]}}