{"id":2128,"date":"2020-05-15T14:26:14","date_gmt":"2020-05-15T14:26:14","guid":{"rendered":"http:\/\/serwer2078743.home.pl\/?post_type=product&#038;p=2128"},"modified":"2025-10-14T12:11:52","modified_gmt":"2025-10-14T10:11:52","slug":"sp-dnica-plisowana-midi-bordowa","status":"publish","type":"product","link":"https:\/\/madelinefashion.pl\/en\/product\/sp-dnica-plisowana-midi-bordowa\/","title":{"rendered":"Burgundy pleated midi skirt"},"content":{"rendered":"<h2 style=\"text-align: center;\"><strong style=\"font-size: 10pt;\">Burgundy pleated midi skirt<\/strong><\/h2>\n<h2 style=\"text-align: center;\"><strong style=\"font-size: 10pt;\">Dimensions<\/strong><span style=\"font-size: 11px;\">&#160;<\/span><\/h2>\n<ul style=\"text-align: center;\">\n<li>overall length: 67 cm<\/li>\n<li>waist width 28-46 cm<\/li>\n<\/ul>\n<p style=\"text-align: center;\">&#160;<\/p>\n<p style=\"text-align: center;\">Dimensions may be slightly different from the given +\/- 2cm. All dimensions given are measured flat.<\/p>\n<p style=\"text-align: center;\">&#160;<\/p>\n<p style=\"text-align: center;\"><span style=\"font-size: 10pt;\">&#160;<\/span><\/p>\n<p style=\"text-align: center;\"><span style=\"font-size: 10pt;\">&#160;<\/span><\/p>\n<table style=\"margin-left: auto; margin-right: auto;\">\n<tbody>\n<tr>\n<td width=\"302\">\n<p><span style=\"font-size: 10pt;\">Model name<\/span><\/p>\n<\/td>\n<td width=\"302\">\n<p><span style=\"font-size: 10pt;\">Pleated MIDI skirt<\/span><\/p>\n<\/td>\n<\/tr>\n<tr>\n<td width=\"302\">\n<p><span style=\"font-size: 10pt;\">Color<\/span><\/p>\n<\/td>\n<td width=\"302\">\n<p><span style=\"font-size: 13.3333px;\">Claret<\/span><\/p>\n<\/td>\n<\/tr>\n<tr>\n<td width=\"302\">\n<p><span style=\"font-size: 10pt;\">Sizes<\/span><\/p>\n<\/td>\n<td width=\"302\">\n<p><span style=\"font-size: 10pt;\">Universal<\/span><\/p>\n<\/td>\n<\/tr>\n<tr>\n<td width=\"302\">\n<p><span style=\"font-size: 10pt;\">Fashion<\/span><\/p>\n<\/td>\n<td width=\"302\">\n<p><span style=\"font-size: 10pt;\">Oversize<\/span><\/p>\n<\/td>\n<\/tr>\n<tr>\n<td width=\"302\">\n<p><span style=\"font-size: 10pt;\">Material<\/span><\/p>\n<\/td>\n<td width=\"302\">\n<p><span style=\"font-size: 10pt;\">95 % Polyester 5 % Elastane<\/span><\/p>\n<\/td>\n<\/tr>\n<\/tbody>\n<\/table>\n<p style=\"text-align: center;\"><span style=\"font-size: 10pt;\">&#160;<\/span><\/p>\n<p style=\"text-align: center;\"><span style=\"font-size: 10pt;\">&#160;<strong>Recommended<\/strong>for people wearing size from<strong>S.<\/strong>down<strong>XL<\/strong><\/span><\/p>\n<p style=\"text-align: center;\"><span style=\"font-size: 10pt;\">&#160;<\/span><\/p>\n<p style=\"text-align: center;\"><span style=\"font-size: 10pt;\">&#160;<\/span><\/p>\n<p style=\"text-align: center;\"><span style=\"font-size: 10pt;\">&#160;<\/span><\/p>","protected":false},"excerpt":{"rendered":"<p>SP&#211;DNICA PLISOWANA MIDI BORDOWA &#160; &#160; &#160;Wymiary&#160;&#160; &#160;&#160;&#160;&#160;&#160;&#160;&#160; d\u0142ugo\u015b\u0107 ca\u0142kowita : 67 cm&#160; &#160;&#160;&#160;&#160;&#160;&#160;&#160; szeroko\u015b\u0107 talia 28-46 cm &#160; Wymiary mog\u0105 si\u0119 nieznacznie r&#243;\u017cni\u0107 od podanych +\/-2cm. Wszystkie podane wymiary s\u0105 mierzone na p\u0142asko. &#160; &#160; &#160; Nazwa modelu Sp&#243;dnica Plisowana MIDI&#160; Kolor Bordowy Rozmiary Uniwersalny Fason Oversize Materia\u0142 95 % Poliester&#160; 5 % Elastian<\/p>\n<div class=\"klb-readmore post-buttons\"><a class=\"button black outline size-sm\" href=\"https:\/\/madelinefashion.pl\/en\/product\/sp-dnica-plisowana-midi-bordowa\/\">Read More <i class=\"klbth-icon-right-arrow\"><\/i><\/a><\/div>","protected":false},"featured_media":2129,"template":"","meta":[],"product_brand":[],"product_cat":[122],"product_tag":[],"class_list":{"0":"post-2128","1":"product","2":"type-product","3":"status-publish","4":"has-post-thumbnail","6":"product_cat-spodnice-olowkowe-midi","8":"first","9":"instock","10":"purchasable","11":"product-type-simple"},"_links":{"self":[{"href":"https:\/\/madelinefashion.pl\/en\/wp-json\/wp\/v2\/product\/2128","targetHints":{"allow":["GET"]}}],"collection":[{"href":"https:\/\/madelinefashion.pl\/en\/wp-json\/wp\/v2\/product"}],"about":[{"href":"https:\/\/madelinefashion.pl\/en\/wp-json\/wp\/v2\/types\/product"}],"wp:featuredmedia":[{"embeddable":true,"href":"https:\/\/madelinefashion.pl\/en\/wp-json\/wp\/v2\/media\/2129"}],"wp:attachment":[{"href":"https:\/\/madelinefashion.pl\/en\/wp-json\/wp\/v2\/media?parent=2128"}],"wp:term":[{"taxonomy":"product_brand","embeddable":true,"href":"https:\/\/madelinefashion.pl\/en\/wp-json\/wp\/v2\/product_brand?post=2128"},{"taxonomy":"product_cat","embeddable":true,"href":"https:\/\/madelinefashion.pl\/en\/wp-json\/wp\/v2\/product_cat?post=2128"},{"taxonomy":"product_tag","embeddable":true,"href":"https:\/\/madelinefashion.pl\/en\/wp-json\/wp\/v2\/product_tag?post=2128"}],"curies":[{"name":"wp","href":"https:\/\/api.w.org\/{rel}","templated":true}]}}