{"id":21281,"date":"2021-10-13T22:24:20","date_gmt":"2021-10-13T20:24:20","guid":{"rendered":"https:\/\/madelinefashion.pl\/?post_type=product&#038;p=21281"},"modified":"2026-01-24T14:18:15","modified_gmt":"2026-01-24T13:18:15","slug":"plaszcz-alpaka-z-kapturem-carolyn-pudrowy-roz","status":"publish","type":"product","link":"https:\/\/madelinefashion.pl\/en\/product\/plaszcz-alpaka-z-kapturem-carolyn-pudrowy-roz\/","title":{"rendered":"Alpaca coat with a hood Carolyn Powder Pink"},"content":{"rendered":"<h3 style=\"text-align: center;\">Alpaca coat with a hood Carolyn Powder Pink<\/h3>\n<p style=\"text-align: center;\"><strong>Pink hooded alpaca coat from Carolyn\u00a0 <\/strong>fastened with hidden press studs is real <strong>season hit<\/strong>. It is a combination of elegance, modernity and functionality -<strong> Pink<\/strong> The coat fits every silhouette and style. Made of a very fashionable and extremely pleasant material \u2013 &quot;alpaca&quot;. Stylish women&#039;s coat carefully sewn from <strong>warm and pleasant to the touch<\/strong> fabrics. <strong>Alpaca coat with a hood<\/strong> this model with a straight cut will mask the imperfections of the figure and, at the same time, will allow for freedom of movement. Warm, perfect for fall and spring. Oversized, loose cut suitable for elegant, casual and sporty styling. The cape has <strong>pockets<\/strong> on the sides. It has a snap closure. The character of the whole is added by wide cuffs on the sleeves. Alpaca has a hood, so the presented model will be perfect as a warm covering in everyday and occasional stylizations. You can combine it with our jeans or matching skirts. Ours in every issue <strong>alpaca coat<\/strong> it will look impressive.<br \/>\n<strong>The coat is perfect for any occasion.<\/strong>\u00a0In our online store you will find a large selection of coats for unbeatable prices <strong>low price.<br \/>\n<\/strong>Suitable for any style, for everyday wear, but thanks to the right accessories, you can also create an original outfit for the evening<strong>an omantic walk and a business trip<\/strong>. The model is suitable for ladies wearing size <strong>SML XL<\/strong><strong>\u00a0 . Add a fashionable outerwear to your order and stand out from the crowd with an original look for the fall \/ winter season.<\/strong><\/p>\n<h2 style=\"text-align: center;\">Coat dimensions:<\/h2>\n<ul style=\"text-align: center;\">\n<li>Overall length: 86 cm<\/li>\n<li>Width from armpit to armpit: 60-64 cm<\/li>\n<li>Max bust circumference: 120 cm<\/li>\n<li>Sleeve length from shoulder 57 cm<\/li>\n<\/ul>\n<p style=\"text-align: center;\">Dimensions may slightly differ from the given +\/- 2cm. All dimensions given are measured flat.<\/p>\n<p style=\"text-align: center;\"><strong>\u00a0<\/strong><\/p>\n<table width=\"499\">\n<tbody>\n<tr>\n<td width=\"302\">Model name<\/td>\n<td width=\"302\">Alpaca coat with Carolyn Hood<\/td>\n<\/tr>\n<tr>\n<td width=\"302\">Color<\/td>\n<td width=\"302\">Powder pink<\/td>\n<\/tr>\n<tr>\n<td width=\"302\">Collection<\/td>\n<td width=\"302\">Spring \/ Autumn \/ Winter<\/td>\n<\/tr>\n<tr>\n<td width=\"302\">Sizes<\/td>\n<td width=\"302\">Universal<\/td>\n<\/tr>\n<tr>\n<td width=\"302\">Fashion<\/td>\n<td width=\"302\">Oversize<\/td>\n<\/tr>\n<tr>\n<td width=\"302\">Hood<\/td>\n<td width=\"302\">Yes<\/td>\n<\/tr>\n<tr>\n<td width=\"302\">Fastening<\/td>\n<td width=\"302\">Snaps<\/td>\n<\/tr>\n<tr>\n<td width=\"302\">Material<\/td>\n<td width=\"302\">38.4% wool; 23.5% polyester; 15.3% angora; 22.8% viscose<\/td>\n<\/tr>\n<\/tbody>\n<\/table>\n<p style=\"text-align: center;\">The model has\u00a0<strong>175<\/strong>\u00a0cm tall, he wears it every day\u00a0<strong>size S.<\/strong><\/p>\n<section class=\"related products mb-80\"><\/section>","protected":false},"excerpt":{"rendered":"<p>P\u0142aszcz Alpaka z Kapturem Carolyn Pudrowy R\u00f3\u017c R\u00f3\u017cowy p\u0142aszcz alpaka z kapturem Carolyn\u00a0 zapinany na ukryte napy to prawdziwy hit sezonu. Jest to po\u0142\u0105czenie elegancji, nowoczesno\u015bci i funkcjonalno\u015bci \u2013 R\u00f3\u017cowy p\u0142aszczyk wpisuje si\u0119 w ka\u017cd\u0105 sylwetk\u0119 i stylizacj\u0119. Wykonany z bardzo modnego i niezwykle przyjemnego materia\u0142u &#8211; &#8222;alpaka&#8221; . Stylowy p\u0142aszcz damski starannie uszyty z<\/p>\n<div class=\"klb-readmore post-buttons\"><a class=\"button black outline size-sm\" href=\"https:\/\/madelinefashion.pl\/en\/product\/plaszcz-alpaka-z-kapturem-carolyn-pudrowy-roz\/\">Read More <i class=\"klbth-icon-right-arrow\"><\/i><\/a><\/div>","protected":false},"featured_media":21280,"template":"","meta":[],"product_brand":[],"product_cat":[118,395,279],"product_tag":[284],"class_list":{"0":"post-21281","1":"product","2":"type-product","3":"status-publish","4":"has-post-thumbnail","6":"product_cat-plaszcze","7":"product_cat-nowosci","8":"product_cat-plaszcze-wiosenne","9":"product_tag-alpaka","11":"first","12":"onbackorder","13":"sale","14":"purchasable","15":"product-type-simple"},"_links":{"self":[{"href":"https:\/\/madelinefashion.pl\/en\/wp-json\/wp\/v2\/product\/21281","targetHints":{"allow":["GET"]}}],"collection":[{"href":"https:\/\/madelinefashion.pl\/en\/wp-json\/wp\/v2\/product"}],"about":[{"href":"https:\/\/madelinefashion.pl\/en\/wp-json\/wp\/v2\/types\/product"}],"wp:featuredmedia":[{"embeddable":true,"href":"https:\/\/madelinefashion.pl\/en\/wp-json\/wp\/v2\/media\/21280"}],"wp:attachment":[{"href":"https:\/\/madelinefashion.pl\/en\/wp-json\/wp\/v2\/media?parent=21281"}],"wp:term":[{"taxonomy":"product_brand","embeddable":true,"href":"https:\/\/madelinefashion.pl\/en\/wp-json\/wp\/v2\/product_brand?post=21281"},{"taxonomy":"product_cat","embeddable":true,"href":"https:\/\/madelinefashion.pl\/en\/wp-json\/wp\/v2\/product_cat?post=21281"},{"taxonomy":"product_tag","embeddable":true,"href":"https:\/\/madelinefashion.pl\/en\/wp-json\/wp\/v2\/product_tag?post=21281"}],"curies":[{"name":"wp","href":"https:\/\/api.w.org\/{rel}","templated":true}]}}