{"id":2138,"date":"2020-05-15T15:11:52","date_gmt":"2020-05-15T15:11:52","guid":{"rendered":"http:\/\/serwer2078743.home.pl\/?post_type=product&#038;p=2138"},"modified":"2026-03-26T12:40:48","modified_gmt":"2026-03-26T11:40:48","slug":"komplet-dresowy-multi-mihos","status":"publish","type":"product","link":"https:\/\/madelinefashion.pl\/en\/product\/komplet-dresowy-multi-mihos\/","title":{"rendered":"Multi Pink Tracksuit Mihos"},"content":{"rendered":"<h3 style=\"text-align: center;\">Multi Pink Tracksuit Mihos<\/h3>\n<p style=\"text-align: center;\"><strong>Sweatsuits<\/strong> is an excellent choice for women who are looking for universal items of clothing. You can create in our sets <strong>many interesting<\/strong> styling, and the women&#039;s sweatpants themselves can be combined with both elegant and less formal tops. It is the perfect set for spring and summer trips. So, it is worth paying attention to the most fashionable model of this season, namely <strong>hand dyed<\/strong> <strong>MULTI SET<\/strong> . This is the so-called Diy method that allows you to obtain a custom and fully original effect. In this case, several colors were used, so you can see pink, blue and white. These are very girly and fit colors<strong> character of each styling<\/strong>. The pants have special rubbers at the waist that allow you to adjust the pants to a specific figure. In addition, there are neatly cut pockets on both sides. The top of the set has a V-neck and a delicate lace on the sleeve. One size fits all recommended for ladies <strong>XS SML XL<\/strong><\/p>\n<h3 style=\"text-align: center;\">Dimensions<\/h3>\n<p style=\"text-align: center;\"><strong>\u00a0 \u00a0 \u00a0 Blouse<\/strong><\/p>\n<ul style=\"text-align: center;\">\n<li>\u00a0\u00a0\u00a0\u00a0\u00a0\u00a0\u00a0 total length at the front: 57 cm<\/li>\n<li>total length back: 62 cm<\/li>\n<li>\u00a0\u00a0\u00a0\u00a0\u00a0\u00a0\u00a0 width from armpit to armpit: 50-55 cm<\/li>\n<li>waist width: 50 cm - 60 cm<\/li>\n<li>\u00a0\u00a0\u00a0\u00a0\u00a0\u00a0\u00a0 recommended maximum bust circumference: 110 cm<\/li>\n<\/ul>\n<p style=\"text-align: center;\"><strong>\u00a0 \u00a0 \u00a0 \u00a0Pants<\/strong><\/p>\n<ul>\n<li style=\"text-align: center;\">\u00a0 overall length: 92 cm<\/li>\n<li style=\"text-align: center;\">\u00a0\u00a0\u00a0\u00a0\u00a0\u00a0\u00a0 belt width (elastic band): 36-48cm<\/li>\n<li style=\"text-align: center;\">\u00a0 \u00a0 \u00a0 \u00a0 inside leg length 67 cm<\/li>\n<li style=\"text-align: center;\">waist: 27 cm<\/li>\n<\/ul>\n<p>&nbsp;<\/p>\n<p style=\"text-align: center;\"><span style=\"font-size: 10pt;\">Dimensions may slightly differ from the given +\/- 2cm. All dimensions given are measured flat.<\/span><\/p>\n<table>\n<tbody>\n<tr>\n<td width=\"302\">Model name<\/td>\n<td width=\"302\">Multi tracksuit set<\/td>\n<\/tr>\n<tr>\n<td width=\"302\">Color<\/td>\n<td width=\"302\">Pink<\/td>\n<\/tr>\n<tr>\n<td width=\"302\">Sizes<\/td>\n<td width=\"302\">Universal<\/td>\n<\/tr>\n<tr>\n<td width=\"302\">Fashion<\/td>\n<td width=\"302\">Oversize<\/td>\n<\/tr>\n<tr>\n<td width=\"302\">Material<\/td>\n<td width=\"302\">92 % Cotton 8% Elastane<\/td>\n<\/tr>\n<\/tbody>\n<\/table>\n<p style=\"text-align: center;\"><span style=\"font-size: 10pt;\">\u00a0<\/span><\/p>\n<p style=\"text-align: center;\">\u00a0Model w\u00a0<strong>size S.<\/strong>\u00a0 about height\u00a0<strong>166<\/strong>\u00a0cm<\/p>","protected":false},"excerpt":{"rendered":"<p>Komplet Dresowy Multi R\u00f3\u017cowy Mihos Komplety dresowe to doskona\u0142y wyb\u00f3r dla pa\u0144, kt\u00f3re poszukuj\u0105 uniwersalnych element\u00f3w garderoby. W naszych kompletach stworzysz wiele ciekawych stylizacji, a same spodnie dresowe damskie mo\u017cna \u0142\u0105czy\u0107, zar\u00f3wno z eleganck\u0105, jak i mniej formaln\u0105 g\u00f3r\u0105. Jest to idealny komplet na wiosenne i letnie wypady.\u00a0 Warto wi\u0119c zwr\u00f3ci\u0107 uwag\u0119 na najmodniejszy model<\/p>\n<div class=\"klb-readmore post-buttons\"><a class=\"button black outline size-sm\" href=\"https:\/\/madelinefashion.pl\/en\/product\/komplet-dresowy-multi-mihos\/\">Read More <i class=\"klbth-icon-right-arrow\"><\/i><\/a><\/div>","protected":false},"featured_media":5591,"template":"","meta":[],"product_brand":[],"product_cat":[89,380],"product_tag":[],"class_list":{"0":"post-2138","1":"product","2":"type-product","3":"status-publish","4":"has-post-thumbnail","6":"product_cat-komplety","7":"product_cat-wyprzedaz","9":"first","10":"instock","11":"sale","12":"purchasable","13":"product-type-simple"},"_links":{"self":[{"href":"https:\/\/madelinefashion.pl\/en\/wp-json\/wp\/v2\/product\/2138","targetHints":{"allow":["GET"]}}],"collection":[{"href":"https:\/\/madelinefashion.pl\/en\/wp-json\/wp\/v2\/product"}],"about":[{"href":"https:\/\/madelinefashion.pl\/en\/wp-json\/wp\/v2\/types\/product"}],"wp:featuredmedia":[{"embeddable":true,"href":"https:\/\/madelinefashion.pl\/en\/wp-json\/wp\/v2\/media\/5591"}],"wp:attachment":[{"href":"https:\/\/madelinefashion.pl\/en\/wp-json\/wp\/v2\/media?parent=2138"}],"wp:term":[{"taxonomy":"product_brand","embeddable":true,"href":"https:\/\/madelinefashion.pl\/en\/wp-json\/wp\/v2\/product_brand?post=2138"},{"taxonomy":"product_cat","embeddable":true,"href":"https:\/\/madelinefashion.pl\/en\/wp-json\/wp\/v2\/product_cat?post=2138"},{"taxonomy":"product_tag","embeddable":true,"href":"https:\/\/madelinefashion.pl\/en\/wp-json\/wp\/v2\/product_tag?post=2138"}],"curies":[{"name":"wp","href":"https:\/\/api.w.org\/{rel}","templated":true}]}}