{"id":21694,"date":"2021-10-21T21:19:58","date_gmt":"2021-10-21T19:19:58","guid":{"rendered":"https:\/\/madelinefashion.pl\/?post_type=product&#038;p=21694"},"modified":"2026-01-15T12:43:21","modified_gmt":"2026-01-15T11:43:21","slug":"kurtka-jeansowa-z-futerkiem-i-kapturem-jeans-czarny-bezowy","status":"publish","type":"product","link":"https:\/\/madelinefashion.pl\/en\/product\/kurtka-jeansowa-z-futerkiem-i-kapturem-jeans-czarny-bezowy\/","title":{"rendered":"Denim Jacket with Fur and Hood Jeans Black + Beige"},"content":{"rendered":"<h3 style=\"text-align: center;\">Denim Jacket with Fur and Hood Jeans Black + Beige<\/h3>\n<p style=\"text-align: center;\"><strong>Denim Jacket with Fur<\/strong> oversize<strong> insulated <\/strong>inside <strong>fur.<\/strong> It is a definite one<strong> must have <\/strong>in the boss<strong> every woman <\/strong>which follows the latest fashion trends! Women&#039;s <strong>Oversized denim jacket with a hood <\/strong>with a classic cut, it is insulated<strong> pleasant to the touch fur.<\/strong> Fastened with a zipper and press studs. The fashionable jacket has two large pockets on the front. Comfortable, stylish and very warm at the same time <strong>denim bomber<\/strong> is the perfect proposition for<strong> colder days. <\/strong>Made of the highest quality material.<strong> Removable fur <\/strong>from the collar, sleeves and wedge <strong>\u2013 Model ,kt\u00f3ry pos\u0142u\u017cy Ci ca\u0142y rok !!<br \/>\n<\/strong>\u00a0Look fashionable and stylish every day! It can be used in any styling, both for classic jeans, white t-shirt for everyday outings. All<strong> furry<\/strong> items are <strong>detachable<\/strong> therefore we can with it <strong>use all year round<\/strong>. It is a definite one <strong>must have<\/strong> in every wardrobe! Long sleeves decorated with fur at the end. Thanks to carefully selected accessories, you can easily create unique stylizations for social events or celebrations. Stand out from the crowd with ours <strong>denim jacket<\/strong>. The jacket has a hem<strong> welt, <\/strong>making you perfect <strong>adjust it to your figure. <\/strong>The jacket is available in several color variants in size<strong> XS SML XL. If you cannot decide which color, size is best for you, please contact us through\u00a0<a href=\"https:\/\/www.facebook.com\/madelinefashionbutik\/\" target=\"_blank\" rel=\"noopener\">Facebook<\/a>\u00a0or\u00a0<a href=\"https:\/\/madelinefashion.pl\/en\/kontakt\/\">phone<\/a>. Superb quality at the best price!<br \/>\n<\/strong><\/p>\n<h3 style=\"text-align: center;\">Dimensions:<\/h3>\n<p style=\"text-align: center;\"><strong>XS<\/strong><\/p>\n<p style=\"text-align: center;\">Total length front: 50 cm<br \/>\nTotal length back: 56 cm<br \/>\nWidth from armpit to armpit: 68 cm x2<br \/>\nBottom width: 61 cm x2<br \/>\nSleeve length from the shoulder: 51 cm<br \/>\nSleeve length from armpit: 38 cm<\/p>\n<p style=\"text-align: center;\"><strong>S.<br \/>\n<\/strong>Total length front: 52 cm<br \/>\nTotal length back: 59 cm<br \/>\nWidth from armpit to armpit: 70 cm x2<br \/>\nBottom width: 63 cm x2<br \/>\nSleeve length from the shoulder: 51 cm<br \/>\nSleeve length from armpit: 38 cm<\/p>\n<p style=\"text-align: center;\"><strong>M.<br \/>\n<\/strong>Total length front: 54 cm<br \/>\nTotal length back: 63 cm<br \/>\nWidth from armpit to armpit: 71 cm x2<br \/>\nBottom width: 65 cm x2<br \/>\nSleeve length from the shoulder: 52 cm<br \/>\nSleeve length from armpit: 39 cm<br \/>\n<strong><br \/>\nL.<\/strong><br \/>\nTotal length front: 55 cm<br \/>\nTotal length back: 65 cm<br \/>\nWidth from armpit to armpit: 72 cm x2<br \/>\nBottom width: 67 cm x2<br \/>\nSleeve length from the shoulder: 54 cm<br \/>\nSleeve length from armpit: 41 cm<br \/>\n<strong><br \/>\nXL<\/strong><br \/>\nTotal length front: 57 cm<br \/>\nTotal length back: 67 cm<br \/>\nWidth from armpit to armpit: 74 cm x2<br \/>\nBottom width: 69 cm x2<br \/>\nSleeve length from the shoulder: 55 cm<br \/>\nSleeve length from armpit: 42 cm<\/p>\n<p style=\"text-align: center;\">Dimensions may slightly differ from the given +\/- 2cm. All dimensions given are measured flat.<\/p>\n<p style=\"text-align: center;\"><strong>Perfectly fits every figure<\/strong><\/p>\n<table class=\"table\" style=\"height: 241px;\" width=\"584\">\n<tbody>\n<tr>\n<td width=\"302\">Model name<\/td>\n<td width=\"302\">Jeans Jacket with Fur and Hood<\/td>\n<\/tr>\n<tr>\n<td width=\"302\">Color<\/td>\n<td width=\"302\">Jeans Black + Beige<\/td>\n<\/tr>\n<tr>\n<td width=\"302\">Collection<\/td>\n<td width=\"302\">\u00a0SPRING \/ AUTUMN \/ WINTER<\/td>\n<\/tr>\n<tr>\n<td width=\"302\">Size<\/td>\n<td width=\"302\">XS SML XL<\/td>\n<\/tr>\n<tr>\n<td width=\"302\">Fashion<\/td>\n<td width=\"302\">Oversize<\/td>\n<\/tr>\n<tr>\n<td width=\"302\">Hood<\/td>\n<td width=\"302\">Yes<\/td>\n<\/tr>\n<tr>\n<td width=\"302\">Warming<\/td>\n<td width=\"302\">Yes FUR<\/td>\n<\/tr>\n<tr>\n<td width=\"302\">Material<\/td>\n<td width=\"302\">100% polyester<\/td>\n<\/tr>\n<\/tbody>\n<\/table>\n<div class=\"tabs tabs-bb clear mb-80\">\n<div class=\"tab-content\">\n<div id=\"tab-description\" class=\"tab-pane fade in woocommerce-Tabs-panel--description active\">\n<div class=\"tabs tabs-bb clear mb-80\">\n<div class=\"tab-content\">\n<div id=\"tab-description\" class=\"tab-pane fade in woocommerce-Tabs-panel--description active\">\n<div class=\"tabs tabs-bb clear mb-80\">\n<div class=\"tab-content\">\n<div id=\"tab-description\" class=\"tab-pane fade in woocommerce-Tabs-panel--description active\">\n<p style=\"text-align: center;\">\u00a0The model has\u00a0<strong>165<\/strong>\u00a0cm tall, wears a size every day\u00a0<strong>S.<\/strong><\/p>\n<\/div>\n<\/div>\n<\/div>\n<\/div>\n<\/div>\n<\/div>\n<\/div>\n<\/div>\n<\/div>\n<p style=\"text-align: center;\">","protected":false},"excerpt":{"rendered":"<p>Denim Jacket with Fur and Hood, Black + Beige Jeans. This oversized denim jacket with fur is lined with fur. This is a must-have for any woman who follows the latest fashion trends! This oversized denim jacket with a hood, classic cut, is lined with soft-touch fur. It fastens with a zipper and snaps. Fashionable.<\/p>\n<div class=\"klb-readmore post-buttons\"><a class=\"button black outline size-sm\" href=\"https:\/\/madelinefashion.pl\/en\/product\/kurtka-jeansowa-z-futerkiem-i-kapturem-jeans-czarny-bezowy\/\">Read More <i class=\"klbth-icon-right-arrow\"><\/i><\/a><\/div>","protected":false},"featured_media":21604,"template":"","meta":[],"product_brand":[],"product_cat":[117,395],"product_tag":[240,507],"class_list":{"0":"post-21694","1":"product","2":"type-product","3":"status-publish","4":"has-post-thumbnail","6":"product_cat-kurtki","7":"product_cat-nowosci","8":"product_tag-jeans","9":"product_tag-kurtka-jeansowa","10":"pa_rozmiar-l","11":"pa_rozmiar-m","12":"pa_rozmiar-s","13":"pa_rozmiar-xl","14":"pa_rozmiar-xs","16":"first","17":"outofstock","18":"product-type-variable"},"_links":{"self":[{"href":"https:\/\/madelinefashion.pl\/en\/wp-json\/wp\/v2\/product\/21694","targetHints":{"allow":["GET"]}}],"collection":[{"href":"https:\/\/madelinefashion.pl\/en\/wp-json\/wp\/v2\/product"}],"about":[{"href":"https:\/\/madelinefashion.pl\/en\/wp-json\/wp\/v2\/types\/product"}],"wp:featuredmedia":[{"embeddable":true,"href":"https:\/\/madelinefashion.pl\/en\/wp-json\/wp\/v2\/media\/21604"}],"wp:attachment":[{"href":"https:\/\/madelinefashion.pl\/en\/wp-json\/wp\/v2\/media?parent=21694"}],"wp:term":[{"taxonomy":"product_brand","embeddable":true,"href":"https:\/\/madelinefashion.pl\/en\/wp-json\/wp\/v2\/product_brand?post=21694"},{"taxonomy":"product_cat","embeddable":true,"href":"https:\/\/madelinefashion.pl\/en\/wp-json\/wp\/v2\/product_cat?post=21694"},{"taxonomy":"product_tag","embeddable":true,"href":"https:\/\/madelinefashion.pl\/en\/wp-json\/wp\/v2\/product_tag?post=21694"}],"curies":[{"name":"wp","href":"https:\/\/api.w.org\/{rel}","templated":true}]}}