{"id":21720,"date":"2021-10-22T14:20:18","date_gmt":"2021-10-22T12:20:18","guid":{"rendered":"https:\/\/madelinefashion.pl\/?post_type=product&#038;p=21720"},"modified":"2026-04-21T14:50:58","modified_gmt":"2026-04-21T12:50:58","slug":"kamizelka-futrzana-z-kapturem-przeszywana-czarna","status":"publish","type":"product","link":"https:\/\/madelinefashion.pl\/en\/product\/kamizelka-futrzana-z-kapturem-przeszywana-czarna\/","title":{"rendered":"Black Stitched Fur Vest with Hood"},"content":{"rendered":"<h3 style=\"text-align: center;\">Black Stitched Fur Vest with Hood<\/h3>\n<p style=\"text-align: center;\"><strong>Fur vest <\/strong>black hoodie it <strong>the most fashionable cut this season<\/strong>. Vest made of artificial fur. Unusually <strong>warm and pleasant to the touch<\/strong>. Stitched vest with <strong>fur coats<\/strong> suitable for both <a href=\"https:\/\/madelinefashion.pl\/en\/spodnie\/\">pants<\/a>, <a href=\"https:\/\/madelinefashion.pl\/en\/spodnice\/\">skirts<\/a> if <a href=\"https:\/\/madelinefashion.pl\/en\/sukienki-i-kombinezony\/\">dresses<\/a>. The fur vest will also perfectly match with <a href=\"https:\/\/madelinefashion.pl\/en\/swetry\/swetry-damskie\/\"><strong>sweaters<\/strong><\/a>, <a href=\"https:\/\/madelinefashion.pl\/en\/swetry\/kardigany-damskie\/\">cardigans<\/a> and most of all, it is a perfect proposition to wear on all kinds <strong><a href=\"https:\/\/madelinefashion.pl\/en\/kurtki-i-plaszcze\/kurtki\/\">jackets<\/a><\/strong>. It will blend in perfectly with ours <strong>Ramones<\/strong> e.g. a model <strong><a href=\"https:\/\/madelinefashion.pl\/en\/ramoneska-biker-czarna\/\">Biker<\/a><\/strong>which also is <strong>best seller<\/strong>. Is it <strong>the most fashionable cut this season<\/strong> - you just need one of our vests in your wardrobe for you to create <strong>timeless stylizations<\/strong>. You will use it both for going out with friends to the city and for evening styling for a party. It is a bestseller <strong>a proposal for any occasion<\/strong>. Perfect for everyday use and for a party when you want to look great and feel great at the same time. The most fashionable hit of the season and an absolute <strong>must have in your wardrobe<\/strong>to help you create <strong>casual look<\/strong> and will complete many impressive styles for the fall and early spring ones. Decide to buy\u00a0<strong>fur vest<\/strong>and you won&#039;t regret it. You will surely see how much such one thing in your wardrobe can do. Available in our <a href=\"https:\/\/madelinefashion.pl\/en\/kamizelki\/\">e-shop<\/a> in several color variants and in different lengths, so do not hesitate and choose the one that suits you <strong>Perfect for you<\/strong>. If you can&#039;t decide which color, the size is <strong>for<\/strong> <strong>You the best<\/strong>contact us through <strong><a href=\"https:\/\/www.facebook.com\/madelinefashionbutik\/\" target=\"_blank\" rel=\"noopener\">Facebook<\/a><\/strong> or <a href=\"https:\/\/madelinefashion.pl\/en\/kontakt\/\">phone<\/a>. Superb quality at the best price!<strong> Universal size<\/strong> Recommended for wearers\u00a0<strong>S, M, L, XL. <\/strong>We also have<strong> larger vests, <\/strong>which you will also find in ours<strong> shop\u00a0<\/strong><b><a href=\"https:\/\/madelinefashion.pl\/en\/\">madelinefashion<\/a>.<\/b><\/p>\n<h3 style=\"text-align: center;\">Vest dimensions:<\/h3>\n<p style=\"text-align: center;\">Overall length: 79 cm<\/p>\n<p style=\"text-align: center;\">Width from armpit to armpit: 54 cm x 2<\/p>\n<p style=\"text-align: center;\">Max bust circumference: 108 cm<\/p>\n<p style=\"text-align: center;\">Bottom width: 57 cm<\/p>\n<p style=\"text-align: center;\">Dimensions may slightly differ from the given +\/- 2cm. All dimensions given are measured flat.<\/p>\n<table style=\"height: 230px;\" width=\"664\">\n<tbody>\n<tr>\n<td width=\"302\">Model name<\/td>\n<td width=\"302\">Fur Vest with Stitched Hood<\/td>\n<\/tr>\n<tr>\n<td width=\"302\">Color<\/td>\n<td width=\"302\">BLACK<\/td>\n<\/tr>\n<tr>\n<td width=\"302\">Collection<\/td>\n<td width=\"302\">\u00a0SPRING \/ AUTUMN \/ WINTER<\/td>\n<\/tr>\n<tr>\n<td width=\"302\">Size<\/td>\n<td width=\"302\">Universal<\/td>\n<\/tr>\n<tr>\n<td width=\"302\">Fashion<\/td>\n<td width=\"302\">Oversize<\/td>\n<\/tr>\n<tr>\n<td width=\"302\">Hood<\/td>\n<td width=\"302\">Yes<\/td>\n<\/tr>\n<tr>\n<td width=\"302\">Warming<\/td>\n<td width=\"302\">Lining<\/td>\n<\/tr>\n<tr>\n<td width=\"302\">Material<\/td>\n<td width=\"302\">100% polyester<\/td>\n<\/tr>\n<\/tbody>\n<\/table>\n<p>&nbsp;<\/p>\n<p>&nbsp;<\/p>\n<div class=\"tabs tabs-bb clear mb-80\">\n<div class=\"tab-content\">\n<div id=\"tab-description\" class=\"tab-pane fade in woocommerce-Tabs-panel--description active\">\n<div class=\"tabs tabs-bb clear mb-80\">\n<div class=\"tab-content\">\n<div id=\"tab-description\" class=\"tab-pane fade in woocommerce-Tabs-panel--description active\">\n<div class=\"tabs tabs-bb clear mb-80\">\n<div class=\"tab-content\">\n<div id=\"tab-description\" class=\"tab-pane fade in woocommerce-Tabs-panel--description active\">\n<p style=\"text-align: center;\">The model has\u00a0<strong>169<\/strong>\u00a0cm tall, wears a size every day\u00a0<strong>S.<\/strong><\/p>\n<p style=\"text-align: center;\">The width at the bust is 92 cm<\/p>\n<p style=\"text-align: center;\">Waist width 62 cm<\/p>\n<p style=\"text-align: center;\">The width at the hips is 94 cm<\/p>\n<\/div>\n<\/div>\n<\/div>\n<\/div>\n<\/div>\n<\/div>\n<\/div>\n<\/div>\n<\/div>\n<section class=\"up-sells upsells products mb-80\"><\/section>\n<p style=\"text-align: center;\"><strong style=\"text-align: center;\">\u00a0<\/strong><\/p>","protected":false},"excerpt":{"rendered":"<p>Kamizelka Futrzana z Kapturem Przeszywana Czarna Kamizelka Futrzana czarna z kapturem to najmodniejszy fason w tym sezonie. Kamizelka wykonana ze sztucznego futerka. Niezwykle ciep\u0142a i przyjemna w dotyku. Kamizelka przeszywana z futra nadaje si\u0119 zar\u00f3wno do spodni, sp\u00f3dnic czy sukienek. Bezr\u0119kawnik z futerka idealnie b\u0119dzie komponowa\u0107 si\u0119 r\u00f3wnie\u017c ze swetrami, kardiganami a przede wszystkim jest<\/p>\n<div class=\"klb-readmore post-buttons\"><a class=\"button black outline size-sm\" href=\"https:\/\/madelinefashion.pl\/en\/product\/kamizelka-futrzana-z-kapturem-przeszywana-czarna\/\">Read More <i class=\"klbth-icon-right-arrow\"><\/i><\/a><\/div>","protected":false},"featured_media":55915,"template":"","meta":[],"product_brand":[],"product_cat":[79],"product_tag":[160],"class_list":{"0":"post-21720","1":"product","2":"type-product","3":"status-publish","4":"has-post-thumbnail","6":"product_cat-kamizelki","7":"product_tag-kamizelki-futrzane","8":"pa_rozmiar-s","9":"pa_rozmiar-m","10":"pa_rozmiar-l","11":"pa_rozmiar-xl","12":"pa_rozmiar-xxl","14":"first","15":"instock","16":"sale","17":"purchasable","18":"product-type-simple"},"_links":{"self":[{"href":"https:\/\/madelinefashion.pl\/en\/wp-json\/wp\/v2\/product\/21720","targetHints":{"allow":["GET"]}}],"collection":[{"href":"https:\/\/madelinefashion.pl\/en\/wp-json\/wp\/v2\/product"}],"about":[{"href":"https:\/\/madelinefashion.pl\/en\/wp-json\/wp\/v2\/types\/product"}],"wp:featuredmedia":[{"embeddable":true,"href":"https:\/\/madelinefashion.pl\/en\/wp-json\/wp\/v2\/media\/55915"}],"wp:attachment":[{"href":"https:\/\/madelinefashion.pl\/en\/wp-json\/wp\/v2\/media?parent=21720"}],"wp:term":[{"taxonomy":"product_brand","embeddable":true,"href":"https:\/\/madelinefashion.pl\/en\/wp-json\/wp\/v2\/product_brand?post=21720"},{"taxonomy":"product_cat","embeddable":true,"href":"https:\/\/madelinefashion.pl\/en\/wp-json\/wp\/v2\/product_cat?post=21720"},{"taxonomy":"product_tag","embeddable":true,"href":"https:\/\/madelinefashion.pl\/en\/wp-json\/wp\/v2\/product_tag?post=21720"}],"curies":[{"name":"wp","href":"https:\/\/api.w.org\/{rel}","templated":true}]}}