{"id":21787,"date":"2021-10-24T11:34:37","date_gmt":"2021-10-24T09:34:37","guid":{"rendered":"https:\/\/madelinefashion.pl\/?post_type=product&#038;p=21787"},"modified":"2026-02-20T14:58:27","modified_gmt":"2026-02-20T13:58:27","slug":"tunika-swiateczna-merry-christmas-czerwona-2","status":"publish","type":"product","link":"https:\/\/madelinefashion.pl\/en\/product\/tunika-swiateczna-merry-christmas-czerwona-2\/","title":{"rendered":"Merry Christmas Red Tunic"},"content":{"rendered":"<h3 style=\"text-align: center;\">Merry Christmas Red Tunic<\/h3>\n<p style=\"text-align: center;\">You already have yours <strong>christmas sweater<\/strong>? This beautiful model is made of the highest quality yarn, which thanks to a precise processing process adds softness, softness and maximum comfort. <strong>Christmas sweater<\/strong> in one universal size recommended for <strong>Mr <\/strong>wearing a size <strong>S, M, L, XL <\/strong>It will attract attention and you will be <strong>look amazing<\/strong>. A sweater with the image of Rudolf reindeer is a perfect proposition for<strong> upcoming holidays. Our Reindeer Sweaters<\/strong> it is a perfect proposition for a Santa Claus or Christmas gift. In our store you will find <strong>Christmas clothes<\/strong>that will make you feel again <strong>the magic of Christmas.<\/strong> <strong>Festive character <\/strong>it will work both on a daily basis<strong>, <\/strong>and during dinner <strong>Christmas Eve.\u00a0 <\/strong>If you have any additional questions about this product, please do not hesitate to contact us by phone or via Facebook. One universal size recommended for ladies in size SML XL<\/p>\n<p style=\"text-align: center;\">\u00a0.<\/p>\n<h3 style=\"text-align: center;\">Dimensions :<\/h3>\n<ul style=\"text-align: center;\">\n<li>Width from armpit to armpit 47-57 cm<\/li>\n<li>Total length 90 cm<\/li>\n<li>Sleeve length from armpit 44 cm<\/li>\n<li>Sleeve length from shoulder 52 cm<\/li>\n<\/ul>\n<p style=\"text-align: center;\">Dimensions may slightly differ from the given +\/- 2cm. All dimensions given are measured flat.<strong>\u00a0<\/strong><\/p>\n<p>&nbsp;<\/p>\n<p>&nbsp;<\/p>\n<table width=\"485\">\n<tbody>\n<tr>\n<td width=\"302\">Model name<\/td>\n<td width=\"302\">Merry Christmas tunic<\/td>\n<\/tr>\n<tr>\n<td width=\"302\">Collection<\/td>\n<td width=\"302\">Autumn winter<\/td>\n<\/tr>\n<tr>\n<td width=\"302\">Sizes<\/td>\n<td width=\"302\">Universal<\/td>\n<\/tr>\n<tr>\n<td width=\"302\">Composition<\/td>\n<td width=\"302\">60% Akryl 30%Moher %30 %We\u0142na<\/td>\n<\/tr>\n<tr>\n<td width=\"302\">Color<\/td>\n<td width=\"302\">Red<\/td>\n<\/tr>\n<tr>\n<td width=\"302\">Hood<\/td>\n<td width=\"302\">Lack<\/td>\n<\/tr>\n<\/tbody>\n<\/table>\n<p>&nbsp;<\/p>\n<p style=\"text-align: center;\">The model has\u00a0<strong>169<\/strong>\u00a0cm tall, wears a size every day\u00a0<strong>S.<\/strong><\/p>\n<p style=\"text-align: center;\">Bust width 91 cm<\/p>\n<p style=\"text-align: center;\">Waist width 71 cm<\/p>\n<p style=\"text-align: center;\">Hip width 96 cm<\/p>\n<p style=\"text-align: center;\">","protected":false},"excerpt":{"rendered":"<p>Tunika \u015awi\u0105teczna Merry Christmas Czerwona Masz ju\u017c sw\u00f3j \u015bwi\u0105teczny sweter?\u00a0Ten pi\u0119kny model wykonany jest z najwy\u017cszej jako\u015bci prz\u0119dzy, kt\u00f3ra dzi\u0119ki precyzyjnemu procesowi obr\u00f3bki dodaje mi\u0119kko\u015bci, mi\u0119kko\u015bci i maksymalnego komfortu. Sweter bo\u017conarodzeniowy w rozmiarze\u00a0uniwersalnym zalecanym dla Pa\u0144 nosz\u0105cych rozmiar S, M, L , XL Przyci\u0105gnie uwag\u0119 i b\u0119dziesz wygl\u0105da\u0107 niesamowicie. Sweterek z wizerunkiem renifera Rudolfa to<\/p>\n<div class=\"klb-readmore post-buttons\"><a class=\"button black outline size-sm\" href=\"https:\/\/madelinefashion.pl\/en\/product\/tunika-swiateczna-merry-christmas-czerwona-2\/\">Read More <i class=\"klbth-icon-right-arrow\"><\/i><\/a><\/div>","protected":false},"featured_media":585479,"template":"","meta":[],"product_brand":[],"product_cat":[78],"product_tag":[473,296,505],"class_list":{"0":"post-21787","1":"product","2":"type-product","3":"status-publish","4":"has-post-thumbnail","6":"product_cat-swetry-damskie","7":"product_tag-kolekcja-swiateczna","8":"product_tag-tuniki","9":"product_tag-tunika-swiateczna","11":"first","12":"instock","13":"shipping-taxable","14":"purchasable","15":"product-type-simple"},"_links":{"self":[{"href":"https:\/\/madelinefashion.pl\/en\/wp-json\/wp\/v2\/product\/21787","targetHints":{"allow":["GET"]}}],"collection":[{"href":"https:\/\/madelinefashion.pl\/en\/wp-json\/wp\/v2\/product"}],"about":[{"href":"https:\/\/madelinefashion.pl\/en\/wp-json\/wp\/v2\/types\/product"}],"wp:featuredmedia":[{"embeddable":true,"href":"https:\/\/madelinefashion.pl\/en\/wp-json\/wp\/v2\/media\/585479"}],"wp:attachment":[{"href":"https:\/\/madelinefashion.pl\/en\/wp-json\/wp\/v2\/media?parent=21787"}],"wp:term":[{"taxonomy":"product_brand","embeddable":true,"href":"https:\/\/madelinefashion.pl\/en\/wp-json\/wp\/v2\/product_brand?post=21787"},{"taxonomy":"product_cat","embeddable":true,"href":"https:\/\/madelinefashion.pl\/en\/wp-json\/wp\/v2\/product_cat?post=21787"},{"taxonomy":"product_tag","embeddable":true,"href":"https:\/\/madelinefashion.pl\/en\/wp-json\/wp\/v2\/product_tag?post=21787"}],"curies":[{"name":"wp","href":"https:\/\/api.w.org\/{rel}","templated":true}]}}