{"id":21834,"date":"2021-10-24T14:52:51","date_gmt":"2021-10-24T12:52:51","guid":{"rendered":"https:\/\/madelinefashion.pl\/?post_type=product&#038;p=21834"},"modified":"2026-01-20T10:34:09","modified_gmt":"2026-01-20T09:34:09","slug":"bluza-supelkowa-maxi-z-kapturem-beautiful-khaki","status":"publish","type":"product","link":"https:\/\/madelinefashion.pl\/en\/product\/bluza-supelkowa-maxi-z-kapturem-beautiful-khaki\/","title":{"rendered":"Knot Maxi Sweatshirt with Hood Beautiful Khaki"},"content":{"rendered":"<h3 style=\"text-align: center;\">Knot Maxi Sweatshirt with Hood Beautiful Khaki<\/h3>\n<p style=\"text-align: center;\"><strong>Knot Maxi Sweatshirt with Hood Beautiful Khaki<\/strong> is the perfect model for walks, outings and long winter evenings at home. You can successfully dress it for everyday outings, work, family gatherings and meetings with friends. Our model <strong>decorative tape on the back <\/strong>she is very feminine and cute. Certainly, it will add a timeless character to your styling. The comfortable hood will protect you on windy days. The sweatshirt is made of a very soft and pleasant to the touch fabric - <strong>a bow<\/strong>. Functional cut, zippered with pockets at the front. A warm sweatshirt - it will surely delight you. Sweatshirt it<strong> indispensable element<\/strong> women&#039;s wardrobe. Our model fits perfectly <a href=\"https:\/\/madelinefashion.pl\/en\/spodnie\/\">jeans <\/a>.<strong>The best-selling model<\/strong> suitable for both sports and casual stylizations, and the latest trend is simply a combination of both styles - sporty and elegant. Get inspired by the costumes of bloggers or celebrities - Complete Your Wardrobe with Oversize Sweatshirt. The size is universal and will be suitable for <b>Ladies in sizes S, M, L, XL, XXL\u00a0<\/b><\/p>\n<h3 style=\"text-align: center;\">Characteristics:<\/h3>\n<p style=\"text-align: center;\">- Hoodie<br \/>\n- warm and soft, perfect for cold spring and winter days<br \/>\n- fastened with a zipper<br \/>\n-decorative tapes<br \/>\n-complementary<\/p>\n<h3 style=\"text-align: center;\">Dimensions:<\/h3>\n<ul>\n<li style=\"list-style-type: none;\">\n<ul>\n<li style=\"text-align: center;\">Total length front: 90 cm<\/li>\n<li style=\"text-align: center;\">Total length back: 90 cm<\/li>\n<li style=\"text-align: center;\">Underarm width: 73 cm x2<\/li>\n<li style=\"text-align: center;\">Sleeve length from armpit: 42 cm<\/li>\n<li style=\"text-align: center;\">Sleeve length from the shoulder: 52 cm<\/li>\n<li style=\"text-align: center;\">Bottom width: 70 cm x2<\/li>\n<li style=\"text-align: center;\">Recommended maximum bust circumference: 120 cm<\/li>\n<li style=\"list-style-type: none;\"><\/li>\n<\/ul>\n<\/li>\n<\/ul>\n<p style=\"text-align: center;\">Dimensions may slightly differ from the given +\/- 2cm. All dimensions given are measured flat. X2 dimension<\/p>\n<p style=\"text-align: center;\"><span style=\"font-size: 10pt;\">\u00a0<\/span><\/p>\n<p style=\"text-align: center;\"><span style=\"font-size: 10pt;\">\u00a0<\/span><\/p>\n<table width=\"608\">\n<tbody>\n<tr>\n<td width=\"302\">Model name<\/td>\n<td width=\"302\">Knotty Maxi Sweatshirt with Beautiful Hood<\/td>\n<\/tr>\n<tr>\n<td width=\"302\">Color<\/td>\n<td width=\"302\">Khaki<\/td>\n<\/tr>\n<tr>\n<td width=\"302\">Sizes<\/td>\n<td width=\"302\">Universal<\/td>\n<\/tr>\n<tr>\n<td width=\"302\">Fashion<\/td>\n<td width=\"302\">Oversize<\/td>\n<\/tr>\n<tr>\n<td width=\"302\">Material<\/td>\n<td width=\"302\">100 % Polyester<\/td>\n<\/tr>\n<\/tbody>\n<\/table>\n<p style=\"text-align: center;\"><span style=\"font-size: 10pt;\">\u00a0<\/span><\/p>\n<div class=\"tabs tabs-bb clear mb-80\">\n<div class=\"tab-content\">\n<div id=\"tab-description\" class=\"tab-pane fade in woocommerce-Tabs-panel--description active\">\n<p style=\"text-align: center;\">\u00a0The model has\u00a0<strong>165<\/strong>\u00a0cm tall, wears a size every day\u00a0<strong>S.<\/strong><span style=\"font-size: 10pt;\">\u00a0<\/span><\/p>\n<\/div>\n<\/div>\n<\/div>","protected":false},"excerpt":{"rendered":"<p>Bluza Supe\u0142kowa Maxi z Kapturem Beautiful Khaki Bluza Supe\u0142kowa Maxi z Kapturem Beautiful Khaki to idealny model na spacery, wyj\u015bcia jak i d\u0142ugie zimowe wieczory w domu. Z powodzeniem mo\u017cesz j\u0105 ubra\u0107 na codzienne wyj\u015bcia, do pracy, spotkanie rodzinne i spotkania z przyjaci\u00f3\u0142mi.\u00a0 Nasz model ozdobn\u0105 ta\u015bm\u0105 na plecach jest bardzo kobiecy i uroczy. Z<\/p>\n<div class=\"klb-readmore post-buttons\"><a class=\"button black outline size-sm\" href=\"https:\/\/madelinefashion.pl\/en\/product\/bluza-supelkowa-maxi-z-kapturem-beautiful-khaki\/\">Read More <i class=\"klbth-icon-right-arrow\"><\/i><\/a><\/div>","protected":false},"featured_media":21821,"template":"","meta":[],"product_brand":[],"product_cat":[255,395],"product_tag":[385],"class_list":{"0":"post-21834","1":"product","2":"type-product","3":"status-publish","4":"has-post-thumbnail","6":"product_cat-bluzy","7":"product_cat-nowosci","8":"product_tag-plus-size","10":"first","11":"instock","12":"sale","13":"purchasable","14":"product-type-simple"},"_links":{"self":[{"href":"https:\/\/madelinefashion.pl\/en\/wp-json\/wp\/v2\/product\/21834","targetHints":{"allow":["GET"]}}],"collection":[{"href":"https:\/\/madelinefashion.pl\/en\/wp-json\/wp\/v2\/product"}],"about":[{"href":"https:\/\/madelinefashion.pl\/en\/wp-json\/wp\/v2\/types\/product"}],"wp:featuredmedia":[{"embeddable":true,"href":"https:\/\/madelinefashion.pl\/en\/wp-json\/wp\/v2\/media\/21821"}],"wp:attachment":[{"href":"https:\/\/madelinefashion.pl\/en\/wp-json\/wp\/v2\/media?parent=21834"}],"wp:term":[{"taxonomy":"product_brand","embeddable":true,"href":"https:\/\/madelinefashion.pl\/en\/wp-json\/wp\/v2\/product_brand?post=21834"},{"taxonomy":"product_cat","embeddable":true,"href":"https:\/\/madelinefashion.pl\/en\/wp-json\/wp\/v2\/product_cat?post=21834"},{"taxonomy":"product_tag","embeddable":true,"href":"https:\/\/madelinefashion.pl\/en\/wp-json\/wp\/v2\/product_tag?post=21834"}],"curies":[{"name":"wp","href":"https:\/\/api.w.org\/{rel}","templated":true}]}}