{"id":21860,"date":"2021-10-24T15:25:02","date_gmt":"2021-10-24T13:25:02","guid":{"rendered":"https:\/\/madelinefashion.pl\/?post_type=product&#038;p=21860"},"modified":"2026-01-15T12:43:20","modified_gmt":"2026-01-15T11:43:20","slug":"plaszczyk-futerko-zapinane-honey-ecru","status":"publish","type":"product","link":"https:\/\/madelinefashion.pl\/en\/product\/plaszczyk-futerko-zapinane-honey-ecru\/","title":{"rendered":"Fur Coat with a buttoned Honey Ecru"},"content":{"rendered":"<h3 style=\"text-align: center;\">Fur Coat with a buttoned Honey Ecru<\/h3>\n<div style=\"text-align: center;\">\n<p>Do you want to feel stylish and fashionable? This product is for you. <span lang=\"en-us\" xml:lang=\"en-us\"><b>The phenomenal sheepskin coat is something for women who love bold stylizations and elegance in one. <\/b><\/span><span lang=\"en-us\" xml:lang=\"en-us\">Perfect cut <\/span><strong><span lang=\"en-us\" xml:lang=\"en-us\">for the upcoming fall but also for the winter. <\/span><\/strong><span lang=\"en-us\" xml:lang=\"en-us\">The fur is fastened with press studs. <\/span><strong>Fur<\/strong> fits both<strong> everyday and more elegant stylizations<\/strong>,. Fastened with two hidden snaps, it has two pockets on the front. A sheepskin coat with long sleeves <span style=\"text-align: center;\">it&#039;s resolute <\/span><strong style=\"text-align: center;\">must have<\/strong><span style=\"text-align: center;\"> in every wardrobe! <\/span><span style=\"text-align: center;\">Stand out from the crowd with ours <strong>fur <\/strong>. There is no limit to your imagination, so don&#039;t hesitate and<\/span><strong style=\"text-align: center;\"> create your own styling<\/strong><span style=\"text-align: center;\">. <strong>Fur <\/strong><\/span><span style=\"text-align: center;\">\u00a0comes in size<\/span><strong style=\"text-align: center;\"> SML. This model is perfect for <strong>spring, autumn.<\/strong> <\/strong><span style=\"text-align: center;\">If you have any questions, we are here to help.<\/span><\/p>\n<\/div>\n<h3 style=\"text-align: center;\">Dimensions:<\/h3>\n<p style=\"text-align: center;\"><strong>Size S \/ 36<\/strong><\/p>\n<p style=\"text-align: center;\">LENGTH 80 CM<\/p>\n<p style=\"text-align: center;\">WIDTH FROM ARMPIT TO ARMPIT: 53-54 CM x2<\/p>\n<p style=\"text-align: center;\">SLEEVE LENGTH FROM ARMPIT: 47 CM<\/p>\n<p style=\"text-align: center;\">SLEEVE LENGTH FROM THE SHOULDER: 62 CM<\/p>\n<p style=\"text-align: center;\">WIDTH AT THE BOTTOM: 57 CM<\/p>\n<p style=\"text-align: center;\"><strong>Size M \/ 38<\/strong><\/p>\n<p style=\"text-align: center;\">LENGTH 81 CM<\/p>\n<p style=\"text-align: center;\">WIDTH FROM ARMPIT TO ARMPIT: 54-56 CM x2<\/p>\n<p style=\"text-align: center;\">SLEEVE LENGTH FROM ARMPIT: 47 CM<\/p>\n<p style=\"text-align: center;\">SLEEVE LENGTH FROM THE SHOULDER: 62 CM<\/p>\n<p style=\"text-align: center;\">WIDTH AT THE BOTTOM: 58 CM<\/p>\n<p style=\"text-align: center;\"><strong>Size L \/ 40<\/strong><\/p>\n<p style=\"text-align: center;\">LENGTH 82 CM<\/p>\n<p style=\"text-align: center;\">WIDTH FROM ARMPIT TO ARMPIT: 56-58 CM x2<\/p>\n<p style=\"text-align: center;\">SLEEVE LENGTH FROM ARMPIT: 48 CM<\/p>\n<p style=\"text-align: center;\">SLEEVE LENGTH FROM THE SHOULDER: 63 CM<\/p>\n<p style=\"text-align: center;\">WIDTH AT THE BOTTOM: 60 CM<\/p>\n<p style=\"text-align: center;\">Dimensions may slightly differ from the given +\/- 2cm. All dimensions given are measured flat.<\/p>\n<p>&nbsp;<\/p>\n<p>&nbsp;<\/p>\n<p style=\"text-align: center;\">The model has\u00a0<strong>169<\/strong>\u00a0cm tall, wears a size every day\u00a0<strong>S.<\/strong><\/p>\n<p style=\"text-align: center;\">The width at the bust is 92 cm<\/p>\n<p style=\"text-align: center;\">Waist width 62 cm<\/p>\n<p style=\"text-align: center;\">The width at the hips is 94 cm<strong>\u00a0<\/strong><\/p>\n<p style=\"text-align: center;\"><span style=\"font-size: 10pt;\">\u00a0<\/span><\/p>\n<p style=\"text-align: center;\">","protected":false},"excerpt":{"rendered":"<p>P\u0142aszczyk Futerko Zapinane Honey Ecru Chcesz poczu\u0107 si\u0119 stylowo i modnie?\u00a0 Ten produkt jest dla Ciebie. Fenomenalny ko\u017cuszek\u00a0typu futerko to co\u015b dla kobiet uwielbiaj\u0105cych odwa\u017cne stylizacje i elegancj\u0119 w jednym. Idealny fason na nadchodz\u0105c\u0105 jesie\u0144 ale te\u017c na zim\u0119. Futerko zapinane na napy. Futerko pasuje zar\u00f3wno do codziennych jak i bardziej eleganckich stylizacji,. Zapinane na<\/p>\n<div class=\"klb-readmore post-buttons\"><a class=\"button black outline size-sm\" href=\"https:\/\/madelinefashion.pl\/en\/product\/plaszczyk-futerko-zapinane-honey-ecru\/\">Read More <i class=\"klbth-icon-right-arrow\"><\/i><\/a><\/div>","protected":false},"featured_media":61172,"template":"","meta":[],"product_brand":[],"product_cat":[117,118,395],"product_tag":[],"class_list":{"0":"post-21860","1":"product","2":"type-product","3":"status-publish","4":"has-post-thumbnail","6":"product_cat-kurtki","7":"product_cat-plaszcze","8":"product_cat-nowosci","9":"pa_rozmiar-s","10":"pa_rozmiar-m","11":"pa_rozmiar-l","12":"pa_rozmiar-xl","14":"first","15":"outofstock","16":"product-type-variable"},"_links":{"self":[{"href":"https:\/\/madelinefashion.pl\/en\/wp-json\/wp\/v2\/product\/21860","targetHints":{"allow":["GET"]}}],"collection":[{"href":"https:\/\/madelinefashion.pl\/en\/wp-json\/wp\/v2\/product"}],"about":[{"href":"https:\/\/madelinefashion.pl\/en\/wp-json\/wp\/v2\/types\/product"}],"wp:featuredmedia":[{"embeddable":true,"href":"https:\/\/madelinefashion.pl\/en\/wp-json\/wp\/v2\/media\/61172"}],"wp:attachment":[{"href":"https:\/\/madelinefashion.pl\/en\/wp-json\/wp\/v2\/media?parent=21860"}],"wp:term":[{"taxonomy":"product_brand","embeddable":true,"href":"https:\/\/madelinefashion.pl\/en\/wp-json\/wp\/v2\/product_brand?post=21860"},{"taxonomy":"product_cat","embeddable":true,"href":"https:\/\/madelinefashion.pl\/en\/wp-json\/wp\/v2\/product_cat?post=21860"},{"taxonomy":"product_tag","embeddable":true,"href":"https:\/\/madelinefashion.pl\/en\/wp-json\/wp\/v2\/product_tag?post=21860"}],"curies":[{"name":"wp","href":"https:\/\/api.w.org\/{rel}","templated":true}]}}