{"id":21976,"date":"2021-10-26T20:43:58","date_gmt":"2021-10-26T18:43:58","guid":{"rendered":"https:\/\/madelinefashion.pl\/?post_type=product&#038;p=21976"},"modified":"2026-03-05T17:03:29","modified_gmt":"2026-03-05T16:03:29","slug":"sukienka-sweterkowa-z-golfem-blekitna-amanda","status":"publish","type":"product","link":"https:\/\/madelinefashion.pl\/en\/product\/sukienka-sweterkowa-z-golfem-blekitna-amanda\/","title":{"rendered":"Turtleneck Sweater Dress Blue Amanda"},"content":{"rendered":"<h3 style=\"text-align: center;\">Turtleneck Sweater Dress Blue Amanda<\/h3>\n<p style=\"text-align: center;\">The cut emphasizes the figure beautifully and <strong>female shapes<\/strong>. Dreamlike sweater <strong>turtleneck dress<\/strong>. Made of extremely pleasant material. Slipped over the head, it fits perfectly on the body. <strong>Golf dress<\/strong> for a long, straight sleeve. Its simple cut and classic pattern will fit into many styles - additionally decorated with delicate slits at the bottom. You can successfully dress it for everyday outings, work, family gatherings or even more important occasions. Thanks to the structure of the material, it will work better <strong>on colder days and during transitional periods<\/strong> or on <strong>winter in combination with a jacket<\/strong>. We recommend combining them with high boots, which will make you stand out from the crowd.\u00a0 <strong>The size is UNIVERSAL<\/strong> recommended for ladies wearing <strong> SML XL<\/strong><strong>,<\/strong>\u00a0but we recommend\u00a0<strong>accurate measurement <\/strong>according to the dimension table below. Available in our e-shop in several color variants, so do not hesitate and choose the one that is perfect for you. If you cannot decide which color is best for you, please contact us through <strong>Facebook<\/strong> or phone.<\/p>\n<p style=\"text-align: center;\">The tunic is washable up to 30 \u00b0 C, do not iron, not suitable for a dryer.<\/p>\n<h3 style=\"text-align: center;\">Dress dimensions:<\/h3>\n<ul style=\"text-align: center;\">\n<li>Overall length 93 cm<\/li>\n<li>Length for cutting (on the side) 76 cm<\/li>\n<li>The width from armpit to armpit from 50 cm - 59 cm<\/li>\n<li>The width at the bottom is 48 cm - 56 cm<\/li>\n<li>Sleeve length from the shoulder is 67 cm<\/li>\n<li>Sleeve length from armpit 41 cm<\/li>\n<li><\/li>\n<\/ul>\n<p style=\"text-align: center;\">Dimensions may slightly differ from the given +\/- 2cm. All dimensions given are measured flat.<\/p>\n<table width=\"610\">\n<tbody>\n<tr>\n<td width=\"302\">Model name<\/td>\n<td width=\"302\">Amanda Turtleneck Sweater Dress<\/td>\n<\/tr>\n<tr>\n<td width=\"302\">Color<\/td>\n<td width=\"302\">Blue<\/td>\n<\/tr>\n<tr>\n<td width=\"302\">Sizes<\/td>\n<td width=\"302\">Universal<\/td>\n<\/tr>\n<tr>\n<td width=\"302\">Collection<\/td>\n<td width=\"302\">Spring \/ Autumn \/ Winter<\/td>\n<\/tr>\n<tr>\n<td width=\"302\">Cleavage<\/td>\n<td width=\"302\">Golf<\/td>\n<\/tr>\n<tr>\n<td width=\"302\">Warmed up<\/td>\n<td width=\"302\">Uninsulated<\/td>\n<\/tr>\n<tr>\n<td width=\"302\">Material<\/td>\n<td width=\"302\">100% Acrylic<\/td>\n<\/tr>\n<\/tbody>\n<\/table>\n<section class=\"page-product-box\">\n<div class=\"rte\">\n<p style=\"text-align: center;\">\u00a0The model has\u00a0<strong>165<\/strong>\u00a0cm tall, wears a size every day\u00a0<strong>S.<\/strong><\/p>\n<\/div>\n<\/section>","protected":false},"excerpt":{"rendered":"<p>Sukienka Sweterkowa z Golfem B\u0142\u0119kitna Amanda Kr\u00f3j pi\u0119knie podkre\u015bla figur\u0119 i kobiece kszta\u0142ty. Zjawiskowa sweterkowa sukienka z golfem. Wykonana z niezwykle przyjemnego materia\u0142u. Wk\u0142adana przez g\u0142ow\u0119, \u015bwietnie uk\u0142ada si\u0119 na ciele. Sukienka Golf na d\u0142ugi, prosty r\u0119kaw. Jej prosty kr\u00f3j i klasyczny wz\u00f3r wpisze si\u0119 w wiele stylizacji &#8211; dodatkowo ozdobiona delikatnymi rozci\u0119ciami na dole<\/p>\n<div class=\"klb-readmore post-buttons\"><a class=\"button black outline size-sm\" href=\"https:\/\/madelinefashion.pl\/en\/product\/sukienka-sweterkowa-z-golfem-blekitna-amanda\/\">Read More <i class=\"klbth-icon-right-arrow\"><\/i><\/a><\/div>","protected":false},"featured_media":21965,"template":"","meta":[],"product_brand":[],"product_cat":[158,395],"product_tag":[296],"class_list":{"0":"post-21976","1":"product","2":"type-product","3":"status-publish","4":"has-post-thumbnail","6":"product_cat-sukienki-sweterkowe","7":"product_cat-nowosci","8":"product_tag-tuniki","10":"first","11":"outofstock","12":"sale","13":"purchasable","14":"product-type-simple"},"_links":{"self":[{"href":"https:\/\/madelinefashion.pl\/en\/wp-json\/wp\/v2\/product\/21976","targetHints":{"allow":["GET"]}}],"collection":[{"href":"https:\/\/madelinefashion.pl\/en\/wp-json\/wp\/v2\/product"}],"about":[{"href":"https:\/\/madelinefashion.pl\/en\/wp-json\/wp\/v2\/types\/product"}],"wp:featuredmedia":[{"embeddable":true,"href":"https:\/\/madelinefashion.pl\/en\/wp-json\/wp\/v2\/media\/21965"}],"wp:attachment":[{"href":"https:\/\/madelinefashion.pl\/en\/wp-json\/wp\/v2\/media?parent=21976"}],"wp:term":[{"taxonomy":"product_brand","embeddable":true,"href":"https:\/\/madelinefashion.pl\/en\/wp-json\/wp\/v2\/product_brand?post=21976"},{"taxonomy":"product_cat","embeddable":true,"href":"https:\/\/madelinefashion.pl\/en\/wp-json\/wp\/v2\/product_cat?post=21976"},{"taxonomy":"product_tag","embeddable":true,"href":"https:\/\/madelinefashion.pl\/en\/wp-json\/wp\/v2\/product_tag?post=21976"}],"curies":[{"name":"wp","href":"https:\/\/api.w.org\/{rel}","templated":true}]}}