{"id":22100,"date":"2021-10-26T22:06:29","date_gmt":"2021-10-26T20:06:29","guid":{"rendered":"https:\/\/madelinefashion.pl\/?post_type=product&#038;p=22100"},"modified":"2026-03-05T17:03:28","modified_gmt":"2026-03-05T16:03:28","slug":"sukienka-sweterkowa-z-koronka-mia-bezowa","status":"publish","type":"product","link":"https:\/\/madelinefashion.pl\/en\/product\/sukienka-sweterkowa-z-koronka-mia-bezowa\/","title":{"rendered":"Mia Beige Sweater Dress with Lace"},"content":{"rendered":"<h3 style=\"text-align: center;\">Mia Beige Sweater Dress with Lace<\/h3>\n<p style=\"text-align: center;\">The cut emphasizes the figure beautifully and <strong>female shapes<\/strong>. The dress has a delicate neckline decorated with delicate lace and <strong>\u00a0long sleeves<\/strong> . They are slightly tapered under the bust, which beautifully emphasizes the figure. Beautiful sweater dress adapts to the figure, making it suitable for everyday wear or for a party, when you want to look great and feel great at the same time. Thanks to the structure of the material, it will work better <strong>on colder days and during transitional periods <\/strong>or for the winter in combination with a jacket. The size is <strong>universal<\/strong>\u00a0Perfect for ladies wearing\u00a0\u00a0<strong>S, M, L, XL<\/strong><strong>\u00a0<\/strong> In<\/p>\n<h3 style=\"text-align: center;\">Dress dimensions:<\/h3>\n<ul style=\"text-align: center;\">\n<li>Total length 97 cm<\/li>\n<li>Szeroko\u015b\u0107 w od pachy do pachy od 43 cm \u2013 54 cm<\/li>\n<li>Szeroko\u015b\u0107 w pasie od 34 cm \u2013 46 cm<\/li>\n<li>Sleeve length from the shoulder 50 cm<\/li>\n<li>Sleeve length from armpit 44 cm<\/li>\n<li><\/li>\n<\/ul>\n<p style=\"text-align: center;\">Dimensions may slightly differ from the given +\/- 2cm. All dimensions given are measured flat.<\/p>\n<p style=\"text-align: center;\">X2 dimension<\/p>\n<table width=\"610\">\n<tbody>\n<tr>\n<td width=\"302\">Model name<\/td>\n<td width=\"302\">Mia sweater dress with lace<\/td>\n<\/tr>\n<tr>\n<td width=\"302\">Color<\/td>\n<td width=\"302\">Beige<\/td>\n<\/tr>\n<tr>\n<td width=\"302\">Sizes<\/td>\n<td width=\"302\">Universal<\/td>\n<\/tr>\n<tr>\n<td width=\"302\">Collection<\/td>\n<td width=\"302\">Spring \/ Autumn \/ Winter<\/td>\n<\/tr>\n<tr>\n<td width=\"302\">Cleavage<\/td>\n<td width=\"302\">Round<\/td>\n<\/tr>\n<tr>\n<td width=\"302\">Matched<\/td>\n<td width=\"302\">Yes<\/td>\n<\/tr>\n<tr>\n<td width=\"302\">Material<\/td>\n<td width=\"302\">85% Acrylic 15%Nylon<\/td>\n<\/tr>\n<\/tbody>\n<\/table>\n<section class=\"page-product-box\">\n<div class=\"rte\">\n<p style=\"text-align: center;\">\u00a0The model has\u00a0<strong>165<\/strong>\u00a0cm tall, wears a size every day\u00a0<strong>S.<\/strong><\/p>\n<p>\u00a0<\/p>\n<\/div>\n<\/section>\n<p style=\"text-align: center;\">","protected":false},"excerpt":{"rendered":"<p>Sukienka Sweterkowa z Koronk\u0105 Mia Be\u017cowa Kr\u00f3j pi\u0119knie podkre\u015bla figur\u0119 i kobiece kszta\u0142ty. Sukienka ma delikatny dekolt ozdobiony delikatn\u0105 koronk\u0105\u00a0 i \u00a0d\u0142ugie r\u0119kawy . Pod biustem s\u0105 lekko zw\u0119\u017cane, co pi\u0119knie podkre\u015bla sylwetk\u0119 . Sukienka sweterkowa pi\u0119kne dopasowuje sie do sylwetki dzi\u0119ki czemu nadaj\u0105 si\u0119 do noszenia na co dzie\u0144 lub na imprez\u0119, kiedy chcesz<\/p>\n<div class=\"klb-readmore post-buttons\"><a class=\"button black outline size-sm\" href=\"https:\/\/madelinefashion.pl\/en\/product\/sukienka-sweterkowa-z-koronka-mia-bezowa\/\">Read More <i class=\"klbth-icon-right-arrow\"><\/i><\/a><\/div>","protected":false},"featured_media":22055,"template":"","meta":[],"product_brand":[],"product_cat":[158],"product_tag":[212],"class_list":{"0":"post-22100","1":"product","2":"type-product","3":"status-publish","4":"has-post-thumbnail","6":"product_cat-sukienki-sweterkowe","7":"product_tag-sukienki-bezowe","9":"first","10":"outofstock","11":"sale","12":"purchasable","13":"product-type-simple"},"_links":{"self":[{"href":"https:\/\/madelinefashion.pl\/en\/wp-json\/wp\/v2\/product\/22100","targetHints":{"allow":["GET"]}}],"collection":[{"href":"https:\/\/madelinefashion.pl\/en\/wp-json\/wp\/v2\/product"}],"about":[{"href":"https:\/\/madelinefashion.pl\/en\/wp-json\/wp\/v2\/types\/product"}],"wp:featuredmedia":[{"embeddable":true,"href":"https:\/\/madelinefashion.pl\/en\/wp-json\/wp\/v2\/media\/22055"}],"wp:attachment":[{"href":"https:\/\/madelinefashion.pl\/en\/wp-json\/wp\/v2\/media?parent=22100"}],"wp:term":[{"taxonomy":"product_brand","embeddable":true,"href":"https:\/\/madelinefashion.pl\/en\/wp-json\/wp\/v2\/product_brand?post=22100"},{"taxonomy":"product_cat","embeddable":true,"href":"https:\/\/madelinefashion.pl\/en\/wp-json\/wp\/v2\/product_cat?post=22100"},{"taxonomy":"product_tag","embeddable":true,"href":"https:\/\/madelinefashion.pl\/en\/wp-json\/wp\/v2\/product_tag?post=22100"}],"curies":[{"name":"wp","href":"https:\/\/api.w.org\/{rel}","templated":true}]}}