{"id":2220,"date":"2020-05-16T15:04:36","date_gmt":"2020-05-16T15:04:36","guid":{"rendered":"http:\/\/serwer2078743.home.pl\/?post_type=product&#038;p=2220"},"modified":"2025-09-09T10:38:38","modified_gmt":"2025-09-09T08:38:38","slug":"sukienka-panterka-maxi","status":"publish","type":"product","link":"https:\/\/madelinefashion.pl\/en\/product\/sukienka-panterka-maxi\/","title":{"rendered":"Panther Maxi dress"},"content":{"rendered":"<h3 style=\"text-align: center;\">Panther Maxi dress<\/h3>\n<p style=\"text-align: center;\"><span style=\"font-size: 10pt;\">A bit of wildness in your wardrobe! Panther Maxi dress will take you to a unique atmosphere. Original in a unique z<strong>faithful print dress<\/strong>. Made of delicate, airy fabric. A narrow elastic band hidden in the seam at the waist emphasizing the shape of the figure.\u00a0<\/span><\/p>\n<ul style=\"text-align: center;\">\n<li><span style=\"font-size: 10pt;\">Amazing dress in animal print<\/span><\/li>\n<li><span style=\"font-size: 10pt;\">Tied at the waist\u00a0<\/span><\/li>\n<li><span style=\"font-size: 10pt;\">3\/4 sleeve<\/span><\/li>\n<li><span style=\"font-size: 10pt;\">Perfect for many styles!<\/span><\/li>\n<li><span style=\"font-size: 10pt;\">Our latest offer for every occasion!<\/span><\/li>\n<\/ul>\n<h3 style=\"text-align: center;\">Dimensions:<\/h3>\n<ul style=\"text-align: center;\">\n<li><span style=\"font-size: 10pt;\">\u00a0\u00a0\u00a0\u00a0\u00a0\u00a0\u00a0 total length: 113 cm\u00a0<\/span><\/li>\n<li><span style=\"font-size: 10pt;\">\u00a0\u00a0\u00a0\u00a0\u00a0\u00a0\u00a0 width from armpit to armpit: 44-48 cm<\/span><\/li>\n<li><span style=\"font-size: 10pt;\">\u00a0\u00a0\u00a0\u00a0\u00a0\u00a0\u00a0 sleeve length from the armpit max: 40 cm<\/span><\/li>\n<li><span style=\"font-size: 10pt;\">\u00a0\u00a0\u00a0\u00a0\u00a0\u00a0\u00a0 sleeve length from the shoulder max: 50 cm<\/span><\/li>\n<li><span style=\"font-size: 10pt;\">\u00a0\u00a0\u00a0\u00a0\u00a0\u00a0\u00a0 waist width: 44-48 cm<\/span><\/li>\n<li><span style=\"font-size: 10pt;\">\u00a0\u00a0\u00a0\u00a0\u00a0\u00a0\u00a0 recommended maximum bust circumference: 96 cm<\/span><\/li>\n<\/ul>\n<p style=\"text-align: center;\"><span style=\"font-size: 10pt;\">Dimensions may slightly differ from the given +\/- 2cm. All dimensions given are measured flat.<\/span><\/p>\n<p style=\"text-align: center;\"><span style=\"font-size: 10pt;\">\u00a0<\/span><\/p>\n<table width=\"621\">\n<tbody>\n<tr>\n<td width=\"302\">Model name<\/td>\n<td width=\"302\">Panther Maxi dress<\/td>\n<\/tr>\n<tr>\n<td width=\"302\">Color<\/td>\n<td width=\"302\">Black bronze<\/td>\n<\/tr>\n<tr>\n<td width=\"302\">Fashion<\/td>\n<td width=\"302\">Oversize<\/td>\n<\/tr>\n<tr>\n<td width=\"302\">Material<\/td>\n<td width=\"302\">95 % Polyester 5% Elastane<\/td>\n<\/tr>\n<tr>\n<td width=\"302\">Length<\/td>\n<td width=\"302\">To the ground<\/td>\n<\/tr>\n<\/tbody>\n<\/table>\n<p><span style=\"font-size: 10pt; text-align: center;\">\u00a0<\/span><span style=\"font-size: 10pt;\">\u00a0<\/span><\/p>\n<div class=\"tabs tabs-bb clear mb-80\">\n<div class=\"tab-content\">\n<div id=\"tab-description\" class=\"tab-pane fade in woocommerce-Tabs-panel--description active\">\n<p style=\"text-align: center;\">\u00a0The model is 175 cm tall and wears a size every day\u00a0<strong>S.<\/strong> <span style=\"font-size: 10pt;\">\u00a0<\/span><\/p>\n<\/div>\n<\/div>\n<\/div>","protected":false},"excerpt":{"rendered":"<p>Sukienka Panterka Maxi Odrobina dziko\u015bci w Twojej garderobie! Sukienka Panterka Maxi przeniesie Ci\u0119 w niepowtarzalny klimat. Oryginalna w\u00a0 niepowtarzalny zwierz\u0119cy print sukienka. Uszyta z delikatnej, zwiewnej tkaniny. W talii ukryta w szwie w\u0105ska gumka podkre\u015blaj\u0105ca kszta\u0142t sylwetki.\u00a0 Rewelacyjna sukienka w\u00a0zwierz\u0119cy print Wi\u0105zana w Pasie\u00a0 R\u0119kaw 3\/4 Idealna do wielu stylizacji! Nasza najnowsza propozycja na ka\u017cd\u0105<\/p>\n<div class=\"klb-readmore post-buttons\"><a class=\"button black outline size-sm\" href=\"https:\/\/madelinefashion.pl\/en\/product\/sukienka-panterka-maxi\/\">Read More <i class=\"klbth-icon-right-arrow\"><\/i><\/a><\/div>","protected":false},"featured_media":6460,"template":"","meta":[],"product_brand":[],"product_cat":[125],"product_tag":[],"class_list":{"0":"post-2220","1":"product","2":"type-product","3":"status-publish","4":"has-post-thumbnail","6":"product_cat-sukienki","8":"first","9":"instock","10":"purchasable","11":"product-type-simple"},"_links":{"self":[{"href":"https:\/\/madelinefashion.pl\/en\/wp-json\/wp\/v2\/product\/2220","targetHints":{"allow":["GET"]}}],"collection":[{"href":"https:\/\/madelinefashion.pl\/en\/wp-json\/wp\/v2\/product"}],"about":[{"href":"https:\/\/madelinefashion.pl\/en\/wp-json\/wp\/v2\/types\/product"}],"wp:featuredmedia":[{"embeddable":true,"href":"https:\/\/madelinefashion.pl\/en\/wp-json\/wp\/v2\/media\/6460"}],"wp:attachment":[{"href":"https:\/\/madelinefashion.pl\/en\/wp-json\/wp\/v2\/media?parent=2220"}],"wp:term":[{"taxonomy":"product_brand","embeddable":true,"href":"https:\/\/madelinefashion.pl\/en\/wp-json\/wp\/v2\/product_brand?post=2220"},{"taxonomy":"product_cat","embeddable":true,"href":"https:\/\/madelinefashion.pl\/en\/wp-json\/wp\/v2\/product_cat?post=2220"},{"taxonomy":"product_tag","embeddable":true,"href":"https:\/\/madelinefashion.pl\/en\/wp-json\/wp\/v2\/product_tag?post=2220"}],"curies":[{"name":"wp","href":"https:\/\/api.w.org\/{rel}","templated":true}]}}