{"id":22234,"date":"2021-10-27T16:00:21","date_gmt":"2021-10-27T14:00:21","guid":{"rendered":"https:\/\/madelinefashion.pl\/?post_type=product&#038;p=22234"},"modified":"2026-01-20T10:34:09","modified_gmt":"2026-01-20T09:34:09","slug":"golf-dopasowany-z-guziczkami-na-rekawie-tiffani-bialy","status":"publish","type":"product","link":"https:\/\/madelinefashion.pl\/en\/product\/golf-dopasowany-z-guziczkami-na-rekawie-tiffani-bialy\/","title":{"rendered":"Tiffani White Matching Turtleneck with Buttons On Sleeves"},"content":{"rendered":"<h3 style=\"text-align: center;\">Tiffani White Matching Turtleneck with Buttons On Sleeves<\/h3>\n<p style=\"text-align: center;\">One-color classic turtleneck blouse. Made of flexible material, decorated with golden buttons on the sleeve. Ribbed turtleneck in a universal size. Fitted turtleneck with golden buttons on the sleeve. Perfect for autumn stylizations. Made of pleasant to the touch elastic material. One universal size, recommended from XS to L.<\/p>\n<h3 style=\"text-align: center;\">\u00a0 \u00a0 \u00a0Dimensions:<\/h3>\n<ul style=\"text-align: center;\">\n<li>overall length: 63 cm<\/li>\n<li>width from armpit to armpit: 43 cm -54 cm<\/li>\n<li>sleeve length from shoulder: 64 cm<\/li>\n<li>sleeve length from armpit: 51 cm<\/li>\n<li>recommended maximum bust circumference: 108 cm<\/li>\n<\/ul>\n<p>&nbsp;<\/p>\n<p style=\"text-align: center;\">Dimensions may slightly differ from the given +\/- 2cm. All dimensions given are measured flat.<\/p>\n<table>\n<tbody>\n<tr>\n<td width=\"302\">Model name<\/td>\n<td width=\"302\">Tiffani Fit Turtleneck Buttons<\/td>\n<\/tr>\n<tr>\n<td width=\"302\">Color<\/td>\n<td width=\"302\">White<\/td>\n<\/tr>\n<tr>\n<td width=\"302\">Sizes<\/td>\n<td width=\"302\">Universal<\/td>\n<\/tr>\n<tr>\n<td width=\"302\">Fashion<\/td>\n<td width=\"302\">Matched<\/td>\n<\/tr>\n<tr>\n<td width=\"302\">Material<\/td>\n<td width=\"302\">50 % Viscose 29% Polyester 21% Pollamid<\/td>\n<\/tr>\n<\/tbody>\n<\/table>\n<p>&nbsp;<\/p>\n<p>&nbsp;<\/p>\n<p style=\"text-align: center;\">The model has\u00a0<strong>169<\/strong>\u00a0cm tall, wears a size every day\u00a0<strong>S.<\/strong><\/p>\n<p style=\"text-align: center;\">The width at the bust is 92 cm<\/p>\n<p style=\"text-align: center;\">Waist width 62 cm<\/p>\n<p style=\"text-align: center;\">The width at the hips is 94 cm<\/p>\n<p style=\"text-align: center;\">","protected":false},"excerpt":{"rendered":"<p>Golf Dopasowany z Guziczkami Na R\u0119kawie Tiffani Bia\u0142y Jednokolorowa klasyczna bluzka z golfem. Uszyta z elastycznego materia\u0142u zdobiony na r\u0119kawie z\u0142otymi guziczkami.\u00a0 Pr\u0105\u017ckowany golf w rozmiarze uniwersalnym. Dopasowany golf ze z\u0142otymi guziczkami na r\u0119kawie. \u015awietnie sprawdzi si\u0119 w jesiennych stylizacjach. Wykonany z przyjemnego w dotyku elastycznego materia\u0142u. Rozmiar uniwersalny zalecany od XS do L \u00a0<\/p>\n<div class=\"klb-readmore post-buttons\"><a class=\"button black outline size-sm\" href=\"https:\/\/madelinefashion.pl\/en\/product\/golf-dopasowany-z-guziczkami-na-rekawie-tiffani-bialy\/\">Read More <i class=\"klbth-icon-right-arrow\"><\/i><\/a><\/div>","protected":false},"featured_media":32873,"template":"","meta":[],"product_brand":[],"product_cat":[77,395],"product_tag":[],"class_list":{"0":"post-22234","1":"product","2":"type-product","3":"status-publish","4":"has-post-thumbnail","6":"product_cat-bluzki","7":"product_cat-nowosci","9":"first","10":"instock","11":"sale","12":"purchasable","13":"product-type-simple"},"_links":{"self":[{"href":"https:\/\/madelinefashion.pl\/en\/wp-json\/wp\/v2\/product\/22234","targetHints":{"allow":["GET"]}}],"collection":[{"href":"https:\/\/madelinefashion.pl\/en\/wp-json\/wp\/v2\/product"}],"about":[{"href":"https:\/\/madelinefashion.pl\/en\/wp-json\/wp\/v2\/types\/product"}],"wp:featuredmedia":[{"embeddable":true,"href":"https:\/\/madelinefashion.pl\/en\/wp-json\/wp\/v2\/media\/32873"}],"wp:attachment":[{"href":"https:\/\/madelinefashion.pl\/en\/wp-json\/wp\/v2\/media?parent=22234"}],"wp:term":[{"taxonomy":"product_brand","embeddable":true,"href":"https:\/\/madelinefashion.pl\/en\/wp-json\/wp\/v2\/product_brand?post=22234"},{"taxonomy":"product_cat","embeddable":true,"href":"https:\/\/madelinefashion.pl\/en\/wp-json\/wp\/v2\/product_cat?post=22234"},{"taxonomy":"product_tag","embeddable":true,"href":"https:\/\/madelinefashion.pl\/en\/wp-json\/wp\/v2\/product_tag?post=22234"}],"curies":[{"name":"wp","href":"https:\/\/api.w.org\/{rel}","templated":true}]}}