{"id":2237,"date":"2020-09-17T16:53:23","date_gmt":"2020-09-17T14:53:23","guid":{"rendered":"http:\/\/serwer2078743.home.pl\/?post_type=product&#038;p=2237"},"modified":"2026-03-06T12:27:55","modified_gmt":"2026-03-06T11:27:55","slug":"kardigan-z-kapturem-blogerski-pudrowy-roz","status":"publish","type":"product","link":"https:\/\/madelinefashion.pl\/en\/product\/kardigan-z-kapturem-blogerski-pudrowy-roz\/","title":{"rendered":"Cardigan with a Hood Blogger Powder Pink"},"content":{"rendered":"<h3 style=\"text-align: center;\">Cardigan with a Hood Blogger Powder Pink<\/h3>\n<p style=\"text-align: center;\">Dreamlike cardigan with a hood made of fleshy material. It will surely envelop you on colder days. The model is a bit looser, thanks to which it will provide convenience and comfort. Perfect for everyday stylizations as well as more formal combinations. Cardigan with long sleeves finished with a welt, the bottom of the sweater also finished with a welt. A universal size cape is recommended for people wearing size SML XL XXL<\/p>\n<h3 style=\"text-align: center;\">Cardigan perfect for any occasion<\/h3>\n<p style=\"text-align: center;\">Perfect for school, work, a date or meeting with friends!<\/p>\n<p style=\"text-align: center;\"><strong>Perfect for any time and occasion!<\/strong><\/p>\n<h3 style=\"text-align: center;\">Dimensions<\/h3>\n<ul style=\"text-align: center;\">\n<li>Length: 90 cm<\/li>\n<li>Underarm width: 2 x 53-58 cm<\/li>\n<li>Waist width: 2 x 53-58 cm<\/li>\n<li>Sleeve length from armpit: 50 cm<\/li>\n<\/ul>\n<p style=\"text-align: center;\">Dimensions may slightly differ from the given +\/- 2cm. All dimensions given are measured flat. <strong>X2 dimension<\/strong><\/p>\n<h3 style=\"text-align: center;\">Characteristics :<\/h3>\n<ul>\n<li style=\"text-align: center;\"><b>Fashionable design with a hood<\/b><\/li>\n<li style=\"text-align: center;\">Beautiful braid braid<\/li>\n<li style=\"text-align: center;\">Stylish, thick cardigan<\/li>\n<li style=\"text-align: center;\">Very warm and pleasant to the touch<\/li>\n<li style=\"text-align: center;\">Hood<\/li>\n<li style=\"text-align: center;\">European product -\u00a0<b>THE HIGHEST QUALITY<\/b><\/li>\n<\/ul>\n<p style=\"text-align: center;\"><strong>\u00a0<\/strong><\/p>\n<table width=\"614\">\n<tbody>\n<tr>\n<td width=\"302\">Model name<\/td>\n<td width=\"302\">Blogger&#039;s Hooded Cardigan<\/td>\n<\/tr>\n<tr>\n<td width=\"302\">Color<\/td>\n<td width=\"302\">Powder pink<\/td>\n<\/tr>\n<tr>\n<td width=\"302\">Sizes<\/td>\n<td width=\"302\">Universal<\/td>\n<\/tr>\n<tr>\n<td width=\"302\">Fashion<\/td>\n<td width=\"302\">Oversize<\/td>\n<\/tr>\n<tr>\n<td width=\"302\">Hood<\/td>\n<td width=\"302\">Yes<\/td>\n<\/tr>\n<tr>\n<td width=\"302\">Warmed up<\/td>\n<td width=\"302\">Uninsulated<\/td>\n<\/tr>\n<tr>\n<td width=\"302\">Material<\/td>\n<td width=\"302\">Acrylic 85% Nylon 15%<\/td>\n<\/tr>\n<\/tbody>\n<\/table>\n<p>&nbsp;<\/p>\n<div class=\"tabs tabs-bb clear mb-80\">\n<div class=\"tab-content\">\n<div id=\"tab-description\" class=\"tab-pane fade in woocommerce-Tabs-panel--description active\">\n<p style=\"text-align: center;\">\u00a0The model has\u00a0<strong>169<\/strong>\u00a0cm tall, wears a size every day\u00a0<strong>S.<\/strong><\/p>\n<p style=\"text-align: center;\">The width at the bust is 92 cm<\/p>\n<p style=\"text-align: center;\">Waist width 62 cm<\/p>\n<p style=\"text-align: center;\">The width at the hips is 94 cm<\/p>\n<\/div>\n<\/div>\n<\/div>\n<section class=\"related products mb-80\"><\/section>\n<section class=\"page-product-box\">\n<div class=\"rte\"><\/div>\n<\/section>","protected":false},"excerpt":{"rendered":"<p>Kardigan z Kapturem Blogerski Pudrowy R\u00f3\u017c Zjawiskowy kardigan z kapturem wykonany z mi\u0119sistego materia\u0142u .Z pewno\u015bci\u0105 otuli Ci\u0119 w ch\u0142odniejsze dni. Model nieco lu\u017aniejszy, dzi\u0119ki czemu zapewni wygod\u0119 i komfort noszenia. .\u015awietnie sprawdzi si\u0119 do codziennych stylizacji, jak i bardziej formalnych zestawie\u0144. \u00a0Kardigan z d\u0142ugim r\u0119kawem zako\u0144czonym \u015bci\u0105gaczem, d\u00f3\u0142 swetra r\u00f3wnie\u017c zako\u0144czony \u015bci\u0105gaczem. Narzutka w<\/p>\n<div class=\"klb-readmore post-buttons\"><a class=\"button black outline size-sm\" href=\"https:\/\/madelinefashion.pl\/en\/product\/kardigan-z-kapturem-blogerski-pudrowy-roz\/\">Read More <i class=\"klbth-icon-right-arrow\"><\/i><\/a><\/div>","protected":false},"featured_media":32789,"template":"","meta":[],"product_brand":[],"product_cat":[91],"product_tag":[],"class_list":{"0":"post-2237","1":"product","2":"type-product","3":"status-publish","4":"has-post-thumbnail","6":"product_cat-kardigany-damskie","8":"first","9":"instock","10":"sale","11":"purchasable","12":"product-type-simple"},"_links":{"self":[{"href":"https:\/\/madelinefashion.pl\/en\/wp-json\/wp\/v2\/product\/2237","targetHints":{"allow":["GET"]}}],"collection":[{"href":"https:\/\/madelinefashion.pl\/en\/wp-json\/wp\/v2\/product"}],"about":[{"href":"https:\/\/madelinefashion.pl\/en\/wp-json\/wp\/v2\/types\/product"}],"wp:featuredmedia":[{"embeddable":true,"href":"https:\/\/madelinefashion.pl\/en\/wp-json\/wp\/v2\/media\/32789"}],"wp:attachment":[{"href":"https:\/\/madelinefashion.pl\/en\/wp-json\/wp\/v2\/media?parent=2237"}],"wp:term":[{"taxonomy":"product_brand","embeddable":true,"href":"https:\/\/madelinefashion.pl\/en\/wp-json\/wp\/v2\/product_brand?post=2237"},{"taxonomy":"product_cat","embeddable":true,"href":"https:\/\/madelinefashion.pl\/en\/wp-json\/wp\/v2\/product_cat?post=2237"},{"taxonomy":"product_tag","embeddable":true,"href":"https:\/\/madelinefashion.pl\/en\/wp-json\/wp\/v2\/product_tag?post=2237"}],"curies":[{"name":"wp","href":"https:\/\/api.w.org\/{rel}","templated":true}]}}