{"id":2250,"date":"2020-09-17T17:55:25","date_gmt":"2020-09-17T17:55:25","guid":{"rendered":"http:\/\/serwer2078743.home.pl\/?post_type=product&#038;p=2250"},"modified":"2026-04-21T22:52:38","modified_gmt":"2026-04-21T20:52:38","slug":"kardigan-z-kapturem-turkusowy-blogerski","status":"publish","type":"product","link":"https:\/\/madelinefashion.pl\/en\/product\/kardigan-z-kapturem-turkusowy-blogerski\/","title":{"rendered":"Cardigan with a Hood Blogger Turquoise"},"content":{"rendered":"<h3 style=\"text-align: center;\">Cardigan with a Hood Blogger Turquoise<\/h3>\n<p style=\"text-align: center;\">Dreamlike\u00a0<strong>cardigan with a hood<\/strong>\u00a0made of fleshy material. Certainly, it will cover you on colder days. The model is a bit looser, thanks to which it will provide convenience and comfort. Perfect for everyday stylizations as well as more formal combinations. Cardigan with long sleeves finished with a welt, the bottom of the sweater also finished with a welt. A universal size cape is recommended for people wearing size SML XL XXL<\/p>\n<h3 style=\"text-align: center;\">Cardigan perfect for any occasion<\/h3>\n<p style=\"text-align: center;\">Perfect for school, work, a date or meeting with friends!<\/p>\n<p style=\"text-align: center;\"><strong>Perfect for any time and occasion!<\/strong><\/p>\n<h3 style=\"text-align: center;\">Dimensions<\/h3>\n<ul style=\"text-align: center;\">\n<li>Length: 90 cm<\/li>\n<li>Underarm width: 2 x 53-58 cm<\/li>\n<li>Waist width: 2 x 53-58 cm<\/li>\n<li>Sleeve length from armpit: 50 cm<\/li>\n<\/ul>\n<p style=\"text-align: center;\">Dimensions may slightly differ from the given +\/- 2cm. All dimensions given are measured flat.\u00a0<strong>X2 dimension<\/strong><\/p>\n<h3 style=\"text-align: center;\">Characteristics :<\/h3>\n<ul style=\"text-align: center;\">\n<li><b>Fashionable design with a hood<\/b><\/li>\n<li>Beautiful braid braid<\/li>\n<li>Stylish, thick cardigan<\/li>\n<li>Very warm and pleasant to the touch<\/li>\n<li>Hood<\/li>\n<li>European product -\u00a0<b>THE HIGHEST QUALITY<\/b><\/li>\n<\/ul>\n<p style=\"text-align: center;\"><strong>\u00a0<\/strong><\/p>\n<table width=\"614\">\n<tbody>\n<tr>\n<td width=\"302\">Model name<\/td>\n<td width=\"302\">Blogger&#039;s Hooded Cardigan<\/td>\n<\/tr>\n<tr>\n<td width=\"302\">Color<\/td>\n<td width=\"302\">Turquoise<\/td>\n<\/tr>\n<tr>\n<td width=\"302\">Sizes<\/td>\n<td width=\"302\">Universal<\/td>\n<\/tr>\n<tr>\n<td width=\"302\">Fashion<\/td>\n<td width=\"302\">Oversize<\/td>\n<\/tr>\n<tr>\n<td width=\"302\">Hood<\/td>\n<td width=\"302\">Yes<\/td>\n<\/tr>\n<tr>\n<td width=\"302\">Warmed up<\/td>\n<td width=\"302\">Uninsulated<\/td>\n<\/tr>\n<tr>\n<td width=\"302\">Material<\/td>\n<td width=\"302\">Acrylic 85% Nylon 15%<\/td>\n<\/tr>\n<\/tbody>\n<\/table>\n<div class=\"tabs tabs-bb clear mb-80\">\n<div class=\"tab-content\">\n<div id=\"tab-description\" class=\"tab-pane fade in woocommerce-Tabs-panel--description active\">\n<p style=\"text-align: center;\">\u00a0The model has\u00a0<strong>165<\/strong>\u00a0cm tall, wears a size every day\u00a0<strong>S.<\/strong><\/p>\n<\/div>\n<\/div>\n<\/div>","protected":false},"excerpt":{"rendered":"<p>Kardigan z Kapturem Blogerski Turkusowy Zjawiskowy\u00a0kardigan z kapturem\u00a0wykonany z mi\u0119sistego materia\u0142u. Z pewno\u015bci\u0105 otuli Ci\u0119 w ch\u0142odniejsze dni. Model nieco lu\u017aniejszy, dzi\u0119ki czemu zapewni wygod\u0119 i komfort noszenia. .\u015awietnie sprawdzi si\u0119 do codziennych stylizacji, jak i bardziej formalnych zestawie\u0144. \u00a0Kardigan z d\u0142ugim r\u0119kawem zako\u0144czonym \u015bci\u0105gaczem, d\u00f3\u0142 swetra r\u00f3wnie\u017c zako\u0144czony \u015bci\u0105gaczem. Narzutka w rozmiarze Uniwersalnym zalecana<\/p>\n<div class=\"klb-readmore post-buttons\"><a class=\"button black outline size-sm\" href=\"https:\/\/madelinefashion.pl\/en\/product\/kardigan-z-kapturem-turkusowy-blogerski\/\">Read More <i class=\"klbth-icon-right-arrow\"><\/i><\/a><\/div>","protected":false},"featured_media":8099,"template":"","meta":[],"product_brand":[],"product_cat":[91],"product_tag":[],"class_list":{"0":"post-2250","1":"product","2":"type-product","3":"status-publish","4":"has-post-thumbnail","6":"product_cat-kardigany-damskie","8":"first","9":"instock","10":"purchasable","11":"product-type-simple"},"_links":{"self":[{"href":"https:\/\/madelinefashion.pl\/en\/wp-json\/wp\/v2\/product\/2250","targetHints":{"allow":["GET"]}}],"collection":[{"href":"https:\/\/madelinefashion.pl\/en\/wp-json\/wp\/v2\/product"}],"about":[{"href":"https:\/\/madelinefashion.pl\/en\/wp-json\/wp\/v2\/types\/product"}],"wp:featuredmedia":[{"embeddable":true,"href":"https:\/\/madelinefashion.pl\/en\/wp-json\/wp\/v2\/media\/8099"}],"wp:attachment":[{"href":"https:\/\/madelinefashion.pl\/en\/wp-json\/wp\/v2\/media?parent=2250"}],"wp:term":[{"taxonomy":"product_brand","embeddable":true,"href":"https:\/\/madelinefashion.pl\/en\/wp-json\/wp\/v2\/product_brand?post=2250"},{"taxonomy":"product_cat","embeddable":true,"href":"https:\/\/madelinefashion.pl\/en\/wp-json\/wp\/v2\/product_cat?post=2250"},{"taxonomy":"product_tag","embeddable":true,"href":"https:\/\/madelinefashion.pl\/en\/wp-json\/wp\/v2\/product_tag?post=2250"}],"curies":[{"name":"wp","href":"https:\/\/api.w.org\/{rel}","templated":true}]}}