{"id":22765,"date":"2021-11-02T16:54:59","date_gmt":"2021-11-02T15:54:59","guid":{"rendered":"https:\/\/madelinefashion.pl\/?post_type=product&#038;p=22765"},"modified":"2026-02-20T14:58:16","modified_gmt":"2026-02-20T13:58:16","slug":"sweterek-z-koronka-bezowy-susa","status":"publish","type":"product","link":"https:\/\/madelinefashion.pl\/en\/product\/sweterek-z-koronka-bezowy-susa\/","title":{"rendered":"Beige Susa sweater with lace"},"content":{"rendered":"<h3 style=\"text-align: center;\">Beige Susa sweater with lace<\/h3>\n<p style=\"text-align: center;\"><strong>Beige Susa sweater with lace<\/strong>\u2013 nadaje si\u0119 zar\u00f3wno na co dzie\u0144, jak i na bardziej \u015bwi\u0105teczne okazje. Idealna dla Pa\u0144 w rozmiarze <strong>XS, S, M, L <\/strong>A sweater with decorative lace will give your stylization a timeless style.<strong> Soft and comfortable.<\/strong>\u00a0 The sweater has a welt on the sleeves and at the bottom, thanks to which it fits perfectly to the figure. The sweater is made of nice and pleasant to the touch material with a V-style neckline also on the back.<\/p>\n<h3 style=\"text-align: center;\">\u00a0 \u00a0 \u00a0Dimensions:<\/h3>\n<ul style=\"text-align: center;\">\n<li style=\"list-style-type: none;\">\n<ul>\n<li>overall length: 58 cm<\/li>\n<li>width from armpit to armpit: 57 cm -59 cm<\/li>\n<li>sleeve length from shoulder: 63 cm<\/li>\n<li>sleeve length from armpit: 48 cm<\/li>\n<\/ul>\n<p>Dimensions may slightly differ from the given +\/- 2cm. All dimensions given are measured flat. X2 dimension<\/li>\n<\/ul>\n<table style=\"height: 160px;\" width=\"707\">\n<tbody>\n<tr>\n<td width=\"302\">Model name<\/td>\n<td width=\"302\">Susa lace sweater<\/td>\n<\/tr>\n<tr>\n<td width=\"302\">Color<\/td>\n<td width=\"302\">Without<\/td>\n<\/tr>\n<tr>\n<td width=\"302\">Sizes<\/td>\n<td width=\"302\">Universal<\/td>\n<\/tr>\n<tr>\n<td width=\"302\">Fashion<\/td>\n<td width=\"302\">Oversize<\/td>\n<\/tr>\n<tr>\n<td width=\"302\">Material<\/td>\n<td width=\"302\">15% Cotton 20% Viscose 55% Acrylic 10% Elastane<\/td>\n<\/tr>\n<\/tbody>\n<\/table>\n<p>\u00a0<\/p>\n<p>\u00a0<\/p>\n<div class=\"tabs tabs-bb clear mb-80\">\n<div class=\"tab-content\">\n<div id=\"tab-description\" class=\"tab-pane fade in woocommerce-Tabs-panel--description active\">\n<div class=\"tabs tabs-bb clear mb-80\">\n<div class=\"tab-content\">\n<div id=\"tab-description\" class=\"tab-pane fade in woocommerce-Tabs-panel--description active\">\n<p style=\"text-align: center;\">\u00a0The model has\u00a0<strong>165<\/strong>\u00a0cm tall, wears a size every day\u00a0<strong>S.<\/strong><\/p>\n<\/div>\n<\/div>\n<\/div>\n<\/div>\n<\/div>\n<\/div>\n<section class=\"up-sells upsells products mb-80\"><\/section>\n<p style=\"text-align: center;\">","protected":false},"excerpt":{"rendered":"<p>Sweterek z Koronk\u0105 Be\u017cowy Susa Sweterek z Koronk\u0105 Be\u017cowy Susa\u2013 nadaje si\u0119 zar\u00f3wno na co dzie\u0144, jak i na bardziej \u015bwi\u0105teczne okazje. Idealna dla Pa\u0144 w rozmiarze XS,S,M,L Sweterek z ozdobn\u0105 koronk\u0105 nada twojej stylizacji ponadczasowego szyku. Mi\u0119kki i wygodny.\u00a0 Sweterek posiada \u015bci\u0105gacz na r\u0119kawach oraz na dole dzi\u0119ki czemu idealnie dopasowuje si\u0119 do sylwetki.\u00a0<\/p>\n<div class=\"klb-readmore post-buttons\"><a class=\"button black outline size-sm\" href=\"https:\/\/madelinefashion.pl\/en\/product\/sweterek-z-koronka-bezowy-susa\/\">Read More <i class=\"klbth-icon-right-arrow\"><\/i><\/a><\/div>","protected":false},"featured_media":22748,"template":"","meta":[],"product_brand":[],"product_cat":[77,395,78],"product_tag":[],"class_list":{"0":"post-22765","1":"product","2":"type-product","3":"status-publish","4":"has-post-thumbnail","6":"product_cat-bluzki","7":"product_cat-nowosci","8":"product_cat-swetry-damskie","10":"first","11":"outofstock","12":"purchasable","13":"product-type-simple"},"_links":{"self":[{"href":"https:\/\/madelinefashion.pl\/en\/wp-json\/wp\/v2\/product\/22765","targetHints":{"allow":["GET"]}}],"collection":[{"href":"https:\/\/madelinefashion.pl\/en\/wp-json\/wp\/v2\/product"}],"about":[{"href":"https:\/\/madelinefashion.pl\/en\/wp-json\/wp\/v2\/types\/product"}],"wp:featuredmedia":[{"embeddable":true,"href":"https:\/\/madelinefashion.pl\/en\/wp-json\/wp\/v2\/media\/22748"}],"wp:attachment":[{"href":"https:\/\/madelinefashion.pl\/en\/wp-json\/wp\/v2\/media?parent=22765"}],"wp:term":[{"taxonomy":"product_brand","embeddable":true,"href":"https:\/\/madelinefashion.pl\/en\/wp-json\/wp\/v2\/product_brand?post=22765"},{"taxonomy":"product_cat","embeddable":true,"href":"https:\/\/madelinefashion.pl\/en\/wp-json\/wp\/v2\/product_cat?post=22765"},{"taxonomy":"product_tag","embeddable":true,"href":"https:\/\/madelinefashion.pl\/en\/wp-json\/wp\/v2\/product_tag?post=22765"}],"curies":[{"name":"wp","href":"https:\/\/api.w.org\/{rel}","templated":true}]}}