{"id":22813,"date":"2021-11-02T18:19:54","date_gmt":"2021-11-02T17:19:54","guid":{"rendered":"https:\/\/madelinefashion.pl\/?post_type=product&#038;p=22813"},"modified":"2025-09-09T10:33:10","modified_gmt":"2025-09-09T08:33:10","slug":"sukienka-dopasowana-z-marszczeniami-ellie-karmelowa","status":"publish","type":"product","link":"https:\/\/madelinefashion.pl\/en\/product\/sukienka-dopasowana-z-marszczeniami-ellie-karmelowa\/","title":{"rendered":"Ellie Caramel Dress Fitted with Ruffles"},"content":{"rendered":"<h3 style=\"text-align: center;\">Ellie Caramel Dress Fitted with Ruffles<\/h3>\n<p style=\"text-align: center;\"><strong>Ellie Fitted Dress with Ruffles <\/strong>in color<strong> caramel<\/strong>\u00a0is a model in which you will catch the eye. <strong>\u00a0Dress<\/strong> on the straps made of a gold chain - mega sexy. Feel it<strong> exceptionally. <\/strong>Very soft and stretchy material. Has <strong>ruffles<\/strong> in several places, among others <strong>on the buttocks<\/strong>so that they are underlined and <strong>optically enlarged!<\/strong> <strong>Sexy tight mini dress will make you stand out from the crowd. <\/strong>Dress in a universal size, recommended from XS to max L.<\/p>\n<p>&nbsp;<\/p>\n<h3 style=\"text-align: center;\">Dimensions:<\/h3>\n<ul>\n<li style=\"text-align: center;\">\u00a0 \u00a0 Total front length - 90 cm<\/li>\n<li style=\"text-align: center;\">Total length back: 76 cm<\/li>\n<li style=\"text-align: center;\">The width from armpit to armpit - 36-48 cm<\/li>\n<li style=\"text-align: center;\">Waist width - 25-38 cm<\/li>\n<li style=\"text-align: center;\"><\/li>\n<\/ul>\n<p style=\"text-align: center;\">Dimensions may slightly differ from the given +\/- 2cm. All dimensions given are measured flat. <strong>X2 dimension<\/strong><\/p>\n<h3 style=\"text-align: center;\">Characteristics:<\/h3>\n<p style=\"text-align: center;\">- dress me<br \/>\n- chain straps<br \/>\n- universal<br \/>\n- wrinkles on the back<br \/>\n-fashionable<br \/>\n-woman<br \/>\n- fitted<\/p>\n<p>&nbsp;<\/p>\n<table>\n<tbody>\n<tr>\n<td width=\"302\"><span style=\"font-size: 10pt;\">Model name<\/span><\/td>\n<td width=\"302\">Ellie Fitted Dress with Ruffles<\/td>\n<\/tr>\n<tr>\n<td width=\"302\"><span style=\"font-size: 10pt;\">Color<\/span><\/td>\n<td width=\"302\">caramel<\/td>\n<\/tr>\n<tr>\n<td width=\"302\"><span style=\"font-size: 10pt;\">Fashion<\/span><\/td>\n<td width=\"302\"><span style=\"font-size: 10pt;\">Matched<\/span><\/td>\n<\/tr>\n<tr>\n<td width=\"302\"><span style=\"font-size: 10pt;\">Material<\/span><\/td>\n<td width=\"302\"><span style=\"font-size: 10pt;\">95 % Polyester 5% Elastane<\/span><\/td>\n<\/tr>\n<tr>\n<td width=\"302\"><span style=\"font-size: 10pt;\">Length<\/span><\/td>\n<td width=\"302\"><span style=\"font-size: 10pt;\">Above the knee<\/span><\/td>\n<\/tr>\n<\/tbody>\n<\/table>\n<p>&nbsp;<\/p>\n<p style=\"text-align: center;\"><span style=\"font-size: 10pt;\">\u00a0<\/span><\/p>\n<div class=\"tabs tabs-bb clear mb-80\">\n<div class=\"tab-content\">\n<div id=\"tab-description\" class=\"tab-pane fade in woocommerce-Tabs-panel--description active\">\n<p style=\"text-align: center;\">\u00a0The model has\u00a0<strong>165<\/strong>\u00a0cm tall, wears a size every day\u00a0<strong>S.<\/strong><\/p>\n<\/div>\n<\/div>\n<\/div>","protected":false},"excerpt":{"rendered":"<p>Sukienka Dopasowana z Marszczeniami Ellie Karmelowa Sukienka Dopasowana z Marszczeniami Ellie w kolorze karmelowym\u00a0to model w kt\u00f3rym b\u0119dziesz przykuwa\u0107 spojrzenia. \u00a0Sukienka na rami\u0105czkach ze z\u0142otego \u0142a\u0144cuszka &#8211; mega sexowna. Poczuj si\u0119 wyj\u0105tkowo. Bardzo mi\u0119kki i rozci\u0105gliwy materia\u0142. Ma marszczenia w kilku miejscach, mi\u0119dzy innymi na po\u015bladkach, dzi\u0119ki czemu b\u0119d\u0105 one podkre\u015blone i optycznie powi\u0119kszone! Sexowna<\/p>\n<div class=\"klb-readmore post-buttons\"><a class=\"button black outline size-sm\" href=\"https:\/\/madelinefashion.pl\/en\/product\/sukienka-dopasowana-z-marszczeniami-ellie-karmelowa\/\">Read More <i class=\"klbth-icon-right-arrow\"><\/i><\/a><\/div>","protected":false},"featured_media":22790,"template":"","meta":[],"product_brand":[],"product_cat":[125,395],"product_tag":[],"class_list":{"0":"post-22813","1":"product","2":"type-product","3":"status-publish","4":"has-post-thumbnail","6":"product_cat-sukienki","7":"product_cat-nowosci","9":"first","10":"instock","11":"purchasable","12":"product-type-simple"},"_links":{"self":[{"href":"https:\/\/madelinefashion.pl\/en\/wp-json\/wp\/v2\/product\/22813","targetHints":{"allow":["GET"]}}],"collection":[{"href":"https:\/\/madelinefashion.pl\/en\/wp-json\/wp\/v2\/product"}],"about":[{"href":"https:\/\/madelinefashion.pl\/en\/wp-json\/wp\/v2\/types\/product"}],"wp:featuredmedia":[{"embeddable":true,"href":"https:\/\/madelinefashion.pl\/en\/wp-json\/wp\/v2\/media\/22790"}],"wp:attachment":[{"href":"https:\/\/madelinefashion.pl\/en\/wp-json\/wp\/v2\/media?parent=22813"}],"wp:term":[{"taxonomy":"product_brand","embeddable":true,"href":"https:\/\/madelinefashion.pl\/en\/wp-json\/wp\/v2\/product_brand?post=22813"},{"taxonomy":"product_cat","embeddable":true,"href":"https:\/\/madelinefashion.pl\/en\/wp-json\/wp\/v2\/product_cat?post=22813"},{"taxonomy":"product_tag","embeddable":true,"href":"https:\/\/madelinefashion.pl\/en\/wp-json\/wp\/v2\/product_tag?post=22813"}],"curies":[{"name":"wp","href":"https:\/\/api.w.org\/{rel}","templated":true}]}}