{"id":22836,"date":"2021-11-02T18:55:58","date_gmt":"2021-11-02T17:55:58","guid":{"rendered":"https:\/\/madelinefashion.pl\/?post_type=product&#038;p=22836"},"modified":"2025-11-27T19:10:46","modified_gmt":"2025-11-27T18:10:46","slug":"sukienka-brokatowa-dopasowana-z-marszczeniami-amber-bezowa","status":"publish","type":"product","link":"https:\/\/madelinefashion.pl\/en\/product\/sukienka-brokatowa-dopasowana-z-marszczeniami-amber-bezowa\/","title":{"rendered":"Fitted Brocade Dress with Ruffles Amber Beige"},"content":{"rendered":"<h3 style=\"text-align: center;\">Fitted Brocade Dress with Ruffles Amber Beige<\/h3>\n<p style=\"text-align: center;\"><strong>Fitted Brocade Dress with Ruffles Amber Beige <\/strong>\u00a0is a model in which you will catch the eye. <strong>\u00a0Dress<\/strong> has a V-neck, adjustable shoulder straps <strong>stiffening cups<\/strong>. Feel it<strong> exceptionally. <\/strong>Very soft and stretchy material. Has <strong>ruffles<\/strong> In a few places. <strong>Sexy tight mini dress will make you stand out from the crowd. <\/strong>Dress in a universal size, recommended from XS to max M. The mini brocade dress is fastened with a covered zipper on the backs.<\/p>\n<p>&nbsp;<\/p>\n<h3 style=\"text-align: center;\">Dimensions:<\/h3>\n<ul>\n<li style=\"text-align: center;\">\u00a0 \u00a0 Total length - 83 cm<\/li>\n<li style=\"text-align: center;\">The width from armpit to armpit - 31-44 cm<\/li>\n<li style=\"text-align: center;\">Waist width - 25-34 cm<\/li>\n<li style=\"text-align: center;\"><\/li>\n<\/ul>\n<p style=\"text-align: center;\">Dimensions may slightly differ from the given +\/- 2cm. All dimensions given are measured flat. <strong>X2 dimension<\/strong><\/p>\n<h3 style=\"text-align: center;\">Characteristics:<\/h3>\n<p style=\"text-align: center;\">- dress me<br \/>\n-glitter<br \/>\n-decline v<br \/>\n- wrinkles<br \/>\n-fashionable<br \/>\n-woman<br \/>\n- fitted<\/p>\n<p>&nbsp;<\/p>\n<table style=\"height: 156px;\" width=\"763\">\n<tbody>\n<tr>\n<td width=\"302\"><span style=\"font-size: 10pt;\">Model name<\/span><\/td>\n<td width=\"302\">Fitted Brocade Dress with Ruffles Amber<\/td>\n<\/tr>\n<tr>\n<td width=\"302\"><span style=\"font-size: 10pt;\">Color<\/span><\/td>\n<td width=\"302\">Without<\/td>\n<\/tr>\n<tr>\n<td width=\"302\"><span style=\"font-size: 10pt;\">Fashion<\/span><\/td>\n<td width=\"302\"><span style=\"font-size: 10pt;\">Matched<\/span><\/td>\n<\/tr>\n<tr>\n<td width=\"302\"><span style=\"font-size: 10pt;\">Material<\/span><\/td>\n<td width=\"302\"><span style=\"font-size: 10pt;\">95 % Polyester 5% Elastane<\/span><\/td>\n<\/tr>\n<tr>\n<td width=\"302\"><span style=\"font-size: 10pt;\">Length<\/span><\/td>\n<td width=\"302\"><span style=\"font-size: 10pt;\">Above the knee<\/span><\/td>\n<\/tr>\n<\/tbody>\n<\/table>\n<p>&nbsp;<\/p>\n<p style=\"text-align: center;\"><span style=\"font-size: 10pt;\">\u00a0<\/span><\/p>\n<div class=\"tabs tabs-bb clear mb-80\">\n<div class=\"tab-content\">\n<div id=\"tab-description\" class=\"tab-pane fade in woocommerce-Tabs-panel--description active\">\n<p style=\"text-align: center;\">\u00a0The model has\u00a0<strong>165<\/strong>\u00a0cm tall, wears a size every day\u00a0<strong>S.<\/strong><\/p>\n<\/div>\n<\/div>\n<\/div>","protected":false},"excerpt":{"rendered":"<p>Sukienka Brokatowa Dopasowana z Marszczeniami Amber Be\u017cowa Sukienka Brokatowa Dopasowana z Marszczeniami Amber Be\u017cowa \u00a0to model w kt\u00f3rym b\u0119dziesz przykuwa\u0107 spojrzenia. \u00a0Sukienka na regulowanych rami\u0105czkach z dekoltem w stylu V posiada miseczki usztywniaj\u0105ce. Poczuj si\u0119 wyj\u0105tkowo. Bardzo mi\u0119kki i rozci\u0105gliwy materia\u0142. Ma marszczenia w kilku miejscach. Sexowna obcis\u0142a sukienka mini spowoduje, \u017ce w niej wyr\u00f3\u017cnisz<\/p>\n<div class=\"klb-readmore post-buttons\"><a class=\"button black outline size-sm\" href=\"https:\/\/madelinefashion.pl\/en\/product\/sukienka-brokatowa-dopasowana-z-marszczeniami-amber-bezowa\/\">Read More <i class=\"klbth-icon-right-arrow\"><\/i><\/a><\/div>","protected":false},"featured_media":22830,"template":"","meta":[],"product_brand":[],"product_cat":[125,124,395,560],"product_tag":[],"class_list":{"0":"post-22836","1":"product","2":"type-product","3":"status-publish","4":"has-post-thumbnail","6":"product_cat-sukienki","7":"product_cat-sukienki-okolicznosciowe","8":"product_cat-nowosci","9":"product_cat-sukienki-brokatowe","11":"first","12":"instock","13":"purchasable","14":"product-type-simple"},"_links":{"self":[{"href":"https:\/\/madelinefashion.pl\/en\/wp-json\/wp\/v2\/product\/22836","targetHints":{"allow":["GET"]}}],"collection":[{"href":"https:\/\/madelinefashion.pl\/en\/wp-json\/wp\/v2\/product"}],"about":[{"href":"https:\/\/madelinefashion.pl\/en\/wp-json\/wp\/v2\/types\/product"}],"wp:featuredmedia":[{"embeddable":true,"href":"https:\/\/madelinefashion.pl\/en\/wp-json\/wp\/v2\/media\/22830"}],"wp:attachment":[{"href":"https:\/\/madelinefashion.pl\/en\/wp-json\/wp\/v2\/media?parent=22836"}],"wp:term":[{"taxonomy":"product_brand","embeddable":true,"href":"https:\/\/madelinefashion.pl\/en\/wp-json\/wp\/v2\/product_brand?post=22836"},{"taxonomy":"product_cat","embeddable":true,"href":"https:\/\/madelinefashion.pl\/en\/wp-json\/wp\/v2\/product_cat?post=22836"},{"taxonomy":"product_tag","embeddable":true,"href":"https:\/\/madelinefashion.pl\/en\/wp-json\/wp\/v2\/product_tag?post=22836"}],"curies":[{"name":"wp","href":"https:\/\/api.w.org\/{rel}","templated":true}]}}