{"id":22854,"date":"2021-11-02T19:20:12","date_gmt":"2021-11-02T18:20:12","guid":{"rendered":"https:\/\/madelinefashion.pl\/?post_type=product&#038;p=22854"},"modified":"2026-02-20T14:58:16","modified_gmt":"2026-02-20T13:58:16","slug":"sweterek-z-koronkowymi-rekawami-pudrowy-roz-nostella","status":"publish","type":"product","link":"https:\/\/madelinefashion.pl\/en\/product\/sweterek-z-koronkowymi-rekawami-pudrowy-roz-nostella\/","title":{"rendered":"Sweater with Lace Sleeves Powder Pink Nostella"},"content":{"rendered":"<h3 style=\"text-align: center;\">Sweater with Lace Sleeves Powder Pink Nostella<\/h3>\n<p style=\"text-align: center;\"><strong>Sweater with Lace Sleeves Powder pink Nostella <\/strong>this<strong> MUST HAVE <\/strong>in this season. The design stands out<strong> lace inserts on the sleeves and at the top of the sweater. <\/strong>The guipure gives it delicacy and makes it look very feminine. Our model is the perfect choice for everyday and even elegant styling. <strong>Beautiful, soft to the touch ala alpaka sweater. <\/strong>It adds charm <strong>lace on the sleeves\u00a0<\/strong>completed<strong> welt. <\/strong><strong>Straight cut<\/strong> the fact that every woman will feel beautiful and comfortable in it.\u00a0\u00a0<strong>The product is available in several color variants. <\/strong>\u00a0Perfect for ladies in size <strong>XS, S, M, L, XL <\/strong>A sweater with decorative lace will give your stylization a timeless style.<strong>\u00a0<\/strong><\/p>\n<h3 style=\"text-align: center;\">\u00a0 \u00a0 \u00a0Dimensions:<\/h3>\n<ul style=\"text-align: center;\">\n<li style=\"list-style-type: none;\">\n<ul>\n<li>overall length: 55 cm<\/li>\n<li>width from armpit to armpit: 44 cm -55 cm<\/li>\n<li>sleeve length from shoulder: 59 cm<\/li>\n<li>sleeve length from armpit: 44 cm<\/li>\n<li>bottom width: 38 cm -50 cm<\/li>\n<\/ul>\n<p>Dimensions may slightly differ from the given +\/- 2cm. All dimensions given are measured flat. X2 dimension<\/li>\n<\/ul>\n<table style=\"height: 160px;\" width=\"707\">\n<tbody>\n<tr>\n<td width=\"302\">Model name<\/td>\n<td width=\"302\">Nostella sweater with lace sleeves<\/td>\n<\/tr>\n<tr>\n<td width=\"302\">Color<\/td>\n<td width=\"302\">Powder Pink<\/td>\n<\/tr>\n<tr>\n<td width=\"302\">Sizes<\/td>\n<td width=\"302\">Universal<\/td>\n<\/tr>\n<tr>\n<td width=\"302\">Fashion<\/td>\n<td width=\"302\">Oversize<\/td>\n<\/tr>\n<tr>\n<td width=\"302\">Material<\/td>\n<td width=\"302\">52% Viscose 29% Polyester 19% Nylon<\/td>\n<\/tr>\n<\/tbody>\n<\/table>\n<p>&nbsp;<\/p>\n<p>&nbsp;<\/p>\n<div class=\"tabs tabs-bb clear mb-80\">\n<div class=\"tab-content\">\n<div id=\"tab-description\" class=\"tab-pane fade in woocommerce-Tabs-panel--description active\">\n<div class=\"tabs tabs-bb clear mb-80\">\n<div class=\"tab-content\">\n<div id=\"tab-description\" class=\"tab-pane fade in woocommerce-Tabs-panel--description active\">\n<p style=\"text-align: center;\">\u00a0The model has\u00a0<strong>165<\/strong>\u00a0cm tall, wears a size every day\u00a0<strong>S.<\/strong><\/p>\n<\/div>\n<\/div>\n<\/div>\n<\/div>\n<\/div>\n<\/div>\n<section class=\"up-sells upsells products mb-80\"><\/section>\n<p style=\"text-align: center;\">","protected":false},"excerpt":{"rendered":"<p>Sweterek z Koronkowymi R\u0119kawami Pudrowy R\u00f3\u017c Nostella Sweterek z Koronkowymi R\u0119kawami Pudrowy\u00a0 r\u00f3\u017c Nostella to MUST HAVE w tym sezonie. Fason wyr\u00f3\u017cnia si\u0119 koronkowymi wstawkami na r\u0119kawach oraz u g\u00f3ry sweterka. Gipiura nadaj\u0105 mu delikatno\u015bci i sprawiaj\u0105, \u017ce prezentuje si\u0119 bardzo kobieco. Nasz model to idealny wyb\u00f3r do codziennych, a nawet eleganckich stylizacji. Pi\u0119kny, milutki<\/p>\n<div class=\"klb-readmore post-buttons\"><a class=\"button black outline size-sm\" href=\"https:\/\/madelinefashion.pl\/en\/product\/sweterek-z-koronkowymi-rekawami-pudrowy-roz-nostella\/\">Read More <i class=\"klbth-icon-right-arrow\"><\/i><\/a><\/div>","protected":false},"featured_media":22847,"template":"","meta":[],"product_brand":[],"product_cat":[77,78,395],"product_tag":[],"class_list":{"0":"post-22854","1":"product","2":"type-product","3":"status-publish","4":"has-post-thumbnail","6":"product_cat-bluzki","7":"product_cat-swetry-damskie","8":"product_cat-nowosci","10":"first","11":"outofstock","12":"purchasable","13":"product-type-simple"},"_links":{"self":[{"href":"https:\/\/madelinefashion.pl\/en\/wp-json\/wp\/v2\/product\/22854","targetHints":{"allow":["GET"]}}],"collection":[{"href":"https:\/\/madelinefashion.pl\/en\/wp-json\/wp\/v2\/product"}],"about":[{"href":"https:\/\/madelinefashion.pl\/en\/wp-json\/wp\/v2\/types\/product"}],"wp:featuredmedia":[{"embeddable":true,"href":"https:\/\/madelinefashion.pl\/en\/wp-json\/wp\/v2\/media\/22847"}],"wp:attachment":[{"href":"https:\/\/madelinefashion.pl\/en\/wp-json\/wp\/v2\/media?parent=22854"}],"wp:term":[{"taxonomy":"product_brand","embeddable":true,"href":"https:\/\/madelinefashion.pl\/en\/wp-json\/wp\/v2\/product_brand?post=22854"},{"taxonomy":"product_cat","embeddable":true,"href":"https:\/\/madelinefashion.pl\/en\/wp-json\/wp\/v2\/product_cat?post=22854"},{"taxonomy":"product_tag","embeddable":true,"href":"https:\/\/madelinefashion.pl\/en\/wp-json\/wp\/v2\/product_tag?post=22854"}],"curies":[{"name":"wp","href":"https:\/\/api.w.org\/{rel}","templated":true}]}}