{"id":22998,"date":"2021-11-04T05:12:31","date_gmt":"2021-11-04T04:12:31","guid":{"rendered":"https:\/\/madelinefashion.pl\/?post_type=product&#038;p=22998"},"modified":"2026-01-20T10:34:07","modified_gmt":"2026-01-20T09:34:07","slug":"koszula-zapinana-na-guziki-pola-czarna","status":"publish","type":"product","link":"https:\/\/madelinefashion.pl\/en\/product\/koszula-zapinana-na-guziki-pola-czarna\/","title":{"rendered":"Shirt Fastened with Fields Black Buttons"},"content":{"rendered":"<h2 style=\"text-align: center;\">Shirt Fastened with Fields Black Buttons<\/h2>\n<p style=\"text-align: center;\"><strong>A Shirt Fastened with Pola Buttons is an inseparable element of every wardrobe! <\/strong>Fashion is fastened on<strong> buttons. <\/strong>A shirt with a classic king-length will be perfect in many versions<strong>, both the official ones and<\/strong> everyday. Women&#039;s shirt with puff sleeves is fastened with golden buttons. <strong>\u00a0This model is available in several color variants. <\/strong>Fason idealnie nadaje si\u0119 do \u201ewpuszczenia\u201d w spodnie czy w sp\u00f3dnice \u2013 polecamy mode <a href=\"https:\/\/madelinefashion.pl\/en\/spodnica-mini-crezy-czarna\/\">crezy<\/a> Our shirt can be the basis for many elegant and timeless stylizations <a href=\"https:\/\/madelinefashion.pl\/en\/spodnica-skora-mini-czarna\/\">pencils <\/a>skirts or classic <a href=\"https:\/\/madelinefashion.pl\/en\/spodnie-jeansowe-paradise-jasne\/\">jeans<\/a>. The shirt is an ideal proposition for work, every day, family gatherings and many other occasions. Recommended for ladies wearing size <strong>S, M, L, XL<\/strong><\/p>\n<h3 style=\"text-align: center;\">\u00a0 \u00a0 \u00a0Dimensions:<\/h3>\n<ul style=\"text-align: center;\">\n<li>\n<ul>\n<li>overall length: 68 cm<\/li>\n<li>width from armpit to armpit: 47-50 cm<\/li>\n<li>sleeve length from the shoulder: 68 cm<\/li>\n<li>sleeve length from armpit: 45 cm<\/li>\n<li>recommended maximum bust circumference: 100 cm<\/li>\n<\/ul>\n<p>Dimensions may slightly differ from the given +\/- 2cm. All dimensions given are measured flat. X2 dimension<\/li>\n<\/ul>\n<table style=\"height: 288px;\" width=\"433\">\n<tbody>\n<tr>\n<td>Model Name<\/td>\n<td>Shirt Fastened with Field Buttons<\/td>\n<\/tr>\n<tr>\n<td>Color<\/td>\n<td>Black<\/td>\n<\/tr>\n<tr>\n<td>Collection<\/td>\n<td>Spring Summer Autumn Winter<\/td>\n<\/tr>\n<tr>\n<td>Size<\/td>\n<td>Universal<\/td>\n<\/tr>\n<tr>\n<td>Fashion<\/td>\n<td>Oversize<\/td>\n<\/tr>\n<tr>\n<td>Cleavage<\/td>\n<td>Stand-up collar<\/td>\n<\/tr>\n<tr>\n<td>Composition of the materials<\/td>\n<td>100% Polyester<\/td>\n<\/tr>\n<\/tbody>\n<\/table>\n<p style=\"text-align: center;\">The model has\u00a0<strong>169<\/strong>\u00a0cm tall, wears a size every day\u00a0<strong>S.<\/strong><\/p>\n<p style=\"text-align: center;\">Bust width 91 cm<\/p>\n<p style=\"text-align: center;\">Waist width 71 cm<\/p>\n<p style=\"text-align: center;\">Hip width 96 cm<\/p>\n<p style=\"text-align: center;\"><strong>\u00a0<\/strong><\/p>","protected":false},"excerpt":{"rendered":"<p>Koszula Zapinana na Guziki Pola Czarna Koszula Zapinana na Guziki Pola\u00a0to nieod\u0142\u0105czny element ka\u017cdej garderoby! Fason zapinany jest na guziki. Koszula o klasycznym kr\u00f3ju \u015bwietnie sprawdzi si\u0119 w wielu ods\u0142onach, zar\u00f3wno tych oficjalnych, jak i codziennych. Damska koszula z bufiastymi r\u0119kawkami zapinana jest na z\u0142ote guziczki. \u00a0Ten model dost\u0119pny jest w kilku wariantach kolorystycznych. Fason<\/p>\n<div class=\"klb-readmore post-buttons\"><a class=\"button black outline size-sm\" href=\"https:\/\/madelinefashion.pl\/en\/product\/koszula-zapinana-na-guziki-pola-czarna\/\">Read More <i class=\"klbth-icon-right-arrow\"><\/i><\/a><\/div>","protected":false},"featured_media":108686,"template":"","meta":[],"product_brand":[],"product_cat":[92],"product_tag":[252],"class_list":{"0":"post-22998","1":"product","2":"type-product","3":"status-publish","4":"has-post-thumbnail","6":"product_cat-koszule","7":"product_tag-bluzka-czarna","9":"first","10":"outofstock","11":"sale","12":"purchasable","13":"product-type-simple"},"_links":{"self":[{"href":"https:\/\/madelinefashion.pl\/en\/wp-json\/wp\/v2\/product\/22998","targetHints":{"allow":["GET"]}}],"collection":[{"href":"https:\/\/madelinefashion.pl\/en\/wp-json\/wp\/v2\/product"}],"about":[{"href":"https:\/\/madelinefashion.pl\/en\/wp-json\/wp\/v2\/types\/product"}],"wp:featuredmedia":[{"embeddable":true,"href":"https:\/\/madelinefashion.pl\/en\/wp-json\/wp\/v2\/media\/108686"}],"wp:attachment":[{"href":"https:\/\/madelinefashion.pl\/en\/wp-json\/wp\/v2\/media?parent=22998"}],"wp:term":[{"taxonomy":"product_brand","embeddable":true,"href":"https:\/\/madelinefashion.pl\/en\/wp-json\/wp\/v2\/product_brand?post=22998"},{"taxonomy":"product_cat","embeddable":true,"href":"https:\/\/madelinefashion.pl\/en\/wp-json\/wp\/v2\/product_cat?post=22998"},{"taxonomy":"product_tag","embeddable":true,"href":"https:\/\/madelinefashion.pl\/en\/wp-json\/wp\/v2\/product_tag?post=22998"}],"curies":[{"name":"wp","href":"https:\/\/api.w.org\/{rel}","templated":true}]}}