{"id":23128,"date":"2021-11-04T09:46:31","date_gmt":"2021-11-04T08:46:31","guid":{"rendered":"https:\/\/madelinefashion.pl\/?post_type=product&#038;p=23128"},"modified":"2026-01-20T10:34:07","modified_gmt":"2026-01-20T09:34:07","slug":"golf-dopasowany-aila-jasno-szary","status":"publish","type":"product","link":"https:\/\/madelinefashion.pl\/en\/product\/golf-dopasowany-aila-jasno-szary\/","title":{"rendered":"Aila Matching Turtleneck Light Gray"},"content":{"rendered":"<h3 style=\"text-align: center;\">Aila Matching Turtleneck Light Gray<\/h3>\n<p style=\"text-align: center;\">One-color classic turtleneck blouse. Made of flexible material. Ribbed turtleneck in a universal size. Perfect for autumn, winter and spring stylizations. Made of pleasant to the touch elastic material. One universal size, recommended from XS to L.<\/p>\n<h3 style=\"text-align: center;\">\u00a0 \u00a0 \u00a0Dimensions:<\/h3>\n<ul style=\"text-align: center;\">\n<li>overall length: 63 cm<\/li>\n<li>width from armpit to armpit: 43 cm -54 cm<\/li>\n<li>sleeve length from shoulder: 64 cm<\/li>\n<li>sleeve length from armpit: 53 cm<\/li>\n<li>recommended maximum bust circumference: 108 cm<\/li>\n<\/ul>\n<p>&nbsp;<\/p>\n<p style=\"text-align: center;\">Dimensions may slightly differ from the given +\/- 2cm. All dimensions given are measured flat.<\/p>\n<h3 style=\"text-align: center;\">Characteristics:<\/h3>\n<ul>\n<li style=\"text-align: center;\">fitted cut<\/li>\n<li style=\"text-align: center;\">roll-up turtleneck<\/li>\n<li style=\"text-align: center;\">ribbed fabric<\/li>\n<li style=\"text-align: center;\">ribbed finish<\/li>\n<\/ul>\n<table>\n<tbody>\n<tr>\n<td width=\"302\">Model name<\/td>\n<td width=\"302\">Aila Matching Golf<\/td>\n<\/tr>\n<tr>\n<td width=\"302\">Color<\/td>\n<td width=\"302\">Light Gray<\/td>\n<\/tr>\n<tr>\n<td width=\"302\">Sizes<\/td>\n<td width=\"302\">Universal<\/td>\n<\/tr>\n<tr>\n<td width=\"302\">Fashion<\/td>\n<td width=\"302\">Matched<\/td>\n<\/tr>\n<tr>\n<td width=\"302\">Material<\/td>\n<td width=\"302\">50 % Viscose 29% Polyester 21% Pollamid<\/td>\n<\/tr>\n<\/tbody>\n<\/table>\n<p>&nbsp;<\/p>\n<p>&nbsp;<\/p>\n<p style=\"text-align: center;\"><span style=\"text-align: center;\">The model has <\/span><strong style=\"text-align: center;\">165<\/strong><span style=\"text-align: center;\">\u00a0cm tall, wears a size every day\u00a0<\/span><strong style=\"text-align: center;\">S.<\/strong><\/p>\n<p style=\"text-align: center;\">","protected":false},"excerpt":{"rendered":"<p>Golf Dopasowany Aila Jasno Szary Jednokolorowa klasyczna bluzka z golfem. Uszyta z elastycznego materia\u0142u. Pr\u0105\u017ckowany golf w rozmiarze uniwersalnym. \u015awietnie sprawdzi si\u0119 w jesiennych, zimowych jak i wiosennych\u00a0 stylizacjach. Wykonany z przyjemnego w dotyku elastycznego materia\u0142u. Rozmiar uniwersalny zalecany od XS do L \u00a0 \u00a0 \u00a0Wymiary: d\u0142ugo\u015b\u0107 ca\u0142kowita : 63 cm szeroko\u015b\u0107 od pachy do<\/p>\n<div class=\"klb-readmore post-buttons\"><a class=\"button black outline size-sm\" href=\"https:\/\/madelinefashion.pl\/en\/product\/golf-dopasowany-aila-jasno-szary\/\">Read More <i class=\"klbth-icon-right-arrow\"><\/i><\/a><\/div>","protected":false},"featured_media":23115,"template":"","meta":[],"product_brand":[],"product_cat":[77,395],"product_tag":[],"class_list":{"0":"post-23128","1":"product","2":"type-product","3":"status-publish","4":"has-post-thumbnail","6":"product_cat-bluzki","7":"product_cat-nowosci","9":"first","10":"instock","11":"sale","12":"purchasable","13":"product-type-simple"},"_links":{"self":[{"href":"https:\/\/madelinefashion.pl\/en\/wp-json\/wp\/v2\/product\/23128","targetHints":{"allow":["GET"]}}],"collection":[{"href":"https:\/\/madelinefashion.pl\/en\/wp-json\/wp\/v2\/product"}],"about":[{"href":"https:\/\/madelinefashion.pl\/en\/wp-json\/wp\/v2\/types\/product"}],"wp:featuredmedia":[{"embeddable":true,"href":"https:\/\/madelinefashion.pl\/en\/wp-json\/wp\/v2\/media\/23115"}],"wp:attachment":[{"href":"https:\/\/madelinefashion.pl\/en\/wp-json\/wp\/v2\/media?parent=23128"}],"wp:term":[{"taxonomy":"product_brand","embeddable":true,"href":"https:\/\/madelinefashion.pl\/en\/wp-json\/wp\/v2\/product_brand?post=23128"},{"taxonomy":"product_cat","embeddable":true,"href":"https:\/\/madelinefashion.pl\/en\/wp-json\/wp\/v2\/product_cat?post=23128"},{"taxonomy":"product_tag","embeddable":true,"href":"https:\/\/madelinefashion.pl\/en\/wp-json\/wp\/v2\/product_tag?post=23128"}],"curies":[{"name":"wp","href":"https:\/\/api.w.org\/{rel}","templated":true}]}}