{"id":23383,"date":"2021-11-09T16:06:06","date_gmt":"2021-11-09T15:06:06","guid":{"rendered":"https:\/\/madelinefashion.pl\/?post_type=product&#038;p=23383"},"modified":"2026-02-02T15:05:47","modified_gmt":"2026-02-02T14:05:47","slug":"plaszcz-alpaka-lirosse-zlote-guziki-czerwony","status":"publish","type":"product","link":"https:\/\/madelinefashion.pl\/en\/product\/plaszcz-alpaka-lirosse-zlote-guziki-czerwony\/","title":{"rendered":"Alpaca coat Lirosse Golden Red Buttons"},"content":{"rendered":"<h3 style=\"text-align: center;\">Alpaca coat Lirosse Golden Red Buttons<\/h3>\n<p style=\"text-align: center;\"><strong>Alpaca Lirosse coat<\/strong>\u00a0 fastened with golden buttons it is real <strong>season hit<\/strong>. A combination of elegance, modernity, and functionality, this long coat complements any silhouette and style. Made from a very fashionable and incredibly comfortable alpaca fabric, it&#039;s warm and perfect for spring and fall. Its oversized, loose fit complements elegant, casual, and sporty outfits. The coat features side zippered pockets and a five-button placket. This coat is perfect for any occasion. Its phenomenal design will make you feel both fashionable and comfortable. <strong>The coat has decorative golden buttons that will add style and elegance.<\/strong>In our online store you will find a large selection of coats for unbeatable prices <strong>low price<\/strong>. Suitable for any style, for everyday wear, but thanks to the right accessories, you can also create an original outfit for the evening<strong>an omantic walk and a business trip<\/strong>. The model is suitable for ladies wearing size <strong>SML XL<\/strong><strong> and XXL. Alpaca Lirosse coat Golden Buttons - available in several colors.<br \/>\n<\/strong><\/p>\n<h3 style=\"text-align: center;\">Coat dimensions:<\/h3>\n<ul>\n<li style=\"text-align: center;\">Total length - 91 cm<\/li>\n<li style=\"text-align: center;\">Shoulder width - 46 cm<\/li>\n<li style=\"text-align: center;\">The width from armpit to armpit - 60 cm x2<\/li>\n<li style=\"text-align: center;\">Waist width - 56 cm x2<\/li>\n<li style=\"text-align: center;\">The width of the hips - 56 cm x2<\/li>\n<li style=\"text-align: center;\">Sleeve length from the shoulder - 60 cm<\/li>\n<li style=\"text-align: center;\">Sleeve length from armpit - 42 cm<\/li>\n<li style=\"text-align: center;\">Bicep width - 20 cm x2<\/li>\n<\/ul>\n<p style=\"text-align: center;\">Dimensions may slightly differ from the given +\/- 2cm. All dimensions given are measured flat.<\/p>\n<p style=\"text-align: center;\"><strong>\u00a0<\/strong><\/p>\n<table width=\"499\">\n<tbody>\n<tr>\n<td width=\"302\">Model name<\/td>\n<td width=\"302\">Alpaca coat Lirosse Golden Buttons<\/td>\n<\/tr>\n<tr>\n<td width=\"302\">Color<\/td>\n<td width=\"302\">Red<\/td>\n<\/tr>\n<tr>\n<td width=\"302\">Collection<\/td>\n<td width=\"302\">Spring \/ Autumn \/ Winter<\/td>\n<\/tr>\n<tr>\n<td width=\"302\">Sizes<\/td>\n<td width=\"302\">Universal<\/td>\n<\/tr>\n<tr>\n<td width=\"302\">Fashion<\/td>\n<td width=\"302\">Oversize<\/td>\n<\/tr>\n<tr>\n<td width=\"302\">Hood<\/td>\n<td width=\"302\">Without the hood<\/td>\n<\/tr>\n<tr>\n<td width=\"302\">Fastening<\/td>\n<td width=\"302\">Buttons<\/td>\n<\/tr>\n<tr>\n<td width=\"302\">Material<\/td>\n<td width=\"302\">38.4 % Wool 23.5 % Polyester 15.3 % Angora 22.8 % Viscose<\/td>\n<\/tr>\n<\/tbody>\n<\/table>\n<p>&nbsp;<\/p>\n<p style=\"text-align: center;\">The model has <strong>165<\/strong>\u00a0cm tall, he wears it every day\u00a0<strong>size S.<\/strong><\/p>","protected":false},"excerpt":{"rendered":"<p>P\u0142aszcz Alpaka Lirosse Z\u0142ote Guziki Czerwony P\u0142aszcz Alpaka Lirosse\u00a0 zapinany na z\u0142ote guziki to prawdziwy hit sezonu. Jest to po\u0142\u0105czenie elegancji, nowoczesno\u015bci i funkcjonalno\u015bci \u2013 D\u0142ugi p\u0142aszczyk wpisuje si\u0119 w ka\u017cd\u0105 sylwetk\u0119 i stylizacj\u0119. Wykonany z bardzo modnego i niezwykle przyjemnego materia\u0142u &#8211; &#8222;alpaka&#8221; . Ciep\u0142y, idealny na wiosn\u0119 i jesie\u0144. Oversizeowy, lu\u017any kr\u00f3j pasuj\u0105cy<\/p>\n<div class=\"klb-readmore post-buttons\"><a class=\"button black outline size-sm\" href=\"https:\/\/madelinefashion.pl\/en\/product\/plaszcz-alpaka-lirosse-zlote-guziki-czerwony\/\">Read More <i class=\"klbth-icon-right-arrow\"><\/i><\/a><\/div>","protected":false},"featured_media":23381,"template":"","meta":[],"product_brand":[],"product_cat":[120,102,279],"product_tag":[284],"class_list":{"0":"post-23383","1":"product","2":"type-product","3":"status-publish","4":"has-post-thumbnail","6":"product_cat-plaszcze-dlugie","7":"product_cat-plaszcze-plus-size","8":"product_cat-plaszcze-wiosenne","9":"product_tag-alpaka","10":"pa_rozmiar-s","11":"pa_rozmiar-m","12":"pa_rozmiar-l","13":"pa_rozmiar-xl","15":"first","16":"instock","17":"sale","18":"purchasable","19":"product-type-simple"},"_links":{"self":[{"href":"https:\/\/madelinefashion.pl\/en\/wp-json\/wp\/v2\/product\/23383","targetHints":{"allow":["GET"]}}],"collection":[{"href":"https:\/\/madelinefashion.pl\/en\/wp-json\/wp\/v2\/product"}],"about":[{"href":"https:\/\/madelinefashion.pl\/en\/wp-json\/wp\/v2\/types\/product"}],"wp:featuredmedia":[{"embeddable":true,"href":"https:\/\/madelinefashion.pl\/en\/wp-json\/wp\/v2\/media\/23381"}],"wp:attachment":[{"href":"https:\/\/madelinefashion.pl\/en\/wp-json\/wp\/v2\/media?parent=23383"}],"wp:term":[{"taxonomy":"product_brand","embeddable":true,"href":"https:\/\/madelinefashion.pl\/en\/wp-json\/wp\/v2\/product_brand?post=23383"},{"taxonomy":"product_cat","embeddable":true,"href":"https:\/\/madelinefashion.pl\/en\/wp-json\/wp\/v2\/product_cat?post=23383"},{"taxonomy":"product_tag","embeddable":true,"href":"https:\/\/madelinefashion.pl\/en\/wp-json\/wp\/v2\/product_tag?post=23383"}],"curies":[{"name":"wp","href":"https:\/\/api.w.org\/{rel}","templated":true}]}}