{"id":23441,"date":"2021-11-10T09:49:43","date_gmt":"2021-11-10T08:49:43","guid":{"rendered":"https:\/\/madelinefashion.pl\/?post_type=product&#038;p=23441"},"modified":"2026-01-20T10:34:06","modified_gmt":"2026-01-20T09:34:06","slug":"bluzka-brokatowa-z-falbanka-biala","status":"publish","type":"product","link":"https:\/\/madelinefashion.pl\/en\/product\/bluzka-brokatowa-z-falbanka-biala\/","title":{"rendered":"White Brocade Blouse With Frill"},"content":{"rendered":"<h3 style=\"text-align: center;\">White Brocade Blouse With Frill<\/h3>\n<p style=\"text-align: center;\">Sweatshirt made of pleasant to the touch velor material with a loose cut with a decorative frill. <b>It has a rubber band at the bottom, <\/b>which can be adjusted so that I will adapt to every figure <b>.<\/b> The velor blouse also has a delicate welt on the sleeve. Size<b> universal recommended from S to XL<\/b><\/p>\n<h2 style=\"text-align: center;\">\u00a0 \u00a0 \u00a0Dimensions:<\/h2>\n<ul style=\"text-align: center;\">\n<li>overall length: 63 cm<\/li>\n<li>width from armpit to armpit: 55 cm - 67 cm<\/li>\n<li>sleeve length from shoulder: 63 cm<\/li>\n<li>sleeve length from armpit: 41 cm<\/li>\n<li>recommended maximum bust circumference: 116 cm<\/li>\n<\/ul>\n<p>&nbsp;<\/p>\n<p>&nbsp;<\/p>\n<p style=\"text-align: center;\">Dimensions may slightly differ from the given +\/- 2cm. All dimensions given are measured flat.<\/p>\n<table>\n<tbody>\n<tr>\n<td width=\"302\">Model name<\/td>\n<td width=\"302\">Brocade Blouse With Frill<\/td>\n<\/tr>\n<tr>\n<td width=\"302\">Color<\/td>\n<td width=\"302\">White<\/td>\n<\/tr>\n<tr>\n<td width=\"302\">Sizes<\/td>\n<td width=\"302\">Universal<\/td>\n<\/tr>\n<tr>\n<td width=\"302\">Fashion<\/td>\n<td width=\"302\">Oversize<\/td>\n<\/tr>\n<tr>\n<td width=\"302\">Material<\/td>\n<td width=\"302\">95 % Cotton 5% Elastane<\/td>\n<\/tr>\n<\/tbody>\n<\/table>\n<p>&nbsp;<\/p>\n<p>&nbsp;<\/p>\n<p style=\"text-align: center;\"><span style=\"text-align: center;\">The model has <\/span><strong style=\"text-align: center;\">165<\/strong><span style=\"text-align: center;\">\u00a0cm tall, wears a size every day\u00a0<\/span><strong style=\"text-align: center;\">S.<\/strong><\/p>\n<p style=\"text-align: center;\">","protected":false},"excerpt":{"rendered":"<p>Bluzka Brokatowa Z Falbank\u0105 Bia\u0142a Bluza wykonana z przyjemnego w dotyku welurowego materia\u0142u o lu\u017anym kroju\u00a0 z ozdobn\u0105 falbank\u0105. Posiada na dole gumeczk\u0119, kt\u00f3r\u0105 mo\u017cna regulowa\u0107 dzi\u0119ki czemu dopasuj\u0119 si\u0119 do ka\u017cdej sylwetki . Bluzeczka welurowa posiada r\u00f3wnie\u017c delikatny \u015bci\u0105gacz na r\u0119kawie.Rozmiar uniwersalny zalecany od S do XL \u00a0 \u00a0 \u00a0Wymiary: d\u0142ugo\u015b\u0107 ca\u0142kowita : 63<\/p>\n<div class=\"klb-readmore post-buttons\"><a class=\"button black outline size-sm\" href=\"https:\/\/madelinefashion.pl\/en\/product\/bluzka-brokatowa-z-falbanka-biala\/\">Read More <i class=\"klbth-icon-right-arrow\"><\/i><\/a><\/div>","protected":false},"featured_media":23428,"template":"","meta":[],"product_brand":[],"product_cat":[77,395],"product_tag":[251],"class_list":{"0":"post-23441","1":"product","2":"type-product","3":"status-publish","4":"has-post-thumbnail","6":"product_cat-bluzki","7":"product_cat-nowosci","8":"product_tag-bluzka-biala","10":"first","11":"instock","12":"sale","13":"purchasable","14":"product-type-simple"},"_links":{"self":[{"href":"https:\/\/madelinefashion.pl\/en\/wp-json\/wp\/v2\/product\/23441","targetHints":{"allow":["GET"]}}],"collection":[{"href":"https:\/\/madelinefashion.pl\/en\/wp-json\/wp\/v2\/product"}],"about":[{"href":"https:\/\/madelinefashion.pl\/en\/wp-json\/wp\/v2\/types\/product"}],"wp:featuredmedia":[{"embeddable":true,"href":"https:\/\/madelinefashion.pl\/en\/wp-json\/wp\/v2\/media\/23428"}],"wp:attachment":[{"href":"https:\/\/madelinefashion.pl\/en\/wp-json\/wp\/v2\/media?parent=23441"}],"wp:term":[{"taxonomy":"product_brand","embeddable":true,"href":"https:\/\/madelinefashion.pl\/en\/wp-json\/wp\/v2\/product_brand?post=23441"},{"taxonomy":"product_cat","embeddable":true,"href":"https:\/\/madelinefashion.pl\/en\/wp-json\/wp\/v2\/product_cat?post=23441"},{"taxonomy":"product_tag","embeddable":true,"href":"https:\/\/madelinefashion.pl\/en\/wp-json\/wp\/v2\/product_tag?post=23441"}],"curies":[{"name":"wp","href":"https:\/\/api.w.org\/{rel}","templated":true}]}}