{"id":23466,"date":"2021-11-10T10:27:34","date_gmt":"2021-11-10T09:27:34","guid":{"rendered":"https:\/\/madelinefashion.pl\/?post_type=product&#038;p=23466"},"modified":"2026-01-20T10:34:05","modified_gmt":"2026-01-20T09:34:05","slug":"bluzka-brokatowa-z-falbankami-biala","status":"publish","type":"product","link":"https:\/\/madelinefashion.pl\/en\/product\/bluzka-brokatowa-z-falbankami-biala\/","title":{"rendered":"White brocade blouse with frills"},"content":{"rendered":"<h3 style=\"text-align: center;\">White brocade blouse with frills<\/h3>\n<p style=\"text-align: center;\">Sweatshirt made of pleasant to the touch velor material with a loose cut with a slightly longer back. The brocade blouse has decorative frills on the front. The velor blouse also has a delicate welt on the sleeve. Size<b> universal recommended from S to XL<\/b><\/p>\n<h2 style=\"text-align: center;\">\u00a0 \u00a0 \u00a0Dimensions:<\/h2>\n<ul style=\"text-align: center;\">\n<li>overall length: 59 cm<\/li>\n<li><\/li>\n<li>width from armpit to armpit: 52 cm - 60 cm<\/li>\n<li>sleeve length from shoulder: 61 cm<\/li>\n<li>sleeve length from armpit: 42 cm<\/li>\n<li>width at the bottom 47-58 cm<\/li>\n<li>recommended maximum bust circumference: 116 cm<\/li>\n<\/ul>\n<p>&nbsp;<\/p>\n<p>&nbsp;<\/p>\n<p style=\"text-align: center;\">Dimensions may slightly differ from the given +\/- 2cm. All dimensions given are measured flat.<\/p>\n<table>\n<tbody>\n<tr>\n<td width=\"302\">Model name<\/td>\n<td width=\"302\">Brocade blouse with frills<\/td>\n<\/tr>\n<tr>\n<td width=\"302\">Color<\/td>\n<td width=\"302\">White<\/td>\n<\/tr>\n<tr>\n<td width=\"302\">Sizes<\/td>\n<td width=\"302\">Universal<\/td>\n<\/tr>\n<tr>\n<td width=\"302\">Fashion<\/td>\n<td width=\"302\">Oversize<\/td>\n<\/tr>\n<tr>\n<td width=\"302\">Material<\/td>\n<td width=\"302\">95 % Cotton 5% Elastane<\/td>\n<\/tr>\n<\/tbody>\n<\/table>\n<p>&nbsp;<\/p>\n<p>&nbsp;<\/p>\n<p style=\"text-align: center;\"><span style=\"text-align: center;\">The model has <\/span><strong style=\"text-align: center;\">165<\/strong><span style=\"text-align: center;\">\u00a0cm tall, wears a size every day\u00a0<\/span><strong style=\"text-align: center;\">S.<\/strong><\/p>\n<p style=\"text-align: center;\">","protected":false},"excerpt":{"rendered":"<p>Bluzka Brokatowa z Falbankami Bia\u0142a Bluza wykonana z przyjemnego w dotyku welurowego materia\u0142u o lu\u017anym kroju\u00a0 z delikatnie d\u0142u\u017cszym ty\u0142em. Bluzka Brokatowa posiada na przodzie ozdobne falbanki. Bluzeczka welurowa posiada r\u00f3wnie\u017c delikatny \u015bci\u0105gacz na r\u0119kawie. Rozmiar uniwersalny zalecany od S do XL \u00a0 \u00a0 \u00a0Wymiary: d\u0142ugo\u015b\u0107 ca\u0142kowita : 59 cm szeroko\u015b\u0107 od pachy do pachy:<\/p>\n<div class=\"klb-readmore post-buttons\"><a class=\"button black outline size-sm\" href=\"https:\/\/madelinefashion.pl\/en\/product\/bluzka-brokatowa-z-falbankami-biala\/\">Read More <i class=\"klbth-icon-right-arrow\"><\/i><\/a><\/div>","protected":false},"featured_media":23460,"template":"","meta":[],"product_brand":[],"product_cat":[77],"product_tag":[251],"class_list":{"0":"post-23466","1":"product","2":"type-product","3":"status-publish","4":"has-post-thumbnail","6":"product_cat-bluzki","7":"product_tag-bluzka-biala","9":"first","10":"instock","11":"sale","12":"purchasable","13":"product-type-simple"},"_links":{"self":[{"href":"https:\/\/madelinefashion.pl\/en\/wp-json\/wp\/v2\/product\/23466","targetHints":{"allow":["GET"]}}],"collection":[{"href":"https:\/\/madelinefashion.pl\/en\/wp-json\/wp\/v2\/product"}],"about":[{"href":"https:\/\/madelinefashion.pl\/en\/wp-json\/wp\/v2\/types\/product"}],"wp:featuredmedia":[{"embeddable":true,"href":"https:\/\/madelinefashion.pl\/en\/wp-json\/wp\/v2\/media\/23460"}],"wp:attachment":[{"href":"https:\/\/madelinefashion.pl\/en\/wp-json\/wp\/v2\/media?parent=23466"}],"wp:term":[{"taxonomy":"product_brand","embeddable":true,"href":"https:\/\/madelinefashion.pl\/en\/wp-json\/wp\/v2\/product_brand?post=23466"},{"taxonomy":"product_cat","embeddable":true,"href":"https:\/\/madelinefashion.pl\/en\/wp-json\/wp\/v2\/product_cat?post=23466"},{"taxonomy":"product_tag","embeddable":true,"href":"https:\/\/madelinefashion.pl\/en\/wp-json\/wp\/v2\/product_tag?post=23466"}],"curies":[{"name":"wp","href":"https:\/\/api.w.org\/{rel}","templated":true}]}}