{"id":23522,"date":"2021-11-10T15:27:59","date_gmt":"2021-11-10T14:27:59","guid":{"rendered":"https:\/\/madelinefashion.pl\/?post_type=product&#038;p=23522"},"modified":"2026-02-20T14:58:15","modified_gmt":"2026-02-20T13:58:15","slug":"dzianinowy-komplet-zestaw-sukienka-i-sweter-chain-jasno-szary","status":"publish","type":"product","link":"https:\/\/madelinefashion.pl\/en\/product\/dzianinowy-komplet-zestaw-sukienka-i-sweter-chain-jasno-szary\/","title":{"rendered":"Knitted Set Dress and Chain Sweater Set Light Gray"},"content":{"rendered":"<h3 style=\"text-align: center;\">Knitted Set Dress and Chain Sweater Set Light Gray<\/h3>\n<p style=\"text-align: center;\">A perfect set for spring, autumn and winter. Well-chosen upper and lower garments so that they work well together.<br \/>\nWybierz nasz komplet \u2013 idealnie ze sob\u0105 zestawiony! Modny komplet \u0142\u0105cz\u0105cy sweterek z sukienk\u0105 dzianinow\u0105 na rami\u0105czkach to doskona\u0142e rozwi\u0105zanie na ka\u017cd\u0105 okazj\u0119.<br \/>\nA sweater decorated with a gold chain also fits perfectly with trousers. <strong>One size fits all recommended S-XL<\/strong><\/p>\n<ul style=\"text-align: center;\">\n<li><strong>Fashionable cut<\/strong><\/li>\n<li><\/li>\n<li>Very warm and pleasant to the touch<\/li>\n<li>Produkt Europejski \u2013\u00a0NAJWY\u017bSZEJ JAKO\u015aCI<\/li>\n<\/ul>\n<p style=\"text-align: center;\"><strong>Sweater dimensions:<\/strong><\/p>\n<p style=\"text-align: center;\">Overall length: 39 cm<\/p>\n<p style=\"text-align: center;\">Width from armpit to armpit: 60 cm<\/p>\n<p style=\"text-align: center;\">Sleeve length from armpit: 46 cm<\/p>\n<p style=\"text-align: center;\">Sleeve length from the shoulder: 61 cm<\/p>\n<p style=\"text-align: center;\">Szeroko\u015b\u0107 na dole: 51 \u2013 61 cm<\/p>\n<p style=\"text-align: center;\"><strong>Dress dimensions:<\/strong><\/p>\n<p style=\"text-align: center;\">Overall length: 76 cm<\/p>\n<p style=\"text-align: center;\">Width at the top (elastic band): 28-40 cm<\/p>\n<p style=\"text-align: center;\">Waist width: 30-48 cm<\/p>\n<p style=\"text-align: center;\">Bottom width: 40-52 cm<\/p>\n<p style=\"text-align: center;\"><strong>The material works<\/strong><\/p>\n<p style=\"text-align: center;\">Dimensions may slightly differ from the given +\/- 2cm. All dimensions given are measured flat.<strong> X2 dimension<\/strong><\/p>\n<p>\u00a0<\/p>\n<table style=\"height: 244px;\" width=\"762\">\n<tbody>\n<tr>\n<td width=\"302\">Model name<\/td>\n<td width=\"302\">Knitted Set Set of Dress and Chain Sweater<\/td>\n<\/tr>\n<tr>\n<td width=\"302\">Color<\/td>\n<td width=\"302\">Light Gray<\/td>\n<\/tr>\n<tr>\n<td width=\"302\">Collection<\/td>\n<td width=\"302\">Spring \/ Autumn \/ Winter<\/td>\n<\/tr>\n<tr>\n<td width=\"302\">Sizes<\/td>\n<td width=\"302\">Universal<\/td>\n<\/tr>\n<tr>\n<td width=\"302\">Fashion<\/td>\n<td width=\"302\">Matched<\/td>\n<\/tr>\n<tr>\n<td width=\"302\">Hood<\/td>\n<td width=\"302\">Without the hood<\/td>\n<\/tr>\n<tr>\n<td width=\"302\">Long Sleeve<\/td>\n<td width=\"302\">Yes<\/td>\n<\/tr>\n<tr>\n<td width=\"302\">Material<\/td>\n<td width=\"302\">100% acrylic<\/td>\n<\/tr>\n<\/tbody>\n<\/table>\n<p style=\"text-align: center;\">","protected":false},"excerpt":{"rendered":"<p>Dzianinowy Komplet Zestaw Sukienka i Sweter Chain Jasno Szary Idealny zestaw na wiosn\u0119\u00a0 jesie\u0144 i zim\u0119. Dobrze dobrana g\u00f3rna i dolna cz\u0119\u015b\u0107 garderoby, tak by razem wsp\u00f3\u0142gra\u0142y. Wybierz nasz komplet \u2013 idealnie ze sob\u0105 zestawiony! Modny komplet \u0142\u0105cz\u0105cy sweterek z sukienk\u0105 dzianinow\u0105 na rami\u0105czkach to doskona\u0142e rozwi\u0105zanie na ka\u017cd\u0105 okazj\u0119. Sweterek ozdobiony z\u0142otym \u0142a\u0144cuszkiem r\u00f3wnie\u017c<\/p>\n<div class=\"klb-readmore post-buttons\"><a class=\"button black outline size-sm\" href=\"https:\/\/madelinefashion.pl\/en\/product\/dzianinowy-komplet-zestaw-sukienka-i-sweter-chain-jasno-szary\/\">Read More <i class=\"klbth-icon-right-arrow\"><\/i><\/a><\/div>","protected":false},"featured_media":107940,"template":"","meta":[],"product_brand":[],"product_cat":[89,78,395],"product_tag":[],"class_list":{"0":"post-23522","1":"product","2":"type-product","3":"status-publish","4":"has-post-thumbnail","6":"product_cat-komplety","7":"product_cat-swetry-damskie","8":"product_cat-nowosci","10":"first","11":"outofstock","12":"purchasable","13":"product-type-simple"},"_links":{"self":[{"href":"https:\/\/madelinefashion.pl\/en\/wp-json\/wp\/v2\/product\/23522","targetHints":{"allow":["GET"]}}],"collection":[{"href":"https:\/\/madelinefashion.pl\/en\/wp-json\/wp\/v2\/product"}],"about":[{"href":"https:\/\/madelinefashion.pl\/en\/wp-json\/wp\/v2\/types\/product"}],"wp:featuredmedia":[{"embeddable":true,"href":"https:\/\/madelinefashion.pl\/en\/wp-json\/wp\/v2\/media\/107940"}],"wp:attachment":[{"href":"https:\/\/madelinefashion.pl\/en\/wp-json\/wp\/v2\/media?parent=23522"}],"wp:term":[{"taxonomy":"product_brand","embeddable":true,"href":"https:\/\/madelinefashion.pl\/en\/wp-json\/wp\/v2\/product_brand?post=23522"},{"taxonomy":"product_cat","embeddable":true,"href":"https:\/\/madelinefashion.pl\/en\/wp-json\/wp\/v2\/product_cat?post=23522"},{"taxonomy":"product_tag","embeddable":true,"href":"https:\/\/madelinefashion.pl\/en\/wp-json\/wp\/v2\/product_tag?post=23522"}],"curies":[{"name":"wp","href":"https:\/\/api.w.org\/{rel}","templated":true}]}}