{"id":23627,"date":"2021-11-11T12:24:05","date_gmt":"2021-11-11T11:24:05","guid":{"rendered":"https:\/\/madelinefashion.pl\/?post_type=product&#038;p=23627"},"modified":"2026-03-17T10:25:20","modified_gmt":"2026-03-17T09:25:20","slug":"sukienka-krotka-cekinowa-samba-czarna-2","status":"publish","type":"product","link":"https:\/\/madelinefashion.pl\/en\/product\/sukienka-krotka-cekinowa-samba-czarna-2\/","title":{"rendered":"Samba Black and Silver Sequin Short Dress"},"content":{"rendered":"<h3 style=\"text-align: center;\">Samba Black and Silver Sequin Short Dress<\/h3>\n<p style=\"text-align: center;\">A beautiful evening dress decorated with sequins and fringes. Exhibits feminine shapes. V-neck dress - depth adjustment with shoulder straps.<b> The dress shimmers fabulously in the light of the lamps.<\/b> One cannot be indifferent to her. The dress has a lining. Made and sewn in Poland. <b>Dress <\/b>available in a universal size. <strong>Samba sequin dress<\/strong> is an excellent choice for a wedding, prom, New Year&#039;s Eve and other elegant special events.<\/p>\n<h3 style=\"text-align: center;\">DRESS DIMENSIONS:<\/h3>\n<ul>\n<li style=\"text-align: center;\">Overall length 92 cm (ADJUSTABLE STRAPS)<\/li>\n<li style=\"text-align: center;\">Width from armpit to armpit from 43 cm - 50 cm<\/li>\n<li style=\"text-align: center;\">Waist width: 38 -42 cm<\/li>\n<li style=\"text-align: center;\">Width at the bottom 48 cm<\/li>\n<\/ul>\n<p style=\"text-align: center;\">Dimensions may slightly differ from the given +\/- 2cm. All dimensions given are measured flat. X2 dimension<\/p>\n<p style=\"text-align: center;\">The dress is also available in other colors - see our other products.<\/p>\n<p style=\"text-align: center;\"><strong>\u00a0<\/strong><\/p>\n<p>&nbsp;<\/p>\n<table>\n<tbody>\n<tr>\n<td width=\"302\">Model name<\/td>\n<td width=\"302\">Samba Sequin Short Dress<\/td>\n<\/tr>\n<tr>\n<td width=\"302\">Color<\/td>\n<td width=\"302\"><span style=\"font-size: 10pt;\">Black with Silver<\/span><\/td>\n<\/tr>\n<tr>\n<td width=\"302\">Lining<\/td>\n<td width=\"302\">Yes<\/td>\n<\/tr>\n<tr>\n<td width=\"302\">Sizes<\/td>\n<td width=\"302\">Universal<\/td>\n<\/tr>\n<tr>\n<td width=\"302\">Fashion<\/td>\n<td width=\"302\">Matched<\/td>\n<\/tr>\n<tr>\n<td width=\"302\">Material<\/td>\n<td width=\"302\">Polyester 100 %<\/td>\n<\/tr>\n<tr>\n<td width=\"302\">Length<\/td>\n<td width=\"302\">Before the Knee<\/td>\n<\/tr>\n<\/tbody>\n<\/table>\n<p>&nbsp;<\/p>\n<p style=\"text-align: center;\">In order to match\u00a0<strong>perfect dresses<\/strong>\u00a0we invite you to contact us by phone or via our facebook.<br \/>\nOur team will help\u00a0<strong>Choose the right one<\/strong>\u00a0.\u00a0<strong>We can make each dress at the request of the buyer\u00a0<\/strong><strong>measure carefully.\u00a0<\/strong><\/p>\n<div class=\"additional-details\">\n<p style=\"text-align: center;\">\n<\/div>","protected":false},"excerpt":{"rendered":"<p>Sukienka Kr\u00f3tka Cekinowa Samba Czarno Srebrna Pi\u0119kna suknia wieczorowa zdobiona cekinami oraz fr\u0119dzlami.\u00a0 Eksponuje kobiece kszta\u0142ty. Suknia z dekoltem w kszta\u0142cie V \u2013 regulacje g\u0142\u0119boko\u015bci\u00a0 za pomoc\u0105 rami\u0105czek. Suknia bajecznie mieni si\u0119 w \u015bwietle lamp. Nie mo\u017cna wobec niej przej\u015b\u0107 oboj\u0119tnie. Sukienka posiada podszewk\u0119. Wyprodukowana i uszyta w Polsce. Sukienka dost\u0119pna\u00a0\u00a0w rozmiarze uniwersalnym. Sukienka Cekinowa<\/p>\n<div class=\"klb-readmore post-buttons\"><a class=\"button black outline size-sm\" href=\"https:\/\/madelinefashion.pl\/en\/product\/sukienka-krotka-cekinowa-samba-czarna-2\/\">Read More <i class=\"klbth-icon-right-arrow\"><\/i><\/a><\/div>","protected":false},"featured_media":74143,"template":"","meta":[],"product_brand":[],"product_cat":[124,395,558],"product_tag":[213,262],"class_list":{"0":"post-23627","1":"product","2":"type-product","3":"status-publish","4":"has-post-thumbnail","6":"product_cat-sukienki-okolicznosciowe","7":"product_cat-nowosci","8":"product_cat-sukienki-cekinowe","9":"product_tag-sukienka-czarna","10":"product_tag-sukienki-krotkie","12":"first","13":"instock","14":"sale","15":"purchasable","16":"product-type-simple"},"_links":{"self":[{"href":"https:\/\/madelinefashion.pl\/en\/wp-json\/wp\/v2\/product\/23627","targetHints":{"allow":["GET"]}}],"collection":[{"href":"https:\/\/madelinefashion.pl\/en\/wp-json\/wp\/v2\/product"}],"about":[{"href":"https:\/\/madelinefashion.pl\/en\/wp-json\/wp\/v2\/types\/product"}],"wp:featuredmedia":[{"embeddable":true,"href":"https:\/\/madelinefashion.pl\/en\/wp-json\/wp\/v2\/media\/74143"}],"wp:attachment":[{"href":"https:\/\/madelinefashion.pl\/en\/wp-json\/wp\/v2\/media?parent=23627"}],"wp:term":[{"taxonomy":"product_brand","embeddable":true,"href":"https:\/\/madelinefashion.pl\/en\/wp-json\/wp\/v2\/product_brand?post=23627"},{"taxonomy":"product_cat","embeddable":true,"href":"https:\/\/madelinefashion.pl\/en\/wp-json\/wp\/v2\/product_cat?post=23627"},{"taxonomy":"product_tag","embeddable":true,"href":"https:\/\/madelinefashion.pl\/en\/wp-json\/wp\/v2\/product_tag?post=23627"}],"curies":[{"name":"wp","href":"https:\/\/api.w.org\/{rel}","templated":true}]}}