{"id":23663,"date":"2021-11-11T14:10:43","date_gmt":"2021-11-11T13:10:43","guid":{"rendered":"https:\/\/madelinefashion.pl\/?post_type=product&#038;p=23663"},"modified":"2026-02-16T15:02:27","modified_gmt":"2026-02-16T14:02:27","slug":"brazowe-botki-wywijane-klasyczne-na-slupku","status":"publish","type":"product","link":"https:\/\/madelinefashion.pl\/en\/product\/brazowe-botki-wywijane-klasyczne-na-slupku\/","title":{"rendered":"Classic brown ankle boots, rolled up on a post"},"content":{"rendered":"<h3 style=\"text-align: center;\">Classic brown ankle boots, rolled up on a post<\/h3>\n<p style=\"text-align: center;\"><strong>Brown pointed ankle boots<\/strong> it is a perfect solution for more important social meetings. Extremely comfortable and comfortable thanks to the use of optimal profiling for a woman&#039;s delicate foot and a soft insole. You will be happy to adjust the roll-up boots on the post to numerous styles. Black shoes with a pointed toe optically lengthening the legs and an upper ending above the ankle.<strong> Fastened with a zipper on the inside.<\/strong> Made of<strong> eco leather<\/strong>,<strong> slightly insulated<\/strong> . Classic Black Rollover Boots on a post are an absolute must-have. They will perfectly complement both outfits with trousers and dresses.<\/p>\n<h3 style=\"text-align: center;\">Characteristics:<\/h3>\n<ul>\n<li style=\"text-align: center;\">Boots with a turned up shaft - elegance and pleasure to use<\/li>\n<li style=\"text-align: center;\">Fashionable - recommended by bloggers<\/li>\n<li style=\"text-align: center;\">A solid heel - they are stable in use<\/li>\n<li style=\"text-align: center;\">Comfortable - you will spend the whole day in them comfortably<\/li>\n<li style=\"text-align: center;\">Classic look - universal and timeless design<\/li>\n<\/ul>\n<p>&nbsp;<\/p>\n<h3 style=\"text-align: center;\">Dimensions<\/h3>\n<ul>\n<li style=\"text-align: center;\">Heel height 9 cm<\/li>\n<li style=\"text-align: center;\">Material: eco suede<\/li>\n<li style=\"text-align: center;\">Shaft height 22 cm<\/li>\n<li style=\"text-align: center;\">Shaft circumference 33 - 37 cm<br \/>\n<table class=\"table\" width=\"540\">\n<thead>\n<tr>\n<td width=\"216\"><strong>EU size<\/strong><\/td>\n<td width=\"316\"><strong>The length of the insert<\/strong><\/td>\n<\/tr>\n<\/thead>\n<tbody>\n<tr>\n<td width=\"216\"><strong>36<\/strong><\/td>\n<td width=\"316\">23.5 cm<\/td>\n<\/tr>\n<tr>\n<td width=\"216\"><strong>37<\/strong><\/td>\n<td width=\"316\">24 cm<\/td>\n<\/tr>\n<tr>\n<td width=\"216\"><strong>38<\/strong><\/td>\n<td width=\"316\">24.5 cm<\/td>\n<\/tr>\n<tr>\n<td width=\"216\"><strong>39<\/strong><\/td>\n<td width=\"316\">25 cm<\/td>\n<\/tr>\n<tr>\n<td width=\"216\"><strong>40<\/strong><\/td>\n<td width=\"316\">25.5 cm<\/td>\n<\/tr>\n<tr>\n<td width=\"216\"><strong>41<\/strong><\/td>\n<td width=\"316\">26 cm<\/td>\n<\/tr>\n<\/tbody>\n<\/table>\n<\/li>\n<\/ul>\n<div class=\"wrap-content\">\n<div class=\"main-container container\">\n<div class=\"row\">\n<section class=\"main-content sidebar-left-false\">\n<div class=\"product-page page\">\n<div class=\"page-content\">\n<div id=\"ProductSizing\" class=\"product-sizing modal fade in\" tabindex=\"-1\" role=\"dialog\" aria-hidden=\"false\">\n<div class=\"modal-dialog\">\n<div class=\"modal-content\">\n<p>&nbsp;<\/p>\n<\/div>\n<\/div>\n<\/div>\n<\/div>\n<\/div>\n<\/section>\n<\/div>\n<\/div>\n<\/div>\n<table>\n<tbody>\n<tr>\n<td width=\"302\">Model name<\/td>\n<td width=\"302\">Classic black ankle boots, folded over a post<\/td>\n<\/tr>\n<tr>\n<td width=\"302\">Color<\/td>\n<td width=\"302\">Brown<\/td>\n<\/tr>\n<tr>\n<td width=\"302\">Sizes<\/td>\n<td width=\"302\">36 37\u00a0 38\u00a0 39 40 41<\/td>\n<\/tr>\n<tr>\n<td width=\"302\">Material<\/td>\n<td width=\"302\">Eco-leather<\/td>\n<\/tr>\n<tr>\n<td width=\"302\">Warming<\/td>\n<td width=\"302\">Yes<\/td>\n<\/tr>\n<tr>\n<td width=\"302\">Clasp<\/td>\n<td width=\"302\">Lock<\/td>\n<\/tr>\n<tr>\n<td width=\"302\">Collection<\/td>\n<td width=\"302\">Spring \/ Autumn \/ Winter<\/td>\n<\/tr>\n<\/tbody>\n<\/table>\n<div class=\"tabs tabs-bb clear mb-80\">\n<div class=\"tab-content\">\n<div id=\"tab-description\" class=\"tab-pane fade in woocommerce-Tabs-panel--description active\">\n<p style=\"text-align: center;\">\n<\/div>\n<\/div>\n<\/div>\n<section class=\"up-sells upsells products mb-80\"><\/section>\n<p style=\"text-align: center;\">","protected":false},"excerpt":{"rendered":"<p>Br\u0105zowe Botki Wywijane Klasyczne Na S\u0142upku Br\u0105zowe botki w szpic to doskona\u0142e rozwi\u0105zanie na wa\u017cniejsze spotkania towarzyskie. Niezwykle wygodne i komfortowe dzi\u0119ki zastosowaniu optymalnego wyprofilowania do kobiecej delikatnej stopy oraz mi\u0119kkiej wk\u0142adce. Wywijane botki na s\u0142upku z przyjemno\u015bci\u0105 dopasujesz do licznych stylizacji. Czarne buty ze szpiczastym noskiem optycznie wyd\u0142u\u017caj\u0105cym nogi oraz cholewk\u0105 ko\u0144cz\u0105c\u0105 si\u0119 nad<\/p>\n<div class=\"klb-readmore post-buttons\"><a class=\"button black outline size-sm\" href=\"https:\/\/madelinefashion.pl\/en\/product\/brazowe-botki-wywijane-klasyczne-na-slupku\/\">Read More <i class=\"klbth-icon-right-arrow\"><\/i><\/a><\/div>","protected":false},"featured_media":23661,"template":"","meta":[],"product_brand":[],"product_cat":[400,395],"product_tag":[492],"class_list":{"0":"post-23663","1":"product","2":"type-product","3":"status-publish","4":"has-post-thumbnail","6":"product_cat-buty","7":"product_cat-nowosci","8":"product_tag-botki","10":"first","11":"instock","12":"sale","13":"purchasable","14":"product-type-variable"},"_links":{"self":[{"href":"https:\/\/madelinefashion.pl\/en\/wp-json\/wp\/v2\/product\/23663","targetHints":{"allow":["GET"]}}],"collection":[{"href":"https:\/\/madelinefashion.pl\/en\/wp-json\/wp\/v2\/product"}],"about":[{"href":"https:\/\/madelinefashion.pl\/en\/wp-json\/wp\/v2\/types\/product"}],"wp:featuredmedia":[{"embeddable":true,"href":"https:\/\/madelinefashion.pl\/en\/wp-json\/wp\/v2\/media\/23661"}],"wp:attachment":[{"href":"https:\/\/madelinefashion.pl\/en\/wp-json\/wp\/v2\/media?parent=23663"}],"wp:term":[{"taxonomy":"product_brand","embeddable":true,"href":"https:\/\/madelinefashion.pl\/en\/wp-json\/wp\/v2\/product_brand?post=23663"},{"taxonomy":"product_cat","embeddable":true,"href":"https:\/\/madelinefashion.pl\/en\/wp-json\/wp\/v2\/product_cat?post=23663"},{"taxonomy":"product_tag","embeddable":true,"href":"https:\/\/madelinefashion.pl\/en\/wp-json\/wp\/v2\/product_tag?post=23663"}],"curies":[{"name":"wp","href":"https:\/\/api.w.org\/{rel}","templated":true}]}}